{"id":2285,"date":"2025-04-23T12:12:25","date_gmt":"2025-04-23T10:12:25","guid":{"rendered":"https:\/\/www.okaju.lu\/?page_id=2285"},"modified":"2025-11-21T13:14:45","modified_gmt":"2025-11-21T12:14:45","slug":"un-centenaire-est-loccasion-de-faire-le-bilan","status":"publish","type":"page","link":"https:\/\/www.okaju.lu\/de\/100-2\/un-centenaire-est-loccasion-de-faire-le-bilan\/","title":{"rendered":"Un centenaire est l\u2019occasion de faire le bilan"},"content":{"rendered":"\t\t<div data-elementor-type=\"wp-page\" data-elementor-id=\"2285\" class=\"elementor elementor-2285\" data-elementor-post-type=\"page\">\n\t\t\t\t<div class=\"elementor-element elementor-element-70fabf2 e-flex e-con-boxed e-con e-parent\" data-id=\"70fabf2\" data-element_type=\"container\" data-e-type=\"container\">\n\t\t\t\t\t<div class=\"e-con-inner\">\n\t\t\t\t<div class=\"elementor-element elementor-element-e5f7486 elementor-widget elementor-widget-heading\" data-id=\"e5f7486\" data-element_type=\"widget\" data-e-type=\"widget\" data-widget_type=\"heading.default\">\n\t\t\t\t<div class=\"elementor-widget-container\">\n\t\t\t\t\t<h2 class=\"elementor-heading-title elementor-size-default\">Un centenaire est l\u2019occasion de faire le bilan<\/h2>\t\t\t\t<\/div>\n\t\t\t\t<\/div>\n\t\t\t\t<div class=\"elementor-element elementor-element-b50d084 elementor-widget elementor-widget-text-editor\" data-id=\"b50d084\" data-element_type=\"widget\" data-e-type=\"widget\" data-widget_type=\"text-editor.default\">\n\t\t\t\t<div class=\"elementor-widget-container\">\n\t\t\t\t\t\t\t\t\t<h6><i>Ann Skelton<\/i><\/h6>\t\t\t\t\t\t\t\t<\/div>\n\t\t\t\t<\/div>\n\t\t\t\t<div class=\"elementor-element elementor-element-55554c0 elementor-widget elementor-widget-text-editor\" data-id=\"55554c0\" data-element_type=\"widget\" data-e-type=\"widget\" data-widget_type=\"text-editor.default\">\n\t\t\t\t<div class=\"elementor-widget-container\">\n\t\t\t\t\t\t\t\t\t<p>Ann Marie Skelton (n\u00e9e le 13 juillet 1961) est une juriste sud-africaine et une militante des droits de l\u2019enfant, pr\u00e9sidente du Comit\u00e9 des droits de l\u2019enfant des Nations Unies depuis mai 2023. Elle est professeur de droit priv\u00e9 \u00e0 l\u2019Universit\u00e9 de Pretoria, o\u00f9 elle est titulaire de la Chaire UNESCO en droit de l\u2019\u00e9ducation en Afrique. Elle est \u00e9galement titulaire de la Chaire en droits de l\u2019enfant dans un monde durable \u00e0 l\u2019Universit\u00e9 de Leiden.<br \/>Sp\u00e9cialiste du droit des mineurs, Mme. Skelton s\u2019est fait conna\u00eetre en tant qu\u2019avocate et d\u00e9fenseure des droits de l\u2019Homme, d\u2019abord au sein d\u2019organisations \u00e0 but non lucratif, puis dans le cadre du programme de contentieux strat\u00e9gique du Centre pour le droit de l\u2019enfant de l\u2019Universit\u00e9 de Pretoria, qu\u2019elle a dirig\u00e9. Elle a en outre jou\u00e9 un r\u00f4le important dans la r\u00e9forme du droit de l\u2019enfance dans l\u2019Afrique du Sud post-apartheid, en tant que membre de la Commission sud-africaine de r\u00e9forme du droit, et plus particuli\u00e8rement dans sa fonction de pr\u00e9sidente du comit\u00e9 qui a r\u00e9dig\u00e9 la loi de 2008 sur la justice pour les enfants.<\/p>\t\t\t\t\t\t\t\t<\/div>\n\t\t\t\t<\/div>\n\t\t\t\t<div class=\"elementor-element elementor-element-bcf2d0b elementor-widget elementor-widget-text-editor\" data-id=\"bcf2d0b\" data-element_type=\"widget\" data-e-type=\"widget\" data-widget_type=\"text-editor.default\">\n\t\t\t\t<div class=\"elementor-widget-container\">\n\t\t\t\t\t\t\t\t\t<p><span data-contrast=\"none\">Un centenaire est l\u2019occasion de faire le bilan \u2013 et ce livre nous permet de d\u00e9couvrir une s\u00e9rie de r\u00e9flexions et d\u2019id\u00e9es n\u00e9es durant ce si\u00e8cle, de contempler la situation actuelle et d\u2019envisager l\u2019avenir des droits de l\u2019enfant. Le centi\u00e8me anniversaire de la D\u00e9claration de Gen\u00e8ve sur les droits de l\u2019enfant nous invite \u00e9galement \u00e0 nous souvenir de l\u2019\u0153uvre pionni\u00e8re de l\u2019anglaise Eglantyne Jebb, mentionn\u00e9e dans plusieurs chapitres, et de celle de Janusz Korczak, autre figure de proue de la r\u00e9flexion sur les droits de l\u2019enfant, mort avec deux cents enfants au camp d\u2019extermination de Treblinka en 1942, 18 ans seulement apr\u00e8s l\u2019adoption de la D\u00e9claration.<\/span><span data-ccp-props=\"{&quot;201341983&quot;:0,&quot;335551550&quot;:6,&quot;335551620&quot;:6,&quot;335559685&quot;:-567,&quot;335559737&quot;:-568,&quot;335559739&quot;:0,&quot;335559740&quot;:240}\">\u00a0<\/span><\/p>\n<p><span data-contrast=\"none\">La dure r\u00e9alit\u00e9 de millions d\u2019enfants mourant de faim a pouss\u00e9 Eglantyne Jebb \u00e0 trouver des solutions pour les enfants victimes de la guerre. Eglantyne et sa s\u0153ur Dorothy Buxton se sont efforc\u00e9es d\u2019attirer la sympathie de l\u2019opinion publique sur les enfants de l\u2019ennemi, afin qu\u2019eux aussi soient prot\u00e9g\u00e9s de la famine. Malheureusement la mission des s\u0153urs reste inachev\u00e9e. Les enfants subissent \u00e0 nouveau les cons\u00e9quences de la guerre et des millions d\u2019entre eux sont confront\u00e9s \u00e0 la malnutrition. Selon les recherches de Save the Children, 473 millions d\u2019enfants dans le monde vivent dans des zones de guerre<\/span><span data-contrast=\"none\">1<\/span><span data-contrast=\"none\">. Les six violations graves des droits de l\u2019enfant en temps de guerre, dont le Conseil de s\u00e9curit\u00e9 des Nations unies suit \u00e9troitement l\u2019\u00e9volution, ont atteint des niveaux extr\u00eames ces derni\u00e8res ann\u00e9es. Les meurtres et les mutilations, le recrutement et l\u2019exploitation d\u2019enfants, le refus d\u2019acc\u00e8s \u00e0 l\u2019aide humanitaire et les enl\u00e8vements figuraient en t\u00eate de la liste des violations v\u00e9rifi\u00e9es en 2023, d\u2019apr\u00e8s le rapport du Secr\u00e9taire g\u00e9n\u00e9ral pour les enfants et les conflits arm\u00e9s publi\u00e9 en 2024<\/span><span data-contrast=\"none\">2<\/span><span data-contrast=\"none\">. Le rapport indique que des enfants ont \u00e9t\u00e9 \u00ab\u202ftu\u00e9s et mutil\u00e9s en nombre sans pr\u00e9c\u00e9dent lors de crises d\u00e9vastatrices en Isra\u00ebl et dans les territoires palestiniens occup\u00e9s, notamment dans la bande de Gaza, mais aussi au Burkina Faso, en R\u00e9publique d\u00e9mocratique du Congo, au Myanmar, en Somalie, au Soudan, en Syrie ou en Ukraine, parmi bien d\u2019autres pays\u202f\u00bb<\/span><span data-contrast=\"none\">3<\/span><span data-contrast=\"none\">.<\/span><span data-ccp-props=\"{&quot;201341983&quot;:0,&quot;335551550&quot;:6,&quot;335551620&quot;:6,&quot;335559685&quot;:-567,&quot;335559737&quot;:-568,&quot;335559739&quot;:0,&quot;335559740&quot;:240}\">\u00a0<\/span><\/p>\n<p><span data-contrast=\"none\">Le Comit\u00e9 des droits de l\u2019enfant a appel\u00e9 \u00e0 des cessez-le-feu, \u00e0 un retour aux principes fondamentaux du droit humanitaire et \u00e0 des enqu\u00eates approfondies et impartiales sur toutes les violations graves commises \u00e0 l\u2019encontre des enfants dans le cadre des conflits arm\u00e9s<\/span><span data-contrast=\"none\">4<\/span><span data-contrast=\"none\">. Eglantyne Jebb et Janusz Korczak n\u2019en attendraient pas moins de ceux d\u2019entre nous qui marchent dans leurs pas et dont la t\u00e2che consiste \u00e0 assurer la mise en \u0153uvre du texte qui a succ\u00e9d\u00e9 \u00e0 la D\u00e9claration de 1924 \u2013 la Convention internationale des droits de l\u2019enfant.<\/span><span data-ccp-props=\"{&quot;201341983&quot;:0,&quot;335551550&quot;:6,&quot;335551620&quot;:6,&quot;335559685&quot;:-567,&quot;335559737&quot;:-568,&quot;335559739&quot;:0,&quot;335559740&quot;:240}\">\u00a0<\/span><\/p>\n<p><span data-contrast=\"none\">En 2023, la Cour p\u00e9nale internationale a \u00e9mis un mandat d\u2019arr\u00eat \u00e0 l\u2019encontre de la Commissaire aux droits des enfants aupr\u00e8s du pr\u00e9sident de la f\u00e9d\u00e9ration de Russie pour son r\u00f4le dans le crime de guerre que constitue la d\u00e9portation et le transfert ill\u00e9gaux d\u2019enfants des zones occup\u00e9es de l\u2019Ukraine vers la F\u00e9d\u00e9ration de Russie. Cette affaire nous rappelle brutalement \u00e0 quel point l\u2019ind\u00e9pendance des institutions internationales de d\u00e9fense des droits de l\u2019enfant est cruciale. Il s\u2019agit d\u2019une valeur fondamentale qui doit \u00eatre d\u00e9fendue \u2013 \u00e0 travers les processus de nomination et dans tous les autres aspects du travail. Certains chapitres de ce livre nous rappellent l\u2019importance du travail de ces institutions. D\u2019autres r\u00e9fl\u00e9chissent \u00e0 la valeur de l\u2019incorporation des droits \u00e9num\u00e9r\u00e9s par la Convention dans les l\u00e9gislations nationales. Il est rafra\u00eechissant de lire comment cette incorporation a eu lieu en \u00c9cosse, \u00e0 une \u00e9poque o\u00f9 les droits de l\u2019enfant sont de plus en plus bafou\u00e9s. La participation des enfants est un autre \u00e9l\u00e9ment important mis en \u00e9vidence dans certains chapitres du livre. Pour comprendre la mani\u00e8re dont les enfants eux-m\u00eames vivent leurs droits et traduire cela en changements positifs au niveau national, nous devons entendre ceux qui sont au plus pr\u00e8s du terrain. Apr\u00e8s tout, c\u2019est au niveau local que se fait le v\u00e9ritable travail de la communaut\u00e9 internationale des droits de l\u2019enfant.<\/span><span data-ccp-props=\"{&quot;201341983&quot;:0,&quot;335551550&quot;:6,&quot;335551620&quot;:6,&quot;335559685&quot;:-567,&quot;335559737&quot;:-568,&quot;335559739&quot;:0,&quot;335559740&quot;:240}\">\u00a0<\/span><\/p>\t\t\t\t\t\t\t\t<\/div>\n\t\t\t\t<\/div>\n\t\t\t\t<div class=\"elementor-element elementor-element-44a9215 elementor-icon-list--layout-inline elementor-list-item-link-full_width elementor-widget elementor-widget-icon-list\" data-id=\"44a9215\" data-element_type=\"widget\" data-e-type=\"widget\" data-widget_type=\"icon-list.default\">\n\t\t\t\t<div class=\"elementor-widget-container\">\n\t\t\t\t\t\t\t<ul class=\"elementor-icon-list-items elementor-inline-items\">\n\t\t\t\t\t\t\t<li class=\"elementor-icon-list-item elementor-inline-item\">\n\t\t\t\t\t\t\t\t\t\t\t<a href=\"https:\/\/www.okaju.lu\/wp-content\/uploads\/2025\/04\/Extrait_Skelton_Un-siecle-de-droits-de-lenfants.pdf\" target=\"_blank\">\n\n\t\t\t\t\t\t\t\t\t\t\t\t<span class=\"elementor-icon-list-icon\">\n\t\t\t\t\t\t\t<svg aria-hidden=\"true\" class=\"e-font-icon-svg e-far-file-pdf\" viewBox=\"0 0 384 512\" xmlns=\"http:\/\/www.w3.org\/2000\/svg\"><path d=\"M369.9 97.9L286 14C277 5 264.8-.1 252.1-.1H48C21.5 0 0 21.5 0 48v416c0 26.5 21.5 48 48 48h288c26.5 0 48-21.5 48-48V131.9c0-12.7-5.1-25-14.1-34zM332.1 128H256V51.9l76.1 76.1zM48 464V48h160v104c0 13.3 10.7 24 24 24h104v288H48zm250.2-143.7c-12.2-12-47-8.7-64.4-6.5-17.2-10.5-28.7-25-36.8-46.3 3.9-16.1 10.1-40.6 5.4-56-4.2-26.2-37.8-23.6-42.6-5.9-4.4 16.1-.4 38.5 7 67.1-10 23.9-24.9 56-35.4 74.4-20 10.3-47 26.2-51 46.2-3.3 15.8 26 55.2 76.1-31.2 22.4-7.4 46.8-16.5 68.4-20.1 18.9 10.2 41 17 55.8 17 25.5 0 28-28.2 17.5-38.7zm-198.1 77.8c5.1-13.7 24.5-29.5 30.4-35-19 30.3-30.4 35.7-30.4 35zm81.6-190.6c7.4 0 6.7 32.1 1.8 40.8-4.4-13.9-4.3-40.8-1.8-40.8zm-24.4 136.6c9.7-16.9 18-37 24.7-54.7 8.3 15.1 18.9 27.2 30.1 35.5-20.8 4.3-38.9 13.1-54.8 19.2zm131.6-5s-5 6-37.3-7.8c35.1-2.6 40.9 5.4 37.3 7.8z\"><\/path><\/svg>\t\t\t\t\t\t<\/span>\n\t\t\t\t\t\t\t\t\t\t<span class=\"elementor-icon-list-text\">T\u00e9l\u00e9chargez l'article au format PDF<\/span>\n\t\t\t\t\t\t\t\t\t\t\t<\/a>\n\t\t\t\t\t\t\t\t\t<\/li>\n\t\t\t\t\t\t<\/ul>\n\t\t\t\t\t\t<\/div>\n\t\t\t\t<\/div>\n\t\t\t\t\t<\/div>\n\t\t\t\t<\/div>\n\t\t<div class=\"elementor-element elementor-element-b976d11 e-flex e-con-boxed e-con e-parent\" data-id=\"b976d11\" data-element_type=\"container\" data-e-type=\"container\">\n\t\t\t\t\t<div class=\"e-con-inner\">\n\t\t\t\t<div class=\"elementor-element elementor-element-12b2e30 elementor-widget elementor-widget-post-navigation\" data-id=\"12b2e30\" data-element_type=\"widget\" data-e-type=\"widget\" data-widget_type=\"post-navigation.default\">\n\t\t\t\t<div class=\"elementor-widget-container\">\n\t\t\t\t\t\t\t<div class=\"elementor-post-navigation\" role=\"navigation\" aria-label=\"Beitrag Navigation\">\n\t\t\t<div class=\"elementor-post-navigation__prev elementor-post-navigation__link\">\n\t\t\t\t<a href=\"https:\/\/www.okaju.lu\/de\/100-joer-kannerrechter\/\" rel=\"prev\"><span class=\"elementor-post-navigation__link__prev\"><span class=\"post-navigation__prev--label\">Chapitre pr\u00e9c\u00e9dent<\/span><span class=\"post-navigation__prev--title\">100 Joer Kannerrechter<\/span><\/span><\/a>\t\t\t<\/div>\n\t\t\t\t\t\t<div class=\"elementor-post-navigation__next elementor-post-navigation__link\">\n\t\t\t\t<a href=\"https:\/\/www.okaju.lu\/de\/100-2\/un-siecle-de-droits-de-lenfant-un-heritage-et-un-engagement-international-a-lepreuve-du-temps\/\" rel=\"next\"><span class=\"elementor-post-navigation__link__next\"><span class=\"post-navigation__next--label\">Chapitre suivant<\/span><span class=\"post-navigation__next--title\">Un si\u00e8cle de droits de l\u2019enfant\u00a0: un h\u00e9ritage et un engagement international \u00e0 l\u2019\u00e9preuve du temps<\/span><\/span><\/a>\t\t\t<\/div>\n\t\t<\/div>\n\t\t\t\t\t\t<\/div>\n\t\t\t\t<\/div>\n\t\t\t\t\t<\/div>\n\t\t\t\t<\/div>\n\t\t\t\t<\/div>\n\t\t","protected":false},"excerpt":{"rendered":"<p>Ann Skelton Ann Marie Skelton (n\u00e9e le 13 juillet 1961) est une juriste sud-africaine et une militante des droits de l\u2019enfant, pr\u00e9sidente du Comit\u00e9 des droits de l\u2019enfant des Nations Unies depuis mai 2023. Elle est professeur de droit priv\u00e9 \u00e0 l\u2019Universit\u00e9 de Pretoria, o\u00f9 elle est titulaire de la Chaire UNESCO en droit de [&hellip;]<\/p>\n","protected":false},"author":3,"featured_media":0,"parent":2218,"menu_order":0,"comment_status":"closed","ping_status":"closed","template":"","meta":{"_acf_changed":false,"footnotes":""},"article-cdie":[],"dossier":[176],"class_list":["post-2285","page","type-page","status-publish","hentry","dossier-centenaire"],"acf":[],"_links":{"self":[{"href":"https:\/\/www.okaju.lu\/de\/wp-json\/wp\/v2\/pages\/2285","targetHints":{"allow":["GET"]}}],"collection":[{"href":"https:\/\/www.okaju.lu\/de\/wp-json\/wp\/v2\/pages"}],"about":[{"href":"https:\/\/www.okaju.lu\/de\/wp-json\/wp\/v2\/types\/page"}],"author":[{"embeddable":true,"href":"https:\/\/www.okaju.lu\/de\/wp-json\/wp\/v2\/users\/3"}],"replies":[{"embeddable":true,"href":"https:\/\/www.okaju.lu\/de\/wp-json\/wp\/v2\/comments?post=2285"}],"version-history":[{"count":13,"href":"https:\/\/www.okaju.lu\/de\/wp-json\/wp\/v2\/pages\/2285\/revisions"}],"predecessor-version":[{"id":2392,"href":"https:\/\/www.okaju.lu\/de\/wp-json\/wp\/v2\/pages\/2285\/revisions\/2392"}],"up":[{"embeddable":true,"href":"https:\/\/www.okaju.lu\/de\/wp-json\/wp\/v2\/pages\/2218"}],"wp:attachment":[{"href":"https:\/\/www.okaju.lu\/de\/wp-json\/wp\/v2\/media?parent=2285"}],"wp:term":[{"taxonomy":"article-cdie","embeddable":true,"href":"https:\/\/www.okaju.lu\/de\/wp-json\/wp\/v2\/article-cdie?post=2285"},{"taxonomy":"dossier","embeddable":true,"href":"https:\/\/www.okaju.lu\/de\/wp-json\/wp\/v2\/dossier?post=2285"}],"curies":[{"name":"wp","href":"https:\/\/api.w.org\/{rel}","templated":true}]}}