{"id":2303,"date":"2025-04-23T12:48:54","date_gmt":"2025-04-23T10:48:54","guid":{"rendered":"https:\/\/www.okaju.lu\/?page_id=2303"},"modified":"2025-11-21T13:14:45","modified_gmt":"2025-11-21T12:14:45","slug":"un-siecle-de-droits-de-lenfant-un-heritage-et-un-engagement-international-a-lepreuve-du-temps","status":"publish","type":"page","link":"https:\/\/www.okaju.lu\/de\/100-2\/un-siecle-de-droits-de-lenfant-un-heritage-et-un-engagement-international-a-lepreuve-du-temps\/","title":{"rendered":"Un si\u00e8cle de droits de l\u2019enfant\u00a0: un h\u00e9ritage et un engagement international \u00e0 l\u2019\u00e9preuve du temps"},"content":{"rendered":"\t\t<div data-elementor-type=\"wp-page\" data-elementor-id=\"2303\" class=\"elementor elementor-2303\" data-elementor-post-type=\"page\">\n\t\t\t\t<div class=\"elementor-element elementor-element-b1d805e e-flex e-con-boxed e-con e-parent\" data-id=\"b1d805e\" data-element_type=\"container\" data-e-type=\"container\">\n\t\t\t\t\t<div class=\"e-con-inner\">\n\t\t\t\t<div class=\"elementor-element elementor-element-22344a7 elementor-widget elementor-widget-heading\" data-id=\"22344a7\" data-element_type=\"widget\" data-e-type=\"widget\" data-widget_type=\"heading.default\">\n\t\t\t\t<div class=\"elementor-widget-container\">\n\t\t\t\t\t<h2 class=\"elementor-heading-title elementor-size-default\">Un si\u00e8cle de droits de l\u2019enfant\u00a0: un h\u00e9ritage et un engagement international \u00e0 l\u2019\u00e9preuve du temps<\/h2>\t\t\t\t<\/div>\n\t\t\t\t<\/div>\n\t\t\t\t<div class=\"elementor-element elementor-element-b649a3c elementor-widget elementor-widget-text-editor\" data-id=\"b649a3c\" data-element_type=\"widget\" data-e-type=\"widget\" data-widget_type=\"text-editor.default\">\n\t\t\t\t<div class=\"elementor-widget-container\">\n\t\t\t\t\t\t\t\t\t<h6><i>Charel Schmit<\/i><\/h6>\t\t\t\t\t\t\t\t<\/div>\n\t\t\t\t<\/div>\n\t\t\t\t<div class=\"elementor-element elementor-element-5312a85 elementor-widget elementor-widget-text-editor\" data-id=\"5312a85\" data-element_type=\"widget\" data-e-type=\"widget\" data-widget_type=\"text-editor.default\">\n\t\t\t\t<div class=\"elementor-widget-container\">\n\t\t\t\t\t\t\t\t\t<p>Charel Schmit, p\u00e9dagogue, a travaill\u00e9 comme ma\u00eetre de conf\u00e9rences \u00e0 l\u2019Universit\u00e9 du Luxembourg et membre de l\u2019unit\u00e9 de recherche INSIDE. Outre la mise en place d\u2019un programme d\u2019\u00e9tudes de bachelor en sciences sociales et \u00e9ducatives pour les travailleurs sociaux, ses principaux sujets \u00e9taient le travail communautaire, les services sociaux de proximit\u00e9, l\u2019\u00e9thique professionnelle et les droits de l\u2019enfant. De 2012 \u00e0 2020, il a travaill\u00e9 comme \u00ab\u00a0p\u00e9dagogue-enseignant\u00a0\u00bb au \u00ab\u00a0Lyc\u00e9e technique pour professions \u00e9ducatives et sociales\u00a0\u00bb (LTPES). De 2005 \u00e0 2020, Monsieur Schmit a \u00e9t\u00e9 pr\u00e9sident de l\u2019ANCES &#8211; Association nationale des communaut\u00e9s \u00e9ducatives et sociales, une plateforme de travail social pour les professionnels et les acteurs du secteur social au Luxembourg. Schmit \u00e9tait membre de la Commission nationale de l\u2019UNESCO depuis 2006 et membre de la commission consultative des droits de l\u2019homme au Luxembourg de 2014 \u00e0 2021. De 2020 \u00e0 2021, il fut nomm\u00e9 par le Minist\u00e8re de la Justice et le Minist\u00e8re de l\u2019\u00c9ducation nationale, de l\u2019Enfance et de la Jeunesse comme coordinateur des travaux pr\u00e9paratoires de la r\u00e9forme l\u00e9gislative du syst\u00e8me de justice et de protection de l\u2019enfance au Luxembourg. Le 1er f\u00e9vrier 2021, il succ\u00e8de \u00e0 M. Ren\u00e9 Schlechter comme \u00ab\u00a0Ombudsman fir Kanner a Jugendlecher\u00a0\u00bb (OKAJU) pour un mandat de huit ans.<\/p>\t\t\t\t\t\t\t\t<\/div>\n\t\t\t\t<\/div>\n\t\t\t\t<div class=\"elementor-element elementor-element-f1b307f elementor-widget elementor-widget-text-editor\" data-id=\"f1b307f\" data-element_type=\"widget\" data-e-type=\"widget\" data-widget_type=\"text-editor.default\">\n\t\t\t\t<div class=\"elementor-widget-container\">\n\t\t\t\t\t\t\t\t\t<h4>A world fit for children is a world fit for everyone<\/h4>\n<p style=\"padding-left: 80px;\"><em>Gabriela Azurduy Arrieta (13) once said, in 2002, voicing a message to world leaders crafted by 400 children to address the UN General Assembly for the very first time, \u2018a world fit for children \u2026 is a world fit for everyone\u2019.<\/em><\/p>\n<p>L\u2019an 2024 a marqu\u00e9 un si\u00e8cle de lutte et d\u2019avanc\u00e9es significatives pour les droits de l\u2019enfant. En adoptant la D\u00e9claration de Gen\u00e8ve en 1924, la communaut\u00e9 internationale a pos\u00e9 un jalon historique\u00a0: les fondations d\u2018un mouvement international de d\u00e9fense des droits de l\u2019enfant, d\u2019un engagement sans pr\u00e9c\u00e9dent pour am\u00e9liorer les conditions de vie et le bien-\u00eatre des enfants du monde entier. La pr\u00e9sente publication est destin\u00e9e \u00e0 rendre hommage \u00e0 l\u2019esprit pionnier d\u2019un mouvement social centenaire trop peu palpable dans la m\u00e9moire collective. Elle est le fruit et le suivi d\u2019une conf\u00e9rence donn\u00e9e par le Dr. Philip Veerman sur invitation de l\u2019OKAJU ayant eu lieu le 23 f\u00e9vrier 2023 au M\u00ebnscherechtshaus au Luxembourg, sous les auspices de la Commission luxembourgeoise pour l\u2018UNESCO.<\/p>\n<p>Aujourd\u2018hui, 100 ans apr\u00e8s la D\u00e9claration de Gen\u00e8ve et 35 ans depuis l\u2019adoption de la Convention des Nations Unies relative aux droits de l\u2019enfant (CRDE), nous sommes malheureusement encore confront\u00e9s \u00e0 un risque de r\u00e9gression dans le domaine des droits et de la protection des enfants. Les crises mondiales et notamment les violences, les conflits, l\u2019arriv\u00e9e du monde num\u00e9rique et les in\u00e9galit\u00e9s sociales de plus en plus prononc\u00e9es font peser une lourde charge sur les enfants. La pand\u00e9mie a aggrav\u00e9 les injustices existantes et plong\u00e9 de nombreux enfants dans des situations pr\u00e9caires. S\u2019y ajoutent des discours conservateurs, r\u00e9trogrades, arri\u00e9ristes, ou encore des normes sociales, mentalit\u00e9s et id\u00e9ologies r\u00e9pressives des droits, remettant en question les droits humains en g\u00e9n\u00e9ral et les droits de l\u2019enfant en particulier.<\/p>\n<p>Le souvenir du mouvement historique des droits de l\u2018enfant doit \u00e0 la fois nous inspirer, nous encourager et nous obliger \u00e0 poursuivre notre engagement en faveur de la lutte pour les droits de l\u2019enfant afin de mieux prot\u00e9ger le bien-\u00eatre des enfants en cette p\u00e9riode d\u2018incertitude et de changement. Les acquis du pass\u00e9 nous montrent ce que nous pouvons accomplir si nous agissons ensemble pour les droits des enfants. Simultan\u00e9ment, ils nous incitent \u00e0 rester vigilants et \u00e0 nous engager sans rel\u00e2che pour un avenir dans lequel tous les enfants pourront jouir pleinement de leurs droits.<\/p>\n<p>Cette publication a pour but de souligner l\u2018importance des droits de l\u2018enfant et d\u2019inviter \u00e0 une r\u00e9flexion et \u00e0 un d\u00e9bat sur des pistes d\u2018action pour l\u2018avenir. L\u2019ouvrage comportant de multiples perspectives, se veut une contribution modeste au dialogue international actuel sur les droits de l\u2019enfant. Il s\u2018adresse \u00e0 tous ceux et celles qui s\u2018engagent en faveur des droits de l\u2018enfant\u00a0: aux d\u00e9cideurs politiques et autorit\u00e9s publiques, aux professionnels, aux parents, aux jeunes d\u00e9fenseurs des droits humains et \u00e0 tous les acteurs de la soci\u00e9t\u00e9 civile. Que cette lecture soit \u00e9galement source d\u2019inspiration pour les jeunes g\u00e9n\u00e9rations \u00e0 devenir les d\u00e9fenseurs des droits de l\u2018enfant ! <br \/>Le combat pour les droits des enfants a travers\u00e9 un si\u00e8cle de changements, de bouleversements et de r\u00e9inventions. Pourtant, lorsque l\u2019on se tourne vers la r\u00e9alit\u00e9 quotidienne des enfants d\u2019aujourd\u2019hui, on est frapp\u00e9 par une r\u00e9alit\u00e9 tenace\u202f: bien que leurs droits soient formellement reconnus, ils peinent encore \u00e0 \u00eatre pleinement respect\u00e9s. Une contradiction qui, si l\u2019on y r\u00e9fl\u00e9chit, interroge sur notre mani\u00e8re de percevoir les enfants et leurs droits.<\/p>\n<p>Ce livre ne se contente pas de retracer l\u2019histoire. Il pose une question\u202f: sommes-nous pr\u00eats \u00e0 faire de la place aux contributions des enfants ? Non pas \u00e0 les \u00e9couter de temps en temps, mais \u00e0 leur accorder une vraie l\u00e9gitimit\u00e9, \u00e0 les voir comme des partenaires dans la construction du monde qui les entoure. Apr\u00e8s tout, peut-\u00eatre qu\u2019en \u00e9coutant leurs voix, nous finirions par mieux entendre ce qui ne va pas bien dans nos soci\u00e9t\u00e9s et ce que nous devons am\u00e9liorer au profit de tous. \u00ab A world fit for children is a world fit for everyone \u00bb, comme l\u2019a d\u00e9clar\u00e9 Gabriela Azurduy Arrieta, \u00e2g\u00e9e de 13 ans, en 2002, en transmettant aux dirigeants mondiaux un message r\u00e9dig\u00e9 par 400 enfants \u00e0 l\u2019occasion de leur premi\u00e8re intervention devant l\u2019Assembl\u00e9e g\u00e9n\u00e9rale des Nations unies, \u00ab un monde digne des enfants [&#8230;] est un monde digne de tous\u00bb.<\/p>\n<p>Les d\u00e9fis restent immenses. Quand un enfant grandit dans la pauvret\u00e9, quand il doit fuir un conflit, quand il est priv\u00e9 d\u2019une \u00e9ducation de qualit\u00e9, quand il subit des violences, tout cela nous rappelle que les droits de l\u2019enfant ne sont pas encore universellement respect\u00e9s. Mais au-del\u00e0 des urgences visibles, un d\u00e9fi plus insidieux s\u2019impose\u202f: celui de repenser notre relation aux enfants. Ce n\u2019est pas \u00e0 eux de s\u2019adapter au monde des adultes, mais bien \u00e0 nous de cr\u00e9er un environnement qui respecte pleinement leur droit \u00e0 \u00eatre entendus.<\/p>\n<p>Il est facile de tomber dans la facilit\u00e9 d\u2019un discours qui promet des solutions, qui \u00e9nonce des principes. Mais la v\u00e9rit\u00e9, plus complexe, demande de s\u2019immerger dans les pratiques quotidiennes. Comment, dans nos \u00e9coles, dans nos familles, dans nos institutions, faisons-nous de la place pour leurs voix\u00a0? Et comment, \u00e0 tous les niveaux, pouvons-nous encourager une v\u00e9ritable participation, loin des symboles et des fausses repr\u00e9sentations de l\u2019enfance comme une \u00e9tape \u00e0 franchir\u00a0? Le manque d\u2019\u00e9coute, la forme subtile de hi\u00e9rarchisation des voix est encore trop pr\u00e9sent. Comment vaincre l\u2019adultisme et l\u2019infantisme tellement ancr\u00e9s dans nos mentalit\u00e9s\u00a0? Certes, nos soci\u00e9t\u00e9s doivent devenir plus conscientes par rapport \u00e0 la domination sociale des enfants par les adultes.<br \/>L\u2019objectif de ce livre n\u2019est pas un cours d\u2019histoire, mais les articles invitent \u00e0 r\u00e9fl\u00e9chir \u00e0 cette question fondamentale\u202f: sommes-nous pr\u00eats \u00e0 offrir aux enfants non seulement la protection et la s\u00e9curit\u00e9, mais aussi la place qu\u2019ils m\u00e9ritent pour participer \u00e0 la construction du monde qui les entoure\u00a0?<\/p>\n<p>Que tous les auteurs soient vivement remerci\u00e9s de leur contribution respective, de leurs savoirs et r\u00e9flexions partag\u00e9s, de leur engagement pour les droits de l\u2019enfant. De m\u00eame, l\u2019OKAJU est reconnaissant <br \/>envers tous ceux qui ont particip\u00e9 \u00e0 la r\u00e9alisation de ce projet de publication.<\/p>\n<p>Les droits de l\u2018enfant ne sont pas n\u00e9gociables. Ensemble, nous pouvons garantir qu\u2019ils continuent \u00e0 jouer un r\u00f4le central dans notre soci\u00e9t\u00e9 et que les enfants grandissent dans un environnement s\u00fbr, sain et \u00e9panouissant.<br \/>Ce n\u2018est qu\u2018en continuant, main dans la main, sur la lign\u00e9e de la D\u00e9claration de Gen\u00e8ve et les acquis de la Convention des Nations Unies relative aux droits de l\u2019enfant, que nous pourrons construire un avenir meilleur pour et avec les enfants.<\/p>\t\t\t\t\t\t\t\t<\/div>\n\t\t\t\t<\/div>\n\t\t\t\t<div class=\"elementor-element elementor-element-70d0fc7 elementor-icon-list--layout-inline elementor-list-item-link-full_width elementor-widget elementor-widget-icon-list\" data-id=\"70d0fc7\" data-element_type=\"widget\" data-e-type=\"widget\" data-widget_type=\"icon-list.default\">\n\t\t\t\t<div class=\"elementor-widget-container\">\n\t\t\t\t\t\t\t<ul class=\"elementor-icon-list-items elementor-inline-items\">\n\t\t\t\t\t\t\t<li class=\"elementor-icon-list-item elementor-inline-item\">\n\t\t\t\t\t\t\t\t\t\t\t<a href=\"https:\/\/www.okaju.lu\/wp-content\/uploads\/2025\/04\/Extrait_Schmit_Un-siecle-de-droits-de-lenfants.pdf\" target=\"_blank\">\n\n\t\t\t\t\t\t\t\t\t\t\t\t<span class=\"elementor-icon-list-icon\">\n\t\t\t\t\t\t\t<svg aria-hidden=\"true\" class=\"e-font-icon-svg e-far-file-pdf\" viewBox=\"0 0 384 512\" xmlns=\"http:\/\/www.w3.org\/2000\/svg\"><path d=\"M369.9 97.9L286 14C277 5 264.8-.1 252.1-.1H48C21.5 0 0 21.5 0 48v416c0 26.5 21.5 48 48 48h288c26.5 0 48-21.5 48-48V131.9c0-12.7-5.1-25-14.1-34zM332.1 128H256V51.9l76.1 76.1zM48 464V48h160v104c0 13.3 10.7 24 24 24h104v288H48zm250.2-143.7c-12.2-12-47-8.7-64.4-6.5-17.2-10.5-28.7-25-36.8-46.3 3.9-16.1 10.1-40.6 5.4-56-4.2-26.2-37.8-23.6-42.6-5.9-4.4 16.1-.4 38.5 7 67.1-10 23.9-24.9 56-35.4 74.4-20 10.3-47 26.2-51 46.2-3.3 15.8 26 55.2 76.1-31.2 22.4-7.4 46.8-16.5 68.4-20.1 18.9 10.2 41 17 55.8 17 25.5 0 28-28.2 17.5-38.7zm-198.1 77.8c5.1-13.7 24.5-29.5 30.4-35-19 30.3-30.4 35.7-30.4 35zm81.6-190.6c7.4 0 6.7 32.1 1.8 40.8-4.4-13.9-4.3-40.8-1.8-40.8zm-24.4 136.6c9.7-16.9 18-37 24.7-54.7 8.3 15.1 18.9 27.2 30.1 35.5-20.8 4.3-38.9 13.1-54.8 19.2zm131.6-5s-5 6-37.3-7.8c35.1-2.6 40.9 5.4 37.3 7.8z\"><\/path><\/svg>\t\t\t\t\t\t<\/span>\n\t\t\t\t\t\t\t\t\t\t<span class=\"elementor-icon-list-text\">T\u00e9l\u00e9chargez l'article au format PDF<\/span>\n\t\t\t\t\t\t\t\t\t\t\t<\/a>\n\t\t\t\t\t\t\t\t\t<\/li>\n\t\t\t\t\t\t<\/ul>\n\t\t\t\t\t\t<\/div>\n\t\t\t\t<\/div>\n\t\t\t\t\t<\/div>\n\t\t\t\t<\/div>\n\t\t<div class=\"elementor-element elementor-element-577411b9 e-flex e-con-boxed e-con e-parent\" data-id=\"577411b9\" data-element_type=\"container\" data-e-type=\"container\">\n\t\t\t\t\t<div class=\"e-con-inner\">\n\t\t\t\t<div class=\"elementor-element elementor-element-29a59cf elementor-widget elementor-widget-post-navigation\" data-id=\"29a59cf\" data-element_type=\"widget\" data-e-type=\"widget\" data-widget_type=\"post-navigation.default\">\n\t\t\t\t<div class=\"elementor-widget-container\">\n\t\t\t\t\t\t\t<div class=\"elementor-post-navigation\" role=\"navigation\" aria-label=\"Beitrag Navigation\">\n\t\t\t<div class=\"elementor-post-navigation__prev elementor-post-navigation__link\">\n\t\t\t\t<a href=\"https:\/\/www.okaju.lu\/de\/100-2\/un-centenaire-est-loccasion-de-faire-le-bilan\/\" rel=\"prev\"><span class=\"elementor-post-navigation__link__prev\"><span class=\"post-navigation__prev--label\">Chapitre pr\u00e9c\u00e9dent<\/span><span class=\"post-navigation__prev--title\">Un centenaire est l\u2019occasion de faire le bilan<\/span><\/span><\/a>\t\t\t<\/div>\n\t\t\t\t\t\t<div class=\"elementor-post-navigation__next elementor-post-navigation__link\">\n\t\t\t\t<a href=\"https:\/\/www.okaju.lu\/de\/100-2\/la-declaration-de-geneve-a-fait-connaitre-les-droits-de-lenfant-mais-avons-nous-fait-des-progres-depuis\/\" rel=\"next\"><span class=\"elementor-post-navigation__link__next\"><span class=\"post-navigation__next--label\">Chapitre suivant<\/span><span class=\"post-navigation__next--title\">La D\u00e9claration de Gen\u00e8ve a fait conna\u00eetre les Droits de l\u2019enfant. Mais avons-nous fait des progr\u00e8s depuis\u00a0?<\/span><\/span><\/a>\t\t\t<\/div>\n\t\t<\/div>\n\t\t\t\t\t\t<\/div>\n\t\t\t\t<\/div>\n\t\t\t\t\t<\/div>\n\t\t\t\t<\/div>\n\t\t\t\t<\/div>\n\t\t","protected":false},"excerpt":{"rendered":"<p>Charel Schmit Charel Schmit, p\u00e9dagogue, a travaill\u00e9 comme ma\u00eetre de conf\u00e9rences \u00e0 l\u2019Universit\u00e9 du Luxembourg et membre de l\u2019unit\u00e9 de recherche INSIDE. Outre la mise en place d\u2019un programme d\u2019\u00e9tudes de bachelor en sciences sociales et \u00e9ducatives pour les travailleurs sociaux, ses principaux sujets \u00e9taient le travail communautaire, les services sociaux de proximit\u00e9, l\u2019\u00e9thique professionnelle [&hellip;]<\/p>\n","protected":false},"author":3,"featured_media":0,"parent":2218,"menu_order":0,"comment_status":"closed","ping_status":"closed","template":"","meta":{"_acf_changed":false,"footnotes":""},"article-cdie":[],"dossier":[176],"class_list":["post-2303","page","type-page","status-publish","hentry","dossier-centenaire"],"acf":[],"_links":{"self":[{"href":"https:\/\/www.okaju.lu\/de\/wp-json\/wp\/v2\/pages\/2303","targetHints":{"allow":["GET"]}}],"collection":[{"href":"https:\/\/www.okaju.lu\/de\/wp-json\/wp\/v2\/pages"}],"about":[{"href":"https:\/\/www.okaju.lu\/de\/wp-json\/wp\/v2\/types\/page"}],"author":[{"embeddable":true,"href":"https:\/\/www.okaju.lu\/de\/wp-json\/wp\/v2\/users\/3"}],"replies":[{"embeddable":true,"href":"https:\/\/www.okaju.lu\/de\/wp-json\/wp\/v2\/comments?post=2303"}],"version-history":[{"count":25,"href":"https:\/\/www.okaju.lu\/de\/wp-json\/wp\/v2\/pages\/2303\/revisions"}],"predecessor-version":[{"id":2825,"href":"https:\/\/www.okaju.lu\/de\/wp-json\/wp\/v2\/pages\/2303\/revisions\/2825"}],"up":[{"embeddable":true,"href":"https:\/\/www.okaju.lu\/de\/wp-json\/wp\/v2\/pages\/2218"}],"wp:attachment":[{"href":"https:\/\/www.okaju.lu\/de\/wp-json\/wp\/v2\/media?parent=2303"}],"wp:term":[{"taxonomy":"article-cdie","embeddable":true,"href":"https:\/\/www.okaju.lu\/de\/wp-json\/wp\/v2\/article-cdie?post=2303"},{"taxonomy":"dossier","embeddable":true,"href":"https:\/\/www.okaju.lu\/de\/wp-json\/wp\/v2\/dossier?post=2303"}],"curies":[{"name":"wp","href":"https:\/\/api.w.org\/{rel}","templated":true}]}}