{"id":2570,"date":"2025-04-24T11:49:56","date_gmt":"2025-04-24T09:49:56","guid":{"rendered":"https:\/\/www.okaju.lu\/?page_id=2570"},"modified":"2025-11-21T13:14:44","modified_gmt":"2025-11-21T12:14:44","slug":"epilogue","status":"publish","type":"page","link":"https:\/\/www.okaju.lu\/de\/100-2\/epilogue\/","title":{"rendered":"Epilogue"},"content":{"rendered":"\t\t<div data-elementor-type=\"wp-page\" data-elementor-id=\"2570\" class=\"elementor elementor-2570\" data-elementor-post-type=\"page\">\n\t\t\t\t<div class=\"elementor-element elementor-element-b1d805e e-flex e-con-boxed e-con e-parent\" data-id=\"b1d805e\" data-element_type=\"container\" data-e-type=\"container\">\n\t\t\t\t\t<div class=\"e-con-inner\">\n\t\t\t\t<div class=\"elementor-element elementor-element-22344a7 elementor-widget elementor-widget-heading\" data-id=\"22344a7\" data-element_type=\"widget\" data-e-type=\"widget\" data-widget_type=\"heading.default\">\n\t\t\t\t<div class=\"elementor-widget-container\">\n\t\t\t\t\t<h2 class=\"elementor-heading-title elementor-size-default\">Epilogue<\/h2>\t\t\t\t<\/div>\n\t\t\t\t<\/div>\n\t\t\t\t<div class=\"elementor-element elementor-element-22893da elementor-widget elementor-widget-text-editor\" data-id=\"22893da\" data-element_type=\"widget\" data-e-type=\"widget\" data-widget_type=\"text-editor.default\">\n\t\t\t\t<div class=\"elementor-widget-container\">\n\t\t\t\t\t\t\t\t\t<h6>Michel Anglade<\/h6>\t\t\t\t\t\t\t\t<\/div>\n\t\t\t\t<\/div>\n\t\t\t\t<div class=\"elementor-element elementor-element-6ad3c3a elementor-widget elementor-widget-text-editor\" data-id=\"6ad3c3a\" data-element_type=\"widget\" data-e-type=\"widget\" data-widget_type=\"text-editor.default\">\n\t\t\t\t<div class=\"elementor-widget-container\">\n\t\t\t\t\t\t\t\t\t<p>Michel Anglade est le directeur du bureau de Save the Children \u00e0 Gen\u00e8ve, l\u2019un des trois bureaux mondiaux de plaidoyer de l\u2019organisation. Depuis 2018, il dirige les actions de plaidoyer et les initiatives politiques de Save the Children \u00e0 Gen\u00e8ve, \u0153uvrant pour l\u2019am\u00e9lioration des pratiques et des politiques en faveur des droits de l\u2019enfant.<br \/>Fort de trente ans d\u2019exp\u00e9rience en tant que sp\u00e9cialiste des droits de l\u2019enfant, travailleur humanitaire et expert en plaidoyer, Michel apporte une expertise pr\u00e9cieuse \u00e0 ce poste.<br \/>Avant d\u2019occuper ses fonctions actuelles, il a pass\u00e9 sept ans \u00e0 Singapour en tant que directeur des campagnes et du plaidoyer pour l\u2019Asie chez Save the Children. Durant cette p\u00e9riode, il a dirig\u00e9 les actions de plaidoyer humanitaire de l\u2019organisation en r\u00e9ponse au typhon Haiyan aux Philippines, au s\u00e9isme de 2015 au N\u00e9pal et \u00e0 la crise des r\u00e9fugi\u00e9s rohingyas au Bangladesh.<br \/>De 2000 \u00e0 2011, Michel a occup\u00e9 plusieurs postes de direction chez Oxfam, en Asie (bas\u00e9 en Inde) et en Afrique (bas\u00e9 au Kenya et au S\u00e9n\u00e9gal). Il a d\u00e9but\u00e9 sa carri\u00e8re dans l\u2019aide humanitaire et au d\u00e9veloppement en 1995, travaillant avec M\u00e9decins Sans Fronti\u00e8res et Action Contre la Faim sur des missions au Soudan, en Somalie et dans d\u2019autres r\u00e9gions.<\/p>\t\t\t\t\t\t\t\t<\/div>\n\t\t\t\t<\/div>\n\t\t\t\t<div class=\"elementor-element elementor-element-ef62fde elementor-widget elementor-widget-text-editor\" data-id=\"ef62fde\" data-element_type=\"widget\" data-e-type=\"widget\" data-widget_type=\"text-editor.default\">\n\t\t\t\t<div class=\"elementor-widget-container\">\n\t\t\t\t\t\t\t\t\t<p><a href=\"#_ftn1\" name=\"_ftnref1\"><\/a><\/p>\n<p>Alors que nous c\u00e9l\u00e9brons le centi\u00e8me anniversaire de la D\u00e9claration de Gen\u00e8ve sur les droits de l\u2019enfant, adopt\u00e9e par la Soci\u00e9t\u00e9 des Nations en 1924, nous devrions prendre le temps de faire le bilan de ce qui a \u00e9t\u00e9 accompli, mais aussi des d\u00e9fis qui restent \u00e0 relever &#8211; et qui, dans certains cas, ne cessent de cro\u00eetre &#8211; pour que les droits de tous les enfants soient pleinement respect\u00e9s.<\/p>\n<p>Peu apr\u00e8s avoir fond\u00e9 le Save the Children Fund en 1919 \u00e0 Londres (avec sa s\u0153ur Dorothy Buxton), Eglantyne Jebb s&#8217;est install\u00e9e \u00e0 Gen\u00e8ve, o\u00f9 elle a v\u00e9cu jusqu&#8217;\u00e0 sa mort en 1928. Pourquoi cette Anglaise s&#8217;est-elle install\u00e9e \u00e0 Gen\u00e8ve en 1920\u00a0? Pourquoi quitter la tr\u00e9pidante Londres\u00a0? Parce qu&#8217;elle croyait au syst\u00e8me multilat\u00e9ral qui \u00e9tait en train de na\u00eetre. Elle croyait en la Soci\u00e9t\u00e9 des Nations, dont le si\u00e8ge s&#8217;\u00e9tait install\u00e9 \u00e0 Gen\u00e8ve en novembre 1920. Elle \u00e9tait intuitivement convaincue que les droits de l&#8217;enfant devaient \u00eatre universels et que la Soci\u00e9t\u00e9 des Nations devait affirmer cette universalit\u00e9 (avec l&#8217;importante r\u00e9serve qu&#8217;\u00e0 son apog\u00e9e, la Soci\u00e9t\u00e9 des Nations comptait 58 \u00c9tats membres et qu&#8217;une grande partie du monde vivait sous le joug de r\u00e9gimes coloniaux abjects). Apr\u00e8s avoir r\u00e9dig\u00e9 la D\u00e9claration de Gen\u00e8ve sur les droits de l&#8217;enfant et l&#8217;avoir fait approuver par des membres \u00e9minents de l&#8217;Union internationale de secours aux enfants, Eglantyne Jebb r\u00e9ussit \u00e0 persuader la Soci\u00e9t\u00e9 des Nations d&#8217;adopter la d\u00e9claration, ce qui fut fait le 26 septembre 1924 lors de la cinqui\u00e8me assembl\u00e9e de la Soci\u00e9t\u00e9.<\/p>\n<p>Cent ans plus tard, que penserait Eglantyne Jebb de la situation des enfants dans le monde actuel\u00a0? L&#8217;ambition qui animait sa d\u00e9claration est-elle devenue r\u00e9alit\u00e9\u00a0?<\/p>\n<p>Il est clair que des progr\u00e8s importants ont \u00e9t\u00e9 accomplis et qu&#8217;ils se sont m\u00eame acc\u00e9l\u00e9r\u00e9s au cours des deux derni\u00e8res d\u00e9cennies. Prenons l&#8217;exemple du droit \u00e0 la vie. Depuis 2000, le nombre d&#8217;enfants qui meurent avant leur cinqui\u00e8me anniversaire a \u00e9t\u00e9 divis\u00e9 par deux. En 2022, le monde a franchi une \u00e9tape historique, lorsque le nombre de d\u00e9c\u00e8s d&#8217;enfants est pour la premi\u00e8re fois tomb\u00e9 sous la barre des 5 millions. Cependant, des d\u00e9cennies de progr\u00e8s en mati\u00e8re de survie des enfants sont aujourd&#8217;hui menac\u00e9es, car les principaux donateurs annoncent ou laissent entrevoir des r\u00e9ductions significatives du financement de l&#8217;aide. Les coupes dans les programmes de vaccination sont un danger mortel et l&#8217;Organisation mondiale de la sant\u00e9 (OMS) estime qu&#8217;elles pourraient causer des centaines de milliers de d\u00e9c\u00e8s suppl\u00e9mentaires. Les concepts d&#8217;humanit\u00e9 et de solidarit\u00e9 qui ont inspir\u00e9 Eglantyne Jebb dans la cr\u00e9ation du Save the Children Fund ont \u00e9t\u00e9 profond\u00e9ment \u00e9branl\u00e9s, avec un impact massif sur la vie des enfants.<\/p>\n<p>Eglantyne Jebb, qui a \u00e9t\u00e9 enseignante, serait \u00e9galement constern\u00e9e par le fait que 251 millions d&#8217;enfants ne sont toujours pas scolaris\u00e9s dans le monde et que les progr\u00e8s r\u00e9alis\u00e9s pour r\u00e9duire ce nombre ont stagn\u00e9 au cours de la derni\u00e8re d\u00e9cennie.<\/p>\n<p>Nous sommes confront\u00e9s \u00e0 une baisse de l&#8217;aide des pays riches \u00e0 un moment o\u00f9, malheureusement, les pays en d\u00e9veloppement sont confront\u00e9s \u00e0 des contraintes croissantes sur leur capacit\u00e9 \u00e0 investir dans des services essentiels pour les enfants. Selon l&#8217;UNICEF, pr\u00e8s de 400 millions d&#8217;enfants vivent dans des pays en situation de surendettement, ce qui les prive d&#8217;investissements essentiels pour leur avenir. Dans le monde, plus de 40 pays \u00e0 faible revenu d\u00e9pensent deux fois plus pour le service de la dette que pour la sant\u00e9, y compris des pays avec une tr\u00e8s forte population d&#8217;enfants. Dans les pays en d\u00e9veloppement, le service de la dette absorbe aujourd&#8217;hui 11 fois plus de d\u00e9penses que la protection sociale.<\/p>\n<p>Eglantyne Jebb affirmait que \u00ab\u00a0toute guerre est une guerre contre les enfants\u00a0\u00bb. Le Save the Children Fund a \u00e9t\u00e9 cr\u00e9\u00e9 juste apr\u00e8s la Premi\u00e8re Guerre mondiale pour aider les enfants des pays qui avaient \u00e9t\u00e9 gravement touch\u00e9s et appauvris par la guerre. La D\u00e9claration de Gen\u00e8ve sur les droits de l&#8217;enfant \u00e9tait aussi l&#8217;expression de l&#8217;id\u00e9alisme qui pr\u00e9valait au lendemain de la Premi\u00e8re Guerre mondiale, lorsque le monde voulait abolir la guerre une fois pour toutes.<\/p>\n<p>Cent ans plus tard, le tableau est sombre et la guerre contre les enfants perdure. En 2023, 473 millions d&#8217;enfants &#8211; plus d&#8217;un sur six &#8211; vivaient dans une zone de conflit. Ce nombre et cette proportion ont doubl\u00e9 depuis le milieu des ann\u00e9es 1990. Le nombre de violations graves des droits de l&#8217;enfant dans les conflits a atteint 31\u00a0721 en 2023, le chiffre le plus \u00e9lev\u00e9 jamais enregistr\u00e9 depuis que ces violations sont r\u00e9pertori\u00e9es. Il y a actuellement 120 conflits dans le monde, dont tr\u00e8s peu ont un processus de paix significatif ou une possibilit\u00e9 de paix en perspective. Les conflits se multiplient et durent plus longtemps, arrachant un lourd tribut aux enfants, sans qu&#8217;aucune fin ne soit en vue. Eglantyne Jebb estimerait certainement que sa mission n&#8217;a pas du tout \u00e9t\u00e9 remplie. Elle serait assur\u00e9ment horrifi\u00e9e par les violations massives des obligations d\u00e9coulant du droit humanitaire international commises par les parties impliqu\u00e9es dans ces conflits et par les immenses souffrances que cela inflige \u00e0 un nombre croissant d&#8217;enfants.<\/p>\n<p>J&#8217;imagine qu&#8217;Eglantyne Jebb, la fondatrice de l&#8217;organisation pour laquelle je travaille, nous dirait que la seule fa\u00e7on d&#8217;avancer est de prot\u00e9ger et de promouvoir sans rel\u00e2che les droits de l&#8217;enfant. Elle serait certainement fi\u00e8re que la d\u00e9claration de Gen\u00e8ve sur les droits de l&#8217;enfant ait inspir\u00e9 la Convention internationale des droits de l&#8217;enfant de 1989, qui est \u00e0 ce jour le trait\u00e9 portant sur les droits de l&#8217;Homme le plus largement ratifi\u00e9 de l&#8217;histoire. Elle appellerait \u00e0 la mise en \u0153uvre pleine et enti\u00e8re de la Convention dans tous les pays du monde. Elle exigerait que justice soit rendue et qu\u2019il soit mis fin \u00e0 l&#8217;impunit\u00e9 pour les auteurs de violations flagrantes des droits de l&#8217;enfant dans les conflits. Elle exigerait une transparence compl\u00e8te dans l\u2019application des droits de l&#8217;enfant.<\/p>\n<p>Dans la Gen\u00e8ve des ann\u00e9es 1920, Eglantyne parlait des soins de sant\u00e9 pour les enfants, de l&#8217;\u00e9ducation, de l&#8217;alimentation et de l&#8217;impact durable de la Premi\u00e8re Guerre mondiale. Mais elle ne pouvait pas pr\u00e9dire que, cent ans plus tard, une menace immense et majeure saperait tous les droits de l&#8217;enfant. Je veux parler ici de l&#8217;impact du changement climatique. Les perspectives pour les enfants sont de plus en plus inqui\u00e9tantes dans un monde o\u00f9 la temp\u00e9rature moyenne est d\u00e9sormais en passe d\u2019augmenter d&#8217;au moins 2\u00b0C d&#8217;ici 2100. Les enfants sont affect\u00e9s de mani\u00e8re disproportionn\u00e9e par le changement climatique en raison de leurs caract\u00e9ristiques physiologiques et d\u00e9veloppementales uniques. Un milliard d&#8217;enfants sont extr\u00eamement expos\u00e9s aux cons\u00e9quences de la crise climatique. Les enfants de moins de 5 ans supportent 88 % de la charge de morbidit\u00e9 mondiale li\u00e9e au changement climatique. La crise climatique met en p\u00e9ril les progr\u00e8s r\u00e9alis\u00e9s pour les enfants en mati\u00e8re de d\u00e9veloppement au cours des derni\u00e8res d\u00e9cennies et aggrave les in\u00e9galit\u00e9s auxquelles ils font face partout dans le monde. Les enfants eux-m\u00eames se mobilisent et appellent \u00e0 agir.<\/p>\n<p>Eglantyne Jebb ne parlait pas de la voix et de la participation des enfants. Cette id\u00e9e \u00e9tait peut-\u00eatre trop farfelue pour son \u00e9poque. Mais aujourd&#8217;hui, les enfants veulent participer et \u00eatre entendus. Dans un contexte plut\u00f4t sombre, cette \u00e9volution est une lueur d\u2019espoir. Les enfants devraient avoir les moyens d\u2019exiger l\u2019application de leurs droits, trop souvent viol\u00e9s par la cupidit\u00e9 ou l&#8217;inaction des adultes. Cent ans apr\u00e8s l&#8217;adoption de la D\u00e9claration de Gen\u00e8ve sur les droits de l&#8217;enfant, le temps est venu de donner le pouvoir aux enfants.<\/p>\t\t\t\t\t\t\t\t<\/div>\n\t\t\t\t<\/div>\n\t\t\t\t<div class=\"elementor-element elementor-element-6e7f416 elementor-icon-list--layout-inline elementor-list-item-link-full_width elementor-widget elementor-widget-icon-list\" data-id=\"6e7f416\" data-element_type=\"widget\" data-e-type=\"widget\" data-widget_type=\"icon-list.default\">\n\t\t\t\t<div class=\"elementor-widget-container\">\n\t\t\t\t\t\t\t<ul class=\"elementor-icon-list-items elementor-inline-items\">\n\t\t\t\t\t\t\t<li class=\"elementor-icon-list-item elementor-inline-item\">\n\t\t\t\t\t\t\t\t\t\t\t<a href=\"https:\/\/www.okaju.lu\/wp-content\/uploads\/2025\/04\/Extrait_Veerman_Un-siecle-de-droits-de-lenfants.pdf\" target=\"_blank\">\n\n\t\t\t\t\t\t\t\t\t\t\t\t<span class=\"elementor-icon-list-icon\">\n\t\t\t\t\t\t\t<svg aria-hidden=\"true\" class=\"e-font-icon-svg e-far-file-pdf\" viewBox=\"0 0 384 512\" xmlns=\"http:\/\/www.w3.org\/2000\/svg\"><path d=\"M369.9 97.9L286 14C277 5 264.8-.1 252.1-.1H48C21.5 0 0 21.5 0 48v416c0 26.5 21.5 48 48 48h288c26.5 0 48-21.5 48-48V131.9c0-12.7-5.1-25-14.1-34zM332.1 128H256V51.9l76.1 76.1zM48 464V48h160v104c0 13.3 10.7 24 24 24h104v288H48zm250.2-143.7c-12.2-12-47-8.7-64.4-6.5-17.2-10.5-28.7-25-36.8-46.3 3.9-16.1 10.1-40.6 5.4-56-4.2-26.2-37.8-23.6-42.6-5.9-4.4 16.1-.4 38.5 7 67.1-10 23.9-24.9 56-35.4 74.4-20 10.3-47 26.2-51 46.2-3.3 15.8 26 55.2 76.1-31.2 22.4-7.4 46.8-16.5 68.4-20.1 18.9 10.2 41 17 55.8 17 25.5 0 28-28.2 17.5-38.7zm-198.1 77.8c5.1-13.7 24.5-29.5 30.4-35-19 30.3-30.4 35.7-30.4 35zm81.6-190.6c7.4 0 6.7 32.1 1.8 40.8-4.4-13.9-4.3-40.8-1.8-40.8zm-24.4 136.6c9.7-16.9 18-37 24.7-54.7 8.3 15.1 18.9 27.2 30.1 35.5-20.8 4.3-38.9 13.1-54.8 19.2zm131.6-5s-5 6-37.3-7.8c35.1-2.6 40.9 5.4 37.3 7.8z\"><\/path><\/svg>\t\t\t\t\t\t<\/span>\n\t\t\t\t\t\t\t\t\t\t<span class=\"elementor-icon-list-text\">T\u00e9l\u00e9chargez l'article au format PDF<\/span>\n\t\t\t\t\t\t\t\t\t\t\t<\/a>\n\t\t\t\t\t\t\t\t\t<\/li>\n\t\t\t\t\t\t<\/ul>\n\t\t\t\t\t\t<\/div>\n\t\t\t\t<\/div>\n\t\t\t\t\t<\/div>\n\t\t\t\t<\/div>\n\t\t<div class=\"elementor-element elementor-element-577411b9 e-flex e-con-boxed e-con e-parent\" data-id=\"577411b9\" data-element_type=\"container\" data-e-type=\"container\">\n\t\t\t\t\t<div class=\"e-con-inner\">\n\t\t\t\t<div class=\"elementor-element elementor-element-29a59cf elementor-widget elementor-widget-post-navigation\" data-id=\"29a59cf\" data-element_type=\"widget\" data-e-type=\"widget\" data-widget_type=\"post-navigation.default\">\n\t\t\t\t<div class=\"elementor-widget-container\">\n\t\t\t\t\t\t\t<div class=\"elementor-post-navigation\" role=\"navigation\" aria-label=\"Beitrag Navigation\">\n\t\t\t<div class=\"elementor-post-navigation__prev elementor-post-navigation__link\">\n\t\t\t\t<a href=\"https:\/\/www.okaju.lu\/de\/100-2\/les-droits-de-lenfant-en-irlande-et-les-20-ans-de-lombudsman-for-childrens-office-des-origines-aux-enjeux-futurs\/\" rel=\"prev\"><span class=\"elementor-post-navigation__link__prev\"><span class=\"post-navigation__prev--label\">Chapitre pr\u00e9c\u00e9dent<\/span><span class=\"post-navigation__prev--title\">Les droits de l\u2019enfant en Irlande et les 20 ans de l\u2019Ombudsman for Children\u2019s Office\u00a0: des origines aux enjeux futurs<\/span><\/span><\/a>\t\t\t<\/div>\n\t\t\t\t\t\t<div class=\"elementor-post-navigation__next elementor-post-navigation__link\">\n\t\t\t\t<a href=\"https:\/\/www.okaju.lu\/de\/100-2\/chronologie-des-droits-de-lenfant\/\" rel=\"next\"><span class=\"elementor-post-navigation__link__next\"><span class=\"post-navigation__next--label\">Chapitre suivant<\/span><span class=\"post-navigation__next--title\">Chronologie des droits de l&#8217;enfant<\/span><\/span><\/a>\t\t\t<\/div>\n\t\t<\/div>\n\t\t\t\t\t\t<\/div>\n\t\t\t\t<\/div>\n\t\t\t\t\t<\/div>\n\t\t\t\t<\/div>\n\t\t\t\t<\/div>\n\t\t","protected":false},"excerpt":{"rendered":"<p>Michel Anglade Michel Anglade est le directeur du bureau de Save the Children \u00e0 Gen\u00e8ve, l\u2019un des trois bureaux mondiaux de plaidoyer de l\u2019organisation. Depuis 2018, il dirige les actions de plaidoyer et les initiatives politiques de Save the Children \u00e0 Gen\u00e8ve, \u0153uvrant pour l\u2019am\u00e9lioration des pratiques et des politiques en faveur des droits de [&hellip;]<\/p>\n","protected":false},"author":3,"featured_media":0,"parent":2218,"menu_order":0,"comment_status":"closed","ping_status":"closed","template":"","meta":{"_acf_changed":false,"footnotes":""},"article-cdie":[],"dossier":[176],"class_list":["post-2570","page","type-page","status-publish","hentry","dossier-centenaire"],"acf":[],"_links":{"self":[{"href":"https:\/\/www.okaju.lu\/de\/wp-json\/wp\/v2\/pages\/2570","targetHints":{"allow":["GET"]}}],"collection":[{"href":"https:\/\/www.okaju.lu\/de\/wp-json\/wp\/v2\/pages"}],"about":[{"href":"https:\/\/www.okaju.lu\/de\/wp-json\/wp\/v2\/types\/page"}],"author":[{"embeddable":true,"href":"https:\/\/www.okaju.lu\/de\/wp-json\/wp\/v2\/users\/3"}],"replies":[{"embeddable":true,"href":"https:\/\/www.okaju.lu\/de\/wp-json\/wp\/v2\/comments?post=2570"}],"version-history":[{"count":8,"href":"https:\/\/www.okaju.lu\/de\/wp-json\/wp\/v2\/pages\/2570\/revisions"}],"predecessor-version":[{"id":2884,"href":"https:\/\/www.okaju.lu\/de\/wp-json\/wp\/v2\/pages\/2570\/revisions\/2884"}],"up":[{"embeddable":true,"href":"https:\/\/www.okaju.lu\/de\/wp-json\/wp\/v2\/pages\/2218"}],"wp:attachment":[{"href":"https:\/\/www.okaju.lu\/de\/wp-json\/wp\/v2\/media?parent=2570"}],"wp:term":[{"taxonomy":"article-cdie","embeddable":true,"href":"https:\/\/www.okaju.lu\/de\/wp-json\/wp\/v2\/article-cdie?post=2570"},{"taxonomy":"dossier","embeddable":true,"href":"https:\/\/www.okaju.lu\/de\/wp-json\/wp\/v2\/dossier?post=2570"}],"curies":[{"name":"wp","href":"https:\/\/api.w.org\/{rel}","templated":true}]}}