{"id":4006,"date":"2025-07-01T10:20:06","date_gmt":"2025-07-01T08:20:06","guid":{"rendered":"https:\/\/www.okaju.lu\/?page_id=4006"},"modified":"2025-10-27T16:36:55","modified_gmt":"2025-10-27T15:36:55","slug":"acces-a-la-justice","status":"publish","type":"page","link":"https:\/\/www.okaju.lu\/de\/droits-de-lenfant\/acces-a-la-justice\/","title":{"rendered":"Acc\u00e8s \u00e0 la justice"},"content":{"rendered":"\t\t<div data-elementor-type=\"wp-page\" data-elementor-id=\"4006\" class=\"elementor elementor-4006\" data-elementor-post-type=\"page\">\n\t\t\t\t<div class=\"elementor-element elementor-element-f26160a e-flex e-con-boxed e-con e-parent\" data-id=\"f26160a\" data-element_type=\"container\" data-e-type=\"container\" data-settings=\"{&quot;background_background&quot;:&quot;classic&quot;}\">\n\t\t\t\t\t<div class=\"e-con-inner\">\n\t\t\t\t<div class=\"elementor-element elementor-element-4846d5d elementor-widget elementor-widget-heading\" data-id=\"4846d5d\" data-element_type=\"widget\" data-e-type=\"widget\" data-widget_type=\"heading.default\">\n\t\t\t\t<div class=\"elementor-widget-container\">\n\t\t\t\t\t<h2 class=\"elementor-heading-title elementor-size-default\">Dossier th\u00e9matique<\/h2>\t\t\t\t<\/div>\n\t\t\t\t<\/div>\n\t\t\t\t<div class=\"elementor-element elementor-element-764ee8c elementor-widget elementor-widget-heading\" data-id=\"764ee8c\" data-element_type=\"widget\" data-e-type=\"widget\" data-widget_type=\"heading.default\">\n\t\t\t\t<div class=\"elementor-widget-container\">\n\t\t\t\t\t<h2 class=\"elementor-heading-title elementor-size-default\">Acc\u00e9s aux Droits  | Justice juvenile<\/h2>\t\t\t\t<\/div>\n\t\t\t\t<\/div>\n\t\t\t\t<div class=\"elementor-element elementor-element-ef87499 elementor-widget__width-initial elementor-widget elementor-widget-heading\" data-id=\"ef87499\" data-element_type=\"widget\" data-e-type=\"widget\" data-widget_type=\"heading.default\">\n\t\t\t\t<div class=\"elementor-widget-container\">\n\t\t\t\t\t<h2 class=\"elementor-heading-title elementor-size-default\">Ensemble, am\u00e9liorons l\u2019acc\u00e8s aux droits des enfants et des jeunes au Luxembourg !<\/h2>\t\t\t\t<\/div>\n\t\t\t\t<\/div>\n\t\t\t\t<div class=\"elementor-element elementor-element-d0649ce elementor-widget elementor-widget-heading\" data-id=\"d0649ce\" data-element_type=\"widget\" data-e-type=\"widget\" data-widget_type=\"heading.default\">\n\t\t\t\t<div class=\"elementor-widget-container\">\n\t\t\t\t\t<h2 class=\"elementor-heading-title elementor-size-default\">Acc\u00e9s aux Droits  | Justice juvenile<\/h2>\t\t\t\t<\/div>\n\t\t\t\t<\/div>\n\t\t\t\t<div class=\"elementor-element elementor-element-a234f14 elementor-widget elementor-widget-html\" data-id=\"a234f14\" data-element_type=\"widget\" data-e-type=\"widget\" data-widget_type=\"html.default\">\n\t\t\t\t<div class=\"elementor-widget-container\">\n\t\t\t\t\t<div class=\"barre-decoration\"><\/div>\t\t\t\t<\/div>\n\t\t\t\t<\/div>\n\t\t\t\t\t<\/div>\n\t\t\t\t<\/div>\n\t\t<div class=\"elementor-element elementor-element-adcdae3 e-flex e-con-boxed e-con e-parent\" data-id=\"adcdae3\" data-element_type=\"container\" data-e-type=\"container\">\n\t\t\t\t\t<div class=\"e-con-inner\">\n\t\t<div class=\"elementor-element elementor-element-12e4ec4 e-con-full e-flex e-con e-child\" data-id=\"12e4ec4\" data-element_type=\"container\" data-e-type=\"container\">\n\t\t\t\t<\/div>\n\t\t<div class=\"elementor-element elementor-element-a650a34 e-con-full e-flex e-con e-child\" data-id=\"a650a34\" data-element_type=\"container\" data-e-type=\"container\">\n\t\t\t\t<div class=\"elementor-element elementor-element-5365612 elementor-widget elementor-widget-text-editor\" data-id=\"5365612\" data-element_type=\"widget\" data-e-type=\"widget\" data-widget_type=\"text-editor.default\">\n\t\t\t\t<div class=\"elementor-widget-container\">\n\t\t\t\t\t\t\t\t\t<p><b>Objet: <\/b>Lorem ipsum dolor sit amet, consectetur adipiscing elit. Ut elit tellus, luctus nec ullamcorper mattis, pulvinar dapibus leo.<\/p>\t\t\t\t\t\t\t\t<\/div>\n\t\t\t\t<\/div>\n\t\t\t\t<\/div>\n\t\t<div class=\"elementor-element elementor-element-a31f04f e-con-full e-flex e-con e-child\" data-id=\"a31f04f\" data-element_type=\"container\" data-e-type=\"container\">\n\t\t\t\t<\/div>\n\t\t\t\t\t<\/div>\n\t\t\t\t<\/div>\n\t\t\t\t<\/div>\n\t\t","protected":false},"excerpt":{"rendered":"<p>Dossier th\u00e9matique Acc\u00e9s aux Droits | Justice juvenile Ensemble, am\u00e9liorons l\u2019acc\u00e8s aux droits des enfants et des jeunes au Luxembourg ! Acc\u00e9s aux Droits | Justice juvenile Objet: Lorem ipsum dolor sit amet, consectetur adipiscing elit. Ut elit tellus, luctus nec ullamcorper mattis, pulvinar dapibus leo.<\/p>\n","protected":false},"author":3,"featured_media":0,"parent":231,"menu_order":0,"comment_status":"closed","ping_status":"closed","template":"","meta":{"_acf_changed":false,"footnotes":""},"article-cdie":[],"dossier":[],"class_list":["post-4006","page","type-page","status-publish","hentry"],"acf":[],"_links":{"self":[{"href":"https:\/\/www.okaju.lu\/de\/wp-json\/wp\/v2\/pages\/4006","targetHints":{"allow":["GET"]}}],"collection":[{"href":"https:\/\/www.okaju.lu\/de\/wp-json\/wp\/v2\/pages"}],"about":[{"href":"https:\/\/www.okaju.lu\/de\/wp-json\/wp\/v2\/types\/page"}],"author":[{"embeddable":true,"href":"https:\/\/www.okaju.lu\/de\/wp-json\/wp\/v2\/users\/3"}],"replies":[{"embeddable":true,"href":"https:\/\/www.okaju.lu\/de\/wp-json\/wp\/v2\/comments?post=4006"}],"version-history":[{"count":8,"href":"https:\/\/www.okaju.lu\/de\/wp-json\/wp\/v2\/pages\/4006\/revisions"}],"predecessor-version":[{"id":4017,"href":"https:\/\/www.okaju.lu\/de\/wp-json\/wp\/v2\/pages\/4006\/revisions\/4017"}],"up":[{"embeddable":true,"href":"https:\/\/www.okaju.lu\/de\/wp-json\/wp\/v2\/pages\/231"}],"wp:attachment":[{"href":"https:\/\/www.okaju.lu\/de\/wp-json\/wp\/v2\/media?parent=4006"}],"wp:term":[{"taxonomy":"article-cdie","embeddable":true,"href":"https:\/\/www.okaju.lu\/de\/wp-json\/wp\/v2\/article-cdie?post=4006"},{"taxonomy":"dossier","embeddable":true,"href":"https:\/\/www.okaju.lu\/de\/wp-json\/wp\/v2\/dossier?post=4006"}],"curies":[{"name":"wp","href":"https:\/\/api.w.org\/{rel}","templated":true}]}}