{"id":4085,"date":"2025-07-15T11:43:18","date_gmt":"2025-07-15T09:43:18","guid":{"rendered":"https:\/\/www.okaju.lu\/?page_id=4085"},"modified":"2025-07-15T16:23:47","modified_gmt":"2025-07-15T14:23:47","slug":"inclusion-des-enfants-et-des-jeunes-suse25","status":"publish","type":"page","link":"https:\/\/www.okaju.lu\/de\/inclusion-des-enfants-et-des-jeunes-suse25\/","title":{"rendered":"Inclusion des enfants et des jeunes &#8211; SuSe25"},"content":{"rendered":"\t\t<div data-elementor-type=\"wp-page\" data-elementor-id=\"4085\" class=\"elementor elementor-4085\" data-elementor-post-type=\"page\">\n\t\t\t\t<div class=\"elementor-element elementor-element-394c12c9 e-flex e-con-boxed e-con e-parent\" data-id=\"394c12c9\" data-element_type=\"container\" data-e-type=\"container\">\n\t\t\t\t\t<div class=\"e-con-inner\">\n\t\t\t\t\t<\/div>\n\t\t\t\t<\/div>\n\t\t<div class=\"elementor-element elementor-element-4d20144 e-flex e-con-boxed e-con e-parent\" data-id=\"4d20144\" data-element_type=\"container\" data-e-type=\"container\">\n\t\t\t\t\t<div class=\"e-con-inner\">\n\t\t\t\t<div class=\"elementor-element elementor-element-7da7e84 elementor-widget elementor-widget-heading\" data-id=\"7da7e84\" data-element_type=\"widget\" data-e-type=\"widget\" data-widget_type=\"heading.default\">\n\t\t\t\t<div class=\"elementor-widget-container\">\n\t\t\t\t\t<h2 class=\"elementor-heading-title elementor-size-default\">Liens utiles<\/h2>\t\t\t\t<\/div>\n\t\t\t\t<\/div>\n\t\t\t\t<div class=\"elementor-element elementor-element-728f9a6 elementor-widget elementor-widget-heading\" data-id=\"728f9a6\" data-element_type=\"widget\" data-e-type=\"widget\" data-widget_type=\"heading.default\">\n\t\t\t\t<div class=\"elementor-widget-container\">\n\t\t\t\t\t<h2 class=\"elementor-heading-title elementor-size-default\">Inclusion<\/h2>\t\t\t\t<\/div>\n\t\t\t\t<\/div>\n\t\t\t\t<div class=\"elementor-element elementor-element-7683a50 elementor-widget elementor-widget-text-editor\" data-id=\"7683a50\" data-element_type=\"widget\" data-e-type=\"widget\" data-widget_type=\"text-editor.default\">\n\t\t\t\t<div class=\"elementor-widget-container\">\n\t\t\t\t\t\t\t\t\t<ul>\n<li>Communiqu\u00e9 de presse<a href=\"https:\/\/www.okaju.lu\/2024\/le-droit-a-leducation-pour-tous-un-droit-consacre\/\"> Le droit \u00e0 l\u2019\u00e9ducation pour tous \u2013 un droit consacr\u00e9<\/a><\/li>\n<\/ul>\t\t\t\t\t\t\t\t<\/div>\n\t\t\t\t<\/div>\n\t\t\t\t<div class=\"elementor-element elementor-element-c778a9f elementor-widget elementor-widget-heading\" data-id=\"c778a9f\" data-element_type=\"widget\" data-e-type=\"widget\" data-widget_type=\"heading.default\">\n\t\t\t\t<div class=\"elementor-widget-container\">\n\t\t\t\t\t<h2 class=\"elementor-heading-title elementor-size-default\">Au Luxembourg<\/h2>\t\t\t\t<\/div>\n\t\t\t\t<\/div>\n\t\t\t\t<div class=\"elementor-element elementor-element-d4f0dd0 elementor-widget elementor-widget-text-editor\" data-id=\"d4f0dd0\" data-element_type=\"widget\" data-e-type=\"widget\" data-widget_type=\"text-editor.default\">\n\t\t\t\t<div class=\"elementor-widget-container\">\n\t\t\t\t\t\t\t\t\t<ul>\n<li>Communiqu\u00e9 de presse<a href=\"https:\/\/www.okaju.lu\/2024\/le-droit-a-leducation-pour-tous-un-droit-consacre\/\"> Le droit \u00e0 l\u2019\u00e9ducation pour tous \u2013 un droit consacr\u00e9<\/a><\/li>\n<li>Plan d&#8217;action national 2019 &#8211; 2004 (<a href=\"https:\/\/mfsva.gouvernement.lu\/fr\/le-ministere\/attributions\/personnes-handicapees\/pan.html\">lien<\/a>)<\/li>\n<li>Evaluation (<a href=\"https:\/\/mfsva.gouvernement.lu\/fr\/actualites.gouvernement2024%2Bfr%2Bactualites%2Btoutes_actualites%2Bcommuniques%2B2025%2B06-juin%2B24-hahn-pan.html\">lien<\/a>)<\/li>\n<li>Rapport p\u00e9riodique CIDPH Luxembourg (<a href=\"https:\/\/mfsva.gouvernement.lu\/fr\/publications\/rapport\/crdph\/premier.html\">lien<\/a>)<\/li>\n<li>Rapport alternatif de Info handicap sur la mise en \u0153uvre de la CIDPH au Luxembourg (<a href=\"https:\/\/info-handicap.lu\/wp-content\/uploads\/2025\/07\/2025_Alternative-Report-UN-CRPD_Luxembourg_Info-Handicap.pdf\">lien<\/a>)<\/li>\n<li>Observations finales Nations Unies (<a href=\"https:\/\/tbinternet.ohchr.org\/_layouts\/15\/treatybodyexternal\/Download.aspx?symbolno=CRPD\/C\/LUX\/CO\/1&amp;Lang=fr\">lien<\/a>)<\/li>\n<li>Statistiques (<a href=\"https:\/\/statistiques.public.lu\/fr\/actualites\/2024\/stn09-handicap.html\">lien<\/a>)<\/li>\n<\/ul>\t\t\t\t\t\t\t\t<\/div>\n\t\t\t\t<\/div>\n\t\t\t\t<div class=\"elementor-element elementor-element-78a6501 elementor-widget elementor-widget-text-editor\" data-id=\"78a6501\" data-element_type=\"widget\" data-e-type=\"widget\" data-widget_type=\"text-editor.default\">\n\t\t\t\t<div class=\"elementor-widget-container\">\n\t\t\t\t\t\t\t\t\t<p><strong>Rapport p\u00e9riodique CRC\u00a0<\/strong><\/p>\n<ul>\n<li>Le Comit\u00e9 des droits de l\u2019enfant des Nations Unies, dans ses observations finales du 21 juin 2021 sur le rapport du Luxembourg (rapport valant cinqui\u00e8me \u00e0 sixi\u00e8me rapports p\u00e9riodiques (<a href=\"https:\/\/www.ohchr.org\/fr\/documents\/concluding-observations\/concluding-observations-combined-fifth-and-sixth-periodic-9\">lien<\/a>)<\/li>\n<\/ul>\t\t\t\t\t\t\t\t<\/div>\n\t\t\t\t<\/div>\n\t\t\t\t<div class=\"elementor-element elementor-element-7a0ca69 elementor-widget elementor-widget-heading\" data-id=\"7a0ca69\" data-element_type=\"widget\" data-e-type=\"widget\" data-widget_type=\"heading.default\">\n\t\t\t\t<div class=\"elementor-widget-container\">\n\t\t\t\t\t<h2 class=\"elementor-heading-title elementor-size-default\">International<\/h2>\t\t\t\t<\/div>\n\t\t\t\t<\/div>\n\t\t\t\t<div class=\"elementor-element elementor-element-1fd67ae elementor-widget elementor-widget-text-editor\" data-id=\"1fd67ae\" data-element_type=\"widget\" data-e-type=\"widget\" data-widget_type=\"text-editor.default\">\n\t\t\t\t<div class=\"elementor-widget-container\">\n\t\t\t\t\t\t\t\t\t<p><strong>Handicap\u00a0<\/strong><\/p>\n<ul>\n<li>Observation g\u00e9n\u00e9rale no 4 (2016) sur le droit \u00e0 l\u2019\u00e9ducation inclusive (<a href=\"https:\/\/www.ohchr.org\/fr\/documents\/general-comments-and-recommendations\/general-comment-no-4-article-24-right-inclusive\">lien<\/a>)<\/li>\n<li>Les autres observations g\u00e9n\u00e9rales du comit\u00e9 relatif aux droits des personnes handicap\u00e9es (<a href=\"https:\/\/tbinternet.ohchr.org\/_layouts\/15\/treatybodyexternal\/TBSearch.aspx?Lang=en&amp;TreatyID=4&amp;DocTypeID=11\">lien<\/a>)<\/li>\n<\/ul>\n<p><strong>Enfants<\/strong><\/p>\n<ul>\n<li>OBSERVATION G\u00c9N\u00c9RALE No 1 (2001) PARAGRAPHE 1 DE L&#8217;ARTICLE 29 : LES BUTS DE L&#8217;\u00c9DUCATION (<a href=\"https:\/\/docstore.ohchr.org\/SelfServices\/FilesHandler.ashx?enc=YRvA02BDSPW35j2n43wSo9h8sIcj8NDvkRjxkEAVlvm0ZC3klcfLQNgg9JqlSYcmkkEy5dsPsGHvEU48fQGrdw%3D%3D\">lien<\/a>)<\/li>\n<li>OBSERVATION G\u00c9N\u00c9RALE N o 9 (2006) Les droits des enfants handicap\u00e9s (<a href=\"https:\/\/docstore.ohchr.org\/SelfServices\/FilesHandler.ashx?enc=5XodOkKllKMHviZRsbSiz8S3v%2BYUj5Q2I5e%2FprFGni0oudVXvQdVSDZ%2FdhVict473e6WwAV9JJZ9EoVCX61cZA%3D%3D\">lien<\/a>)<\/li>\n<li>Observation g\u00e9n\u00e9rale no 17 (2013) sur le droit de l\u2019enfant au repos et aux loisirs, de se livrer au jeu et \u00e0 des activit\u00e9s r\u00e9cr\u00e9atives et de participer \u00e0 la vie culturelle et artistique (art. 31) (<a href=\"https:\/\/docstore.ohchr.org\/SelfServices\/FilesHandler.ashx?enc=fZmqGGhZUnmaLpwuEd8peGZ0eBtglc%2BSVxlyO9wu2waU8hFyFGu7Cua%2FLoDnqDiaFwjxaQPgrIRotJQa1HYkEQ%3D%3D\">lien<\/a>)<\/li>\n<li>Les observations g\u00e9n\u00e9rales du comit\u00e9 relatif aux droits des enfants (<a href=\"https:\/\/tbinternet.ohchr.org\/_layouts\/15\/treatybodyexternal\/TBSearch.aspx?Lang=en&amp;TreatyID=5&amp;DocTypeID=11\">lien<\/a>)<\/li>\n<\/ul>\t\t\t\t\t\t\t\t<\/div>\n\t\t\t\t<\/div>\n\t\t\t\t\t<\/div>\n\t\t\t\t<\/div>\n\t\t\t\t<\/div>\n\t\t","protected":false},"excerpt":{"rendered":"<p>Liens utiles Inclusion Communiqu\u00e9 de presse Le droit \u00e0 l\u2019\u00e9ducation pour tous \u2013 un droit consacr\u00e9 Au Luxembourg Communiqu\u00e9 de presse Le droit \u00e0 l\u2019\u00e9ducation pour tous \u2013 un droit consacr\u00e9 Plan d&#8217;action national 2019 &#8211; 2004 (lien) Evaluation (lien) Rapport p\u00e9riodique CIDPH Luxembourg (lien) Rapport alternatif de Info handicap sur la mise en \u0153uvre [&hellip;]<\/p>\n","protected":false},"author":3,"featured_media":0,"parent":0,"menu_order":0,"comment_status":"closed","ping_status":"closed","template":"","meta":{"_acf_changed":false,"footnotes":""},"article-cdie":[],"dossier":[],"class_list":["post-4085","page","type-page","status-publish","hentry"],"acf":[],"_links":{"self":[{"href":"https:\/\/www.okaju.lu\/de\/wp-json\/wp\/v2\/pages\/4085","targetHints":{"allow":["GET"]}}],"collection":[{"href":"https:\/\/www.okaju.lu\/de\/wp-json\/wp\/v2\/pages"}],"about":[{"href":"https:\/\/www.okaju.lu\/de\/wp-json\/wp\/v2\/types\/page"}],"author":[{"embeddable":true,"href":"https:\/\/www.okaju.lu\/de\/wp-json\/wp\/v2\/users\/3"}],"replies":[{"embeddable":true,"href":"https:\/\/www.okaju.lu\/de\/wp-json\/wp\/v2\/comments?post=4085"}],"version-history":[{"count":7,"href":"https:\/\/www.okaju.lu\/de\/wp-json\/wp\/v2\/pages\/4085\/revisions"}],"predecessor-version":[{"id":4105,"href":"https:\/\/www.okaju.lu\/de\/wp-json\/wp\/v2\/pages\/4085\/revisions\/4105"}],"wp:attachment":[{"href":"https:\/\/www.okaju.lu\/de\/wp-json\/wp\/v2\/media?parent=4085"}],"wp:term":[{"taxonomy":"article-cdie","embeddable":true,"href":"https:\/\/www.okaju.lu\/de\/wp-json\/wp\/v2\/article-cdie?post=4085"},{"taxonomy":"dossier","embeddable":true,"href":"https:\/\/www.okaju.lu\/de\/wp-json\/wp\/v2\/dossier?post=4085"}],"curies":[{"name":"wp","href":"https:\/\/api.w.org\/{rel}","templated":true}]}}