{"id":5730,"date":"2025-10-01T15:14:58","date_gmt":"2025-10-01T13:14:58","guid":{"rendered":"https:\/\/www.okaju.lu\/aufruf-zur-teilnahme-an-erfahrungsberichten-ra2025\/"},"modified":"2026-02-18T16:38:10","modified_gmt":"2026-02-18T15:38:10","slug":"aufruf-zur-einreichung-von-beitraegen-zur-inklusion-von-kindern-und-jugendlichen-mit-behinderung-in-luxemburg","status":"publish","type":"page","link":"https:\/\/www.okaju.lu\/de\/aufruf-zur-einreichung-von-beitraegen-zur-inklusion-von-kindern-und-jugendlichen-mit-behinderung-in-luxemburg\/","title":{"rendered":"Aufruf zur Teilnahme an Erfahrungsberichten RA2025"},"content":{"rendered":"\t\t<div data-elementor-type=\"wp-page\" data-elementor-id=\"5730\" class=\"elementor elementor-5730\" data-elementor-post-type=\"page\">\n\t\t\t\t<div class=\"elementor-element elementor-element-86aebd2 e-flex e-con-boxed e-con e-parent\" data-id=\"86aebd2\" data-element_type=\"container\" data-e-type=\"container\">\n\t\t\t\t\t<div class=\"e-con-inner\">\n\t\t\t\t<div class=\"elementor-element elementor-element-11adca7 elementor-widget elementor-widget-heading\" data-id=\"11adca7\" data-element_type=\"widget\" data-e-type=\"widget\" data-widget_type=\"heading.default\">\n\t\t\t\t<div class=\"elementor-widget-container\">\n\t\t\t\t\t<h2 class=\"elementor-heading-title elementor-size-default\">Aufruf zur Teilnahme an Erfahrungsberichten<\/h2>\t\t\t\t<\/div>\n\t\t\t\t<\/div>\n\t\t\t\t<div class=\"elementor-element elementor-element-b2ad818 elementor-widget__width-initial elementor-widget elementor-widget-text-editor\" data-id=\"b2ad818\" data-element_type=\"widget\" data-e-type=\"widget\" data-widget_type=\"text-editor.default\">\n\t\t\t\t<div class=\"elementor-widget-container\">\n\t\t\t\t\t\t\t\t\t<p><strong>F\u00fcr seinen Jahresbericht 2025 ruft der Ombudsmann f\u00fcr Kinder und Jugendliche, der Kinderrechtsbeauftragte, Kinder und Jugendliche dazu auf, ihre Erfahrungen zu schildern. <\/strong><\/p><p>Les enfants et les jeunes ont des droits \u2013 si tu ne les connais pas, clique <a href=\"https:\/\/www.okaju.lu\/de\/die-rechte-des-kindes\/\" target=\"_blank\" rel=\"noopener\">ici<\/a>. <br>Ces droits sont importants. Ils doivent \u00eatre respect\u00e9s. Mais parfois, ce n\u2019est pas le cas.  <\/p><ul><li>Wurden deine Rechte nicht <strong>respektiert<\/strong>?<\/li><li>Wurdest du <strong>ungerecht <\/strong>behandelt?<\/li><li>Hast du etwas Schwieriges <strong>erlebt<\/strong>?<\/li><\/ul><p>Der Ombudsmann f\u00fcr Kinder und Jugendliche m\u00f6chte deine Geschichte erfahren, um sie in einem Buch zu ver\u00f6ffentlichen, das er jedes Jahr zum Thema Kinderrechte herausgibt.<\/p>\t\t\t\t\t\t\t\t<\/div>\n\t\t\t\t<\/div>\n\t\t\t\t<div class=\"elementor-element elementor-element-30ef5be elementor-widget elementor-widget-text-editor\" data-id=\"30ef5be\" data-element_type=\"widget\" data-e-type=\"widget\" data-widget_type=\"text-editor.default\">\n\t\t\t\t<div class=\"elementor-widget-container\">\n\t\t\t\t\t\t\t\t\t<p><a href=\"https:\/\/www.okaju.lu\/wp-content\/uploads\/2025\/10\/Appel-a-temoignages_flyer-1.pdf\" target=\"_blank\" rel=\"noopener\">T\u00e9l\u00e9chargez le d\u00e9pliant en PDF<\/a><\/p>\t\t\t\t\t\t\t\t<\/div>\n\t\t\t\t<\/div>\n\t\t\t\t\t<\/div>\n\t\t\t\t<\/div>\n\t\t<div class=\"elementor-element elementor-element-f726384 e-flex e-con-boxed e-con e-parent\" data-id=\"f726384\" data-element_type=\"container\" data-e-type=\"container\" data-settings=\"{&quot;background_background&quot;:&quot;classic&quot;}\">\n\t\t\t\t\t<div class=\"e-con-inner\">\n\t\t<div class=\"elementor-element elementor-element-b501e19 e-con-full e-flex e-con e-child\" data-id=\"b501e19\" data-element_type=\"container\" data-e-type=\"container\">\n\t\t\t\t<div class=\"elementor-element elementor-element-eef6784 elementor-widget elementor-widget-image\" data-id=\"eef6784\" data-element_type=\"widget\" data-e-type=\"widget\" data-widget_type=\"image.default\">\n\t\t\t\t<div class=\"elementor-widget-container\">\n\t\t\t\t\t\t\t\t\t\t\t\t\t\t\t<img fetchpriority=\"high\" decoding=\"async\" width=\"800\" height=\"658\" src=\"https:\/\/www.okaju.lu\/wp-content\/uploads\/2025\/07\/HibOKAJU_v01-972x800.png\" class=\"attachment-large size-large wp-image-4094\" alt=\"Illustration, Hibou de l&#039;OKAJU\" srcset=\"https:\/\/www.okaju.lu\/wp-content\/uploads\/2025\/07\/HibOKAJU_v01-972x800.png 972w, https:\/\/www.okaju.lu\/wp-content\/uploads\/2025\/07\/HibOKAJU_v01-486x400.png 486w, https:\/\/www.okaju.lu\/wp-content\/uploads\/2025\/07\/HibOKAJU_v01-768x632.png 768w, https:\/\/www.okaju.lu\/wp-content\/uploads\/2025\/07\/HibOKAJU_v01.png 1500w\" sizes=\"(max-width: 800px) 100vw, 800px\" \/>\t\t\t\t\t\t\t\t\t\t\t\t\t\t\t<\/div>\n\t\t\t\t<\/div>\n\t\t\t\t<\/div>\n\t\t<div class=\"elementor-element elementor-element-6ee0863 e-con-full e-flex e-con e-child\" data-id=\"6ee0863\" data-element_type=\"container\" data-e-type=\"container\">\n\t\t\t\t<div class=\"elementor-element elementor-element-825665e elementor-widget elementor-widget-heading\" data-id=\"825665e\" data-element_type=\"widget\" data-e-type=\"widget\" data-widget_type=\"heading.default\">\n\t\t\t\t<div class=\"elementor-widget-container\">\n\t\t\t\t\t<h2 class=\"elementor-heading-title elementor-size-default\">Infobox<\/h2>\t\t\t\t<\/div>\n\t\t\t\t<\/div>\n\t\t\t\t<div class=\"elementor-element elementor-element-26ed846 elementor-widget elementor-widget-text-editor\" data-id=\"26ed846\" data-element_type=\"widget\" data-e-type=\"widget\" data-widget_type=\"text-editor.default\">\n\t\t\t\t<div class=\"elementor-widget-container\">\n\t\t\t\t\t\t\t\t\t<p><strong>F\u00fcr seinen Jahresbericht 2025 ruft der Ombudsmann f\u00fcr Kinder und Jugendliche, der Kinderrechtsbeauftragte, Kinder und Jugendliche dazu auf, ihre Erfahrungen zu schildern.<\/strong> Du kannst <strong>deine Geschichte bis zum 20. Oktober 2025 schreiben<\/strong>. Das ist anonym, niemand wird erfahren, dass du sie geschrieben hast. <\/p><p>Wenn deine Rechte nicht respektiert wurden, kannst du uns auch jederzeit telefonisch dar\u00fcber berichten: 28 37 36 35 (montags bis freitags von 8:30 bis 17:00 Uhr) oder per E-Mail: contact@okaju.lu.<\/p><p><strong>Wir sind das ganze Jahr \u00fcber f\u00fcr dich da und helfen dir gerne weiter.<\/strong><\/p>\t\t\t\t\t\t\t\t<\/div>\n\t\t\t\t<\/div>\n\t\t\t\t<\/div>\n\t\t\t\t\t<\/div>\n\t\t\t\t<\/div>\n\t\t<div class=\"elementor-element elementor-element-05b032f e-flex e-con-boxed e-con e-parent\" data-id=\"05b032f\" data-element_type=\"container\" data-e-type=\"container\">\n\t\t\t\t\t<div class=\"e-con-inner\">\n\t\t<div class=\"elementor-element elementor-element-3260472 e-con-full e-flex e-con e-child\" data-id=\"3260472\" data-element_type=\"container\" data-e-type=\"container\" data-settings=\"{&quot;background_background&quot;:&quot;classic&quot;}\">\n\t\t\t\t<div class=\"elementor-element elementor-element-6fe62ec elementor-widget elementor-widget-heading\" data-id=\"6fe62ec\" data-element_type=\"widget\" data-e-type=\"widget\" data-widget_type=\"heading.default\">\n\t\t\t\t<div class=\"elementor-widget-container\">\n\t\t\t\t\t<h2 class=\"elementor-heading-title elementor-size-default\">Hier kannst du deine Geschichte schreiben<\/h2>\t\t\t\t<\/div>\n\t\t\t\t<\/div>\n\t\t\t\t<div class=\"elementor-element elementor-element-1504199 elementor-widget elementor-widget-text-editor\" data-id=\"1504199\" data-element_type=\"widget\" data-e-type=\"widget\" data-widget_type=\"text-editor.default\">\n\t\t\t\t<div class=\"elementor-widget-container\">\n\t\t\t\t\t\t\t\t\t<p>Der Ombudsmann f\u00fcr Kinder und Jugendliche m\u00f6chte wissen, wie du deine Rechte in Luxemburg wahrnimmst. Deine Geschichte kann in seinem Buch \u00fcber die Rechte des Kindes ver\u00f6ffentlicht werden. <\/p>\t\t\t\t\t\t\t\t<\/div>\n\t\t\t\t<\/div>\n\t\t\t\t<div class=\"elementor-element elementor-element-426cc9d elementor-widget elementor-widget-html\" data-id=\"426cc9d\" data-element_type=\"widget\" data-e-type=\"widget\" data-widget_type=\"html.default\">\n\t\t\t\t<div class=\"elementor-widget-container\">\n\t\t\t\t\t<iframe src=\"https:\/\/docs.google.com\/forms\/d\/e\/1FAIpQLScvjJbub4kL7s3B6rLzbh3TWgqxZ0gcaCUvYuKOEXe5-GaVkQ\/viewform?embedded=true\" width=\"840\" height=\"585\" frameborder=\"0\" marginheight=\"0\" marginwidth=\"0\">Loading\u2026<\/iframe>\t\t\t\t<\/div>\n\t\t\t\t<\/div>\n\t\t\t\t<\/div>\n\t\t<div class=\"elementor-element elementor-element-60ecdaa e-con-full e-flex e-con e-child\" data-id=\"60ecdaa\" data-element_type=\"container\" data-e-type=\"container\" data-settings=\"{&quot;background_background&quot;:&quot;classic&quot;}\">\n\t\t<div class=\"elementor-element elementor-element-0ab89ee e-con-full e-flex e-con e-child\" data-id=\"0ab89ee\" data-element_type=\"container\" data-e-type=\"container\">\n\t\t\t\t<div class=\"elementor-element elementor-element-00d45b7 elementor-widget elementor-widget-image\" data-id=\"00d45b7\" data-element_type=\"widget\" data-e-type=\"widget\" data-widget_type=\"image.default\">\n\t\t\t\t<div class=\"elementor-widget-container\">\n\t\t\t\t\t\t\t\t\t\t\t\t\t\t\t<img decoding=\"async\" src=\"https:\/\/www.okaju.lu\/wp-content\/uploads\/2025\/05\/Art-13.png\" title=\"\" alt=\"\" loading=\"lazy\" \/>\t\t\t\t\t\t\t\t\t\t\t\t\t\t\t<\/div>\n\t\t\t\t<\/div>\n\t\t\t\t<div class=\"elementor-element elementor-element-20fe60a elementor-widget elementor-widget-heading\" data-id=\"20fe60a\" data-element_type=\"widget\" data-e-type=\"widget\" data-widget_type=\"heading.default\">\n\t\t\t\t<div class=\"elementor-widget-container\">\n\t\t\t\t\t<h3 class=\"elementor-heading-title elementor-size-default\">Hier sind einige Beispiele f\u00fcr Dinge, \u00fcber die du mit uns sprechen kannst:<\/h3>\t\t\t\t<\/div>\n\t\t\t\t<\/div>\n\t\t\t\t<div class=\"elementor-element elementor-element-b7d3b95 elementor-widget elementor-widget-text-editor\" data-id=\"b7d3b95\" data-element_type=\"widget\" data-e-type=\"widget\" data-widget_type=\"text-editor.default\">\n\t\t\t\t<div class=\"elementor-widget-container\">\n\t\t\t\t\t\t\t\t\t<h5>Gerechtigkeit und Schutz von Kindern und Jugendlichen<\/h5>\n<ul>\n<li>Bedarf nach Hilfe oder Gerechtigkeit:\n<ul>\n<li>Hat dir jemand wehgetan? Hast du Hilfe bekommen? <\/li>\n<li>Hast du Hilfe von einem Erwachsenen, der Polizei oder einem Richter gebraucht, um dich zu sch\u00fctzen oder ein Problem zu l\u00f6sen?<\/li>\n<\/ul>\n<\/li>\n<li>Deine Sicherheit im Internet (soziale Netzwerke, Online-Spiele usw.):\n<ul>\n<li>F\u00fchlst du dich im Internet sicher? Hattest du schon einmal Probleme? <\/li>\n<\/ul>\n<\/li>\n<li>Dein Schutz im Allgemeinen:\n<ul>\n<li>F\u00fchlst du dich in deinem Alltag gesch\u00fctzt und sicher? Wenn nicht, warum nicht? <\/li>\n<\/ul>\n<\/li>\n<\/ul>\n<h5>Dein Lebensumfeld<\/h5>\n<ul>\n<li>Mit wenig Geld leben:\n<ul>\n<li>Fehlt es zu Hause manchmal an Geld, um das N\u00f6tige zu kaufen? Ist es manchmal schwierig, alles zu bekommen, was du brauchst (z. B. Kleidung, Schulmaterial, Lebensmittel &#8230;)? <\/li>\n<\/ul>\n<\/li>\n<li>Deine Unterkunft:\n<ul>\n<li>Hast du ein Zuhause oder eine Unterkunft, in der du dich wohlf\u00fchlst?<\/li>\n<li>Wohnst du ohne deine Familie an einem anderen Ort (Heim, Pflegefamilie usw.) und gibt es da Probleme?<\/li>\n<\/ul>\n<\/li>\n<li>Schule, Hort, Jugendzentrum:\n<ul>\n<li>Wie l\u00e4uft es in der Schule, im Hort oder im Jugendzentrum? Hast du dort Probleme? <\/li>\n<\/ul>\n<\/li>\n<li>Sport, Freizeit, Orte zum Spielen:\n<ul>\n<li>Hast du Orte, an denen du spielen, Sport treiben oder Spa\u00df haben kannst? F\u00fchlst du dich dort wohl und geborgen?  <\/li>\n<\/ul>\n<\/li>\n<li>Erfahrungen im Zusammenhang mit Migration oder Einwanderung:\n<ul>\n<li>Hast du schwierige Zeiten durchgemacht, weil du oder deine Familie nach Luxemburg gezogen sind? Ist es manchmal schwierig wegen dieser Umst\u00e4nde? <\/li>\n<\/ul>\n<\/li>\n<\/ul>\t\t\t\t\t\t\t\t<\/div>\n\t\t\t\t<\/div>\n\t\t\t\t<\/div>\n\t\t\t\t<\/div>\n\t\t\t\t\t<\/div>\n\t\t\t\t<\/div>\n\t\t\t\t<\/div>\n\t\t","protected":false},"excerpt":{"rendered":"<p>Aufruf zur Teilnahme an Erfahrungsberichten F\u00fcr seinen Jahresbericht 2025 ruft der Ombudsmann f\u00fcr Kinder und Jugendliche, der Kinderrechtsbeauftragte, Kinder und Jugendliche dazu auf, ihre Erfahrungen zu schildern. Les enfants et les jeunes ont des droits \u2013 si tu ne les connais pas, clique ici. Ces droits sont importants. Ils doivent \u00eatre respect\u00e9s. Mais parfois, ce [&hellip;]<\/p>\n","protected":false},"author":4,"featured_media":0,"parent":0,"menu_order":0,"comment_status":"closed","ping_status":"closed","template":"","meta":{"_acf_changed":false,"footnotes":""},"article-cdie":[],"dossier":[],"class_list":["post-5730","page","type-page","status-publish","hentry"],"acf":[],"_links":{"self":[{"href":"https:\/\/www.okaju.lu\/de\/wp-json\/wp\/v2\/pages\/5730","targetHints":{"allow":["GET"]}}],"collection":[{"href":"https:\/\/www.okaju.lu\/de\/wp-json\/wp\/v2\/pages"}],"about":[{"href":"https:\/\/www.okaju.lu\/de\/wp-json\/wp\/v2\/types\/page"}],"author":[{"embeddable":true,"href":"https:\/\/www.okaju.lu\/de\/wp-json\/wp\/v2\/users\/4"}],"replies":[{"embeddable":true,"href":"https:\/\/www.okaju.lu\/de\/wp-json\/wp\/v2\/comments?post=5730"}],"version-history":[{"count":5,"href":"https:\/\/www.okaju.lu\/de\/wp-json\/wp\/v2\/pages\/5730\/revisions"}],"predecessor-version":[{"id":7859,"href":"https:\/\/www.okaju.lu\/de\/wp-json\/wp\/v2\/pages\/5730\/revisions\/7859"}],"wp:attachment":[{"href":"https:\/\/www.okaju.lu\/de\/wp-json\/wp\/v2\/media?parent=5730"}],"wp:term":[{"taxonomy":"article-cdie","embeddable":true,"href":"https:\/\/www.okaju.lu\/de\/wp-json\/wp\/v2\/article-cdie?post=5730"},{"taxonomy":"dossier","embeddable":true,"href":"https:\/\/www.okaju.lu\/de\/wp-json\/wp\/v2\/dossier?post=5730"}],"curies":[{"name":"wp","href":"https:\/\/api.w.org\/{rel}","templated":true}]}}