{"id":1040,"date":"2023-10-13T11:12:33","date_gmt":"2023-10-13T09:12:33","guid":{"rendered":"https:\/\/www.okaju.lu\/cookies\/"},"modified":"2024-04-12T16:28:50","modified_gmt":"2024-04-12T14:28:50","slug":"cookies","status":"publish","type":"page","link":"https:\/\/www.okaju.lu\/en\/cookies\/","title":{"rendered":"Cookies"},"content":{"rendered":"\n<h1 style=\"font-weight: 400;\">POLITIQUE EN MATIERE DE COOKIES<\/h1>\n<p style=\"font-weight: 400;\">\u00a0<\/p>\n<p style=\"font-weight: 400;\">Derni\u00e8re mise \u00e0 jour : 12\/04\/2024\u00a0<\/p>\n<p style=\"font-weight: 400;\">\u00a0<\/p>\n<p style=\"font-weight: 400;\">L\u2019Ombudsman fir Kanner a Jugendlecher (\u00ab\u00a0OKAJU\u00a0\u00bb) s&#8217;efforce de fournir \u00e0 ses visiteurs\u202fun site internet accessible, fiable et le moins intrusif possible pour leur vie priv\u00e9e.<\/p>\n<p style=\"font-weight: 400;\">L\u2019objectif de cette politique de cookies est de vous informer sur nos pratiques quant \u00e0 la collecte d&#8217;informations vous concernant \u00e0 l&#8217;aide de cookies.\u00a0\u00a0<\/p>\n<h2 style=\"font-weight: 400;\">Qu\u2019est-ce qu\u2019un cookie\u00a0?<\/h2>\n<p style=\"font-weight: 400;\">Les cookies sont de petits fichiers texte \u00e9lectroniques qui sont plac\u00e9s sur votre appareil par les diff\u00e9rents sites internet que vous visitez. Les cookies sont g\u00e9n\u00e9ralement utilis\u00e9s pour permettre aux sites internet de fonctionner efficacement, ainsi que pour fournir diverses informations \u00e0 leur propri\u00e9taire ou \u00e0 des tiers.\u00a0\u00a0<\/p>\n<p style=\"font-weight: 400;\">Les cookies \u00ab\u202fpropri\u00e9taires\u202f\u00bb sont d\u00e9pos\u00e9s par le site que vous consultez. Ils permettent de s\u2019assurer que le site fonctionne efficacement et fournissent diverses informations au propri\u00e9taire du site.<\/p>\n<p style=\"font-weight: 400;\">Les cookies \u00ab tiers \u00bb sont d\u00e9pos\u00e9s sur des domaines diff\u00e9rents du site que vous consultez et sont g\u00e9n\u00e9ralement g\u00e9r\u00e9s par des tiers. Certains de ces cookies sont n\u00e9cessaires au bon fonctionnement du site, tandis que d\u2019autres permettent aux tiers de collecter des informations sur vous, notamment \u00e0 des fins publicitaires.\u00a0<\/p>\n<h2 style=\"font-weight: 400;\">Quels sont les cookies utilis\u00e9s par l\u2019OKAJU\u00a0?<\/h2>\n<p style=\"font-weight: 400;\">L\u2019OKAJU n\u2019utilise qu\u2019un seul cookie, lequel est strictement n\u00e9cessaire au fonctionnement du site internet. Ce cookie ne contient aucune donn\u00e9e personnelle et ne permet pas de vous identifier.<\/p>\n<table style=\"font-weight: 400;\" width=\"598\">\n<tbody>\n<tr>\n<td width=\"56\">\n<p><strong>Nom\u00a0<\/strong><strong>\u00a0<\/strong><\/p>\n<\/td>\n<td width=\"359\">\n<p><strong>Objectif<\/strong><strong>\u00a0<\/strong><\/p>\n<\/td>\n<td width=\"66\">\n<p><strong>Type\u00a0<\/strong><strong>\u00a0<\/strong><\/p>\n<\/td>\n<td width=\"47\">\n<p><strong>Dur\u00e9e<\/strong><strong>\u00a0<\/strong><\/p>\n<\/td>\n<td width=\"69\">\n<p><strong>Transfert<\/strong><strong>\u00a0<\/strong><\/p>\n<\/td>\n<\/tr>\n<tr>\n<td width=\"56\">\n<p><strong>_wpfuuid<\/strong><\/p>\n<\/td>\n<td width=\"359\">\n<p>Cookie utilis\u00e9 par le plugin WordPress WPForms en raison de la pr\u00e9sence d\u2019un formulaire de contact WPForms. Il permet de v\u00e9rifier si l\u2019utilisateur poss\u00e8de un cookie UUID WPForms (<em>Universally Unique Identifier<\/em>). S\u2019il n\u2019en poss\u00e8de pas, le plugin cr\u00e9e un cookie UUID pour l\u2019utilisateur.<\/p>\n<\/td>\n<td width=\"66\">\n<p>Propri\u00e9taire\u00a0<\/p>\n<\/td>\n<td width=\"47\">\n<p>11 ans<\/p>\n<\/td>\n<td width=\"69\">\n<p>France\u00a0<\/p>\n<\/td>\n<\/tr>\n<\/tbody>\n<\/table>\n<p style=\"font-weight: 400;\">\u00a0\u00a0<\/p>\n<p style=\"font-weight: 400;\">Comment d\u00e9sactiver les cookies en configurant votre navigateur ?\u00a0<\/p>\n<p style=\"font-weight: 400;\">Si vous souhaitez d\u00e9sactiver ou supprimer les cookies, la plupart des navigateurs vous permettent de le faire en fournissant des informations sur la mani\u00e8re de param\u00e9trer les cookies. Vous trouverez ces informations et la mani\u00e8re de d\u00e9sactiver et\/ou de supprimer les cookies via les liens suivants :\u00a0<\/p>\n<p style=\"font-weight: 400;\">\u00a0<\/p>\n<ul style=\"font-weight: 400;\">\n<li><a href=\"https:\/\/support.google.com\/chrome\/answer\/95647?hl=en-GB\">Chrome<\/a><\/li>\n<li><a href=\"https:\/\/support.microsoft.com\/en-gb\/windows\/delete-and-manage-cookies-168dab11-0753-043d-7c16-ede5947fc64d\">Internet Explorer<\/a><\/li>\n<li><a href=\"https:\/\/support.mozilla.org\/en-US\/kb\/clear-cookies-and-site-data-firefox\">Firefox<\/a><\/li>\n<li><a href=\"http:\/\/support.apple.com\/kb\/PH5042\">Safari<\/a> et <a href=\"https:\/\/support.apple.com\/en-gb\/HT201265\">Safari pour IOS<\/a><\/li>\n<li><a href=\"https:\/\/help.opera.com\/en\/latest\/web-preferences\/#cookies\">Opera<\/a><\/li>\n<\/ul>\n<p style=\"font-weight: 400;\">Pour en savoir plus sur la mani\u00e8re dont nous traitons vos donn\u00e9es personnelles, veuillez lire notre <a href=\"https:\/\/www.okaju.lu\/en\/politique-de-confidentialite\/\"><u>Politique de confidentialit\u00e9<\/u><u>\u00a0<\/u><\/a>. \u00a0<\/p>\n\n","protected":false},"excerpt":{"rendered":"","protected":false},"author":1,"featured_media":0,"parent":0,"menu_order":0,"comment_status":"closed","ping_status":"closed","template":"","meta":{"_acf_changed":false,"footnotes":""},"article-cdie":[],"dossier":[],"class_list":["post-1040","page","type-page","status-publish","hentry"],"acf":[],"_links":{"self":[{"href":"https:\/\/www.okaju.lu\/en\/wp-json\/wp\/v2\/pages\/1040","targetHints":{"allow":["GET"]}}],"collection":[{"href":"https:\/\/www.okaju.lu\/en\/wp-json\/wp\/v2\/pages"}],"about":[{"href":"https:\/\/www.okaju.lu\/en\/wp-json\/wp\/v2\/types\/page"}],"author":[{"embeddable":true,"href":"https:\/\/www.okaju.lu\/en\/wp-json\/wp\/v2\/users\/1"}],"replies":[{"embeddable":true,"href":"https:\/\/www.okaju.lu\/en\/wp-json\/wp\/v2\/comments?post=1040"}],"version-history":[{"count":1,"href":"https:\/\/www.okaju.lu\/en\/wp-json\/wp\/v2\/pages\/1040\/revisions"}],"predecessor-version":[{"id":1042,"href":"https:\/\/www.okaju.lu\/en\/wp-json\/wp\/v2\/pages\/1040\/revisions\/1042"}],"wp:attachment":[{"href":"https:\/\/www.okaju.lu\/en\/wp-json\/wp\/v2\/media?parent=1040"}],"wp:term":[{"taxonomy":"article-cdie","embeddable":true,"href":"https:\/\/www.okaju.lu\/en\/wp-json\/wp\/v2\/article-cdie?post=1040"},{"taxonomy":"dossier","embeddable":true,"href":"https:\/\/www.okaju.lu\/en\/wp-json\/wp\/v2\/dossier?post=1040"}],"curies":[{"name":"wp","href":"https:\/\/api.w.org\/{rel}","templated":true}]}}