{"id":2043,"date":"2025-01-29T12:12:12","date_gmt":"2025-01-29T11:12:12","guid":{"rendered":"https:\/\/www.okaju.lu\/young-advisors-program\/"},"modified":"2025-03-13T10:20:39","modified_gmt":"2025-03-13T09:20:39","slug":"young-advisors-program","status":"publish","type":"page","link":"https:\/\/www.okaju.lu\/en\/young-advisors-program\/","title":{"rendered":"Young Advisors Program"},"content":{"rendered":"\n[gap height=&#8221;50px&#8221;]\n\n[title text=&#8221;Okaju Young Advisors&#8221; tag_name=&#8221;h2&#8243;]\n\n[row]\n\n[col span=&#8221;8&#8243; span__sm=&#8221;12&#8243;]\n\n<blockquote>\n<p>&#8220;<strong>Kanner a Jugendlecher verd\u00e9ngen eng St\u00ebmm an d\u2019S\u00e9cherheet, eescht geholl ze ginn.<\/strong> Als <em>Young Advisor<\/em> beim OKAJU setzen ech mech dofir an, datt net n\u00ebmmen hir Rechter, mee och hir Meenung a Besoine respekt\u00e9iert ginn. Mee fir wierklech eppes ze bewierken, musse m\u00e9i Jonker sech engag\u00e9ieren.  <\/p>\n<p>Wa mir all eise B\u00e4itrag leeschten, <br>k\u00ebnne mir Europa an d\u2019Welt zu enger besserer Plaz fir jidderee maachen.&#8221;<\/p>\n<\/blockquote>\n<p>Andreas Turki, <em>Young Advisor<\/em><\/p>\n\n[\/col]\n[col span=&#8221;4&#8243; span__sm=&#8221;12&#8243;]\n\n<h3>Promotional material <br>for the 2025 campaign<\/h3>\n<p>Download our postcards (available in French, English and Luxembourgish) and our A3+ posters for the 2025 campaign. A printed version can be requested from OKAJU. <\/p>\n[button text=&#8221;Download ZIP File&#8221; link=&#8221;https:\/\/www.okaju.lu\/wp-content\/uploads\/2025\/03\/OYA2025-Folder.zip&#8221;]\n\n\n[\/col]\n\n[\/row]\n[gap height=&#8221;60px&#8221;]\n\n[title text=&#8221;Oppassen. Nolauschteren. Agr\u00e4ifen.  &#8220;]\n\n<p>Le <em>Young Advisors Program<\/em> de l\u2019OKAJU s\u2019adresse aux jeunes au Luxembourg qui souhaitent avoir un impact positif sur la soci\u00e9t\u00e9. Il est destin\u00e9 <strong>\u00e0 ceux qui veulent conseiller et soutenir<\/strong> l\u2019Ombudsman fir Kanner a Jugendlecher dans son travail.<\/p>\n[section label=&#8221;Dark section with box right&#8221; bg=&#8221;1936&#8243; bg_size=&#8221;original&#8221; bg_color=&#8221;rgb(255,255,255)&#8221; bg_pos=&#8221;100% 100%&#8221; parallax=&#8221;4&#8243; padding=&#8221;50px&#8221; height=&#8221;300px&#8221; border=&#8221;1px 0px 0px 0px&#8221; border_color=&#8221;rgb(235, 235, 235)&#8221;]\n\n[row style=&#8221;large&#8221; v_align=&#8221;middle&#8221;]\n\n[col span=&#8221;6&#8243; span__sm=&#8221;12&#8243; align=&#8221;left&#8221; color=&#8221;light&#8221;]\n\n[ux_text text_align=&#8221;center&#8221;]\n\n<p>&nbsp;<\/p>\n<h2>OKAJU is looking for young people for its Young Advisors Programme<\/h2>\n[\/ux_text]\n<blockquote>\n<p>\u201eEt ass mir wichteg ob d\u2018St\u00ebmm vun de Jonken ze lauschteren, hir Meenungen<br>an Erfahrungen an eis Iwwerleeungen<br>anzebr\u00e9ngen.\u201c<\/p>\n<\/blockquote>\n<p><span style=\"font-size: 75%;\">Charel Schmit<\/span><\/p>\n[gap height=&#8221;50px&#8221;]\n\n\n[\/col]\n\n[\/row]\n\n[\/section]\n<h2>\u00a0<\/h2>\n<h2>\u00c0 propos du Young Advisors Program<\/h2>\n<p>Le Young Advisors Program de l&#8217;OKAJU identifie des jeunes qui souhaitent avoir un impact positif sur la soci\u00e9t\u00e9 civile et qui veulent <strong>assister l\u2019OKAJU<\/strong> dans ses missions de <strong>promotion, de sauvegarde et de protection des droits des enfants et des jeunes<\/strong>.<\/p>\n<h3>Le programme t&#8217;aide :<\/h3>\n<ul>\n<li>\u00e0 d\u00e9couvrir tes forces et talents;<\/li>\n<li>\u00e0 mieux conna\u00eetre tes droits et tes responsabilit\u00e9s;<\/li>\n<li>\u00e0 d\u00e9velopper les comp\u00e9tences n\u00e9cessaires pour apporter des am\u00e9liorations notables \u00e0 la soci\u00e9t\u00e9 et \u00e0 ta <em>community<\/em> et, par l\u00e0, \u00eatre un <em>changemaker<\/em>.<\/li>\n<\/ul>\n<h3>Le programme t&#8217;offre :<\/h3>\n<ul>\n<li>le support et les ressources pour r\u00e9aliser tes projets;<\/li>\n<li>une formation comprenant des opportunit\u00e9s de <strong>mentorat<\/strong> et de <strong>mise en r\u00e9seau<\/strong>.<\/li>\n<\/ul>\n<p>Les jeunes conseillers de l&#8217;OKAJU <strong>travailleront en \u00e9troite collaboration avec l&#8217;Ombudsman pour enfants et adolescents<\/strong> sur toutes les questions li\u00e9es aux droits et au bien-\u00eatre des enfants et des jeunes en y apportant leur exp\u00e9rience et leur perspective.<\/p>\n[title text=&#8221;Get involved!&#8221; margin_top=&#8221;40px&#8221;]\n\n[row]\n\n[col span=&#8221;1&#8243; span__sm=&#8221;12&#8243;]\n\n\n[\/col]\n[col span=&#8221;11&#8243; span__sm=&#8221;12&#8243;]\n\n[accordion title=&#8221;Frequently asked questions&#8221;]\n\n[accordion-item title=&#8221;Why take part?&#8221;]\n\n<h3>Your voice matters to us!<\/h3>\n<p>The<strong> young advisors<\/strong> of OKAJU <strong>will work closely<\/strong> with the Ombudsman for Children and Adolescents on all matters relating to the rights and welfare of children and young people, contributing their<strong> experience and perspective<\/strong>.<\/p>\n<h3>Training<\/h3>\n<p>Want to better understand your rights and develop new skills? Join our training programme for young people and become an agent of change! <\/p>\n<ul>\n<li>The rights of children and young people and the role of OKAJU;<\/li>\n<li>The state of democracy in Luxembourg and in Europe;<\/li>\n<li>The skills needed to realise his projects;<\/li>\n<li>Different ways of communicating;<\/li>\n<li>Wellbeing and mental health.<\/li>\n<\/ul>\n<h3>Study visits and participation in events in Luxembourg and abroad<\/h3>\n<p>The programme also offers OKAJU<em> Young Advisors<\/em> the opportunity to<br>meet outside of group sessions to form deep, lasting relationships<br>that will accompany them throughout their journey.<\/p>\n\n[\/accordion-item]\n[accordion-item title=&#8221;Who can take part?&#8221;]\n\n<p>The OKAJU<em> Young Advisors Programme<\/em> is aimed at all young people aged<strong> between 13 and 18<\/strong>.<\/p>\n\n[\/accordion-item]\n[accordion-item title=&#8221;How to participate?&#8221;]\n\n<h3>Your role in promoting children&#8217;s rights<\/h3>\n<p>The young advisors <strong>meet regularly to discuss children&#8217;s rights and advise OKAJU<\/strong> by sharing their perspective. They identify priority themes, design awareness-raising activities and participate in national and international events. Their commitment enables the<strong> development of concrete projects and makes the voice of young people heard<\/strong>. In this way, they actively contribute to the promotion and protection of children&#8217;s rights.  <\/p>\n<h3>Sign up now!<\/h3>\n<p>If you would like to<strong> become an OKAJU <em>Young Advisor<\/em><\/strong>, simply fill in the form below. For any questions or assistance, contact OKAJU on 28 37 36 35 or by email at youngadvisors@okaju.lu. <\/p>\n\n[\/accordion-item]\n\n[\/accordion]\n[gap height=&#8221;60px&#8221;]\n\n[ux_html label=&#8221;Form OYA&#8221;]\n\n<style id=\"wpforms-css-vars-1976\">\n\t\t\t\t#wpforms-1976 {\n\t\t\t\t\n\t\t\t}\n\t\t\t<\/style><div class=\"wpforms-container wpforms-container-full wpforms-container-save-resume wpforms-render-modern\" id=\"wpforms-1976\"><form id=\"wpforms-form-1976\" class=\"wpforms-validate wpforms-form wpforms-ajax-form\" data-formid=\"1976\" method=\"post\" enctype=\"multipart\/form-data\" action=\"\/en\/wp-json\/wp\/v2\/pages\/2043\" data-token=\"bcef7bd5d9d86454952f64a8030e8d46\" data-token-time=\"1777311848\"><noscript class=\"wpforms-error-noscript\">Please enable JavaScript in your browser to complete this form.<\/noscript><div id=\"wpforms-error-noscript\" style=\"display: none;\">Please enable JavaScript in your browser to complete this form.<\/div><div class=\"wpforms-field-container\"><div id=\"wpforms-1976-field_1-container\" class=\"wpforms-field wpforms-field-name\" data-field-type=\"name\" data-field-id=\"1\"><fieldset><legend class=\"wpforms-field-label\">Last Name <span class=\"wpforms-required-label\" aria-hidden=\"true\">*<\/span><\/legend><div class=\"wpforms-field-row wpforms-field-medium\"><div class=\"wpforms-field-row-block wpforms-first wpforms-one-half\"><input type=\"text\" id=\"wpforms-1976-field_1\" class=\"wpforms-field-name-first wpforms-field-required\" name=\"wpforms[fields][1][first]\" placeholder=\"First Name\" aria-errormessage=\"wpforms-1976-field_1-error\" required><label for=\"wpforms-1976-field_1\" class=\"wpforms-field-sublabel after wpforms-sublabel-hide\">First<\/label><\/div><div class=\"wpforms-field-row-block wpforms-one-half\"><input type=\"text\" id=\"wpforms-1976-field_1-last\" class=\"wpforms-field-name-last wpforms-field-required\" name=\"wpforms[fields][1][last]\" placeholder=\"Last Name\" aria-errormessage=\"wpforms-1976-field_1-last-error\" required><label for=\"wpforms-1976-field_1-last\" class=\"wpforms-field-sublabel after wpforms-sublabel-hide\">Last<\/label><\/div><\/div><\/fieldset><\/div>\t\t<div id=\"wpforms-1976-field_4-container\"\n\t\t\tclass=\"wpforms-field wpforms-field-text\"\n\t\t\tdata-field-type=\"text\"\n\t\t\tdata-field-id=\"4\"\n\t\t\t>\n\t\t\t<label class=\"wpforms-field-label\" for=\"wpforms-1976-field_4\" >hope candidate choice<\/label>\n\t\t\t<input type=\"text\" id=\"wpforms-1976-field_4\" class=\"wpforms-field-medium\" name=\"wpforms[fields][4]\" >\n\t\t<\/div>\n\t\t<div id=\"wpforms-1976-field_6-container\" class=\"wpforms-field wpforms-field-email\" data-field-type=\"email\" data-field-id=\"6\"><label class=\"wpforms-field-label\" for=\"wpforms-1976-field_6\">Email <span class=\"wpforms-required-label\" aria-hidden=\"true\">*<\/span><\/label><input type=\"email\" id=\"wpforms-1976-field_6\" class=\"wpforms-field-medium wpforms-field-required\" name=\"wpforms[fields][6]\" spellcheck=\"false\" aria-errormessage=\"wpforms-1976-field_6-error\" required><\/div><div id=\"wpforms-1976-field_7-container\" class=\"wpforms-field wpforms-field-phone\" data-field-type=\"phone\" data-field-id=\"7\"><label class=\"wpforms-field-label\" for=\"wpforms-1976-field_7\">T\u00e9l\u00e9phone mobile<\/label><input type=\"tel\" id=\"wpforms-1976-field_7\" class=\"wpforms-field-medium\" data-rule-int-phone-field=\"true\" name=\"wpforms[fields][7]\" aria-label=\"T\u00e9l\u00e9phone mobile\" aria-errormessage=\"wpforms-1976-field_7-error\" ><\/div><div id=\"wpforms-1976-field_2-container\" class=\"wpforms-field wpforms-field-textarea\" data-field-type=\"textarea\" data-field-id=\"2\"><label class=\"wpforms-field-label\" for=\"wpforms-1976-field_2\">In the language of your choice (Luxembourgish, French or English), describe why you are the ideal candidate to participate in the OKAJU young advisors programme. <span class=\"wpforms-required-label\" aria-hidden=\"true\">*<\/span><\/label><textarea id=\"wpforms-1976-field_2\" class=\"wpforms-field-medium wpforms-field-required\" name=\"wpforms[fields][2]\" aria-errormessage=\"wpforms-1976-field_2-error\" required><\/textarea><\/div><div id=\"wpforms-1976-field_3-container\" class=\"wpforms-field wpforms-field-textarea\" data-field-type=\"textarea\" data-field-id=\"3\"><label class=\"wpforms-field-label\" for=\"wpforms-1976-field_3\">What do you hope to learn and discover by participating in the programme as a candidate?<\/label><textarea id=\"wpforms-1976-field_3\" class=\"wpforms-field-medium\" name=\"wpforms[fields][3]\" aria-errormessage=\"wpforms-1976-field_3-error\" ><\/textarea><\/div><div id=\"wpforms-1976-field_5-container\" class=\"wpforms-field wpforms-field-checkbox\" data-field-type=\"checkbox\" data-field-id=\"5\"><fieldset><legend class=\"wpforms-field-label\">Permission <span class=\"wpforms-required-label\" aria-hidden=\"true\">*<\/span><\/legend><ul id=\"wpforms-1976-field_5\" class=\"wpforms-field-required\"><li class=\"choice-1 depth-1\"><input type=\"checkbox\" id=\"wpforms-1976-field_5_1\" name=\"wpforms[fields][5][]\" value=\"I consent to the processing of my data for the purposes indicated and under the conditions specified in the information notice.\" aria-errormessage=\"wpforms-1976-field_5_1-error\" required ><label class=\"wpforms-field-label-inline\" for=\"wpforms-1976-field_5_1\">I consent to the processing of my data for the purposes indicated and under the conditions specified in the information notice.<\/label><\/li><\/ul><\/fieldset><\/div><script>\n\t\t\t\t( function() {\n\t\t\t\t\tconst style = document.createElement( 'style' );\n\t\t\t\t\tstyle.appendChild( document.createTextNode( '#wpforms-1976-field_4-container { position: absolute !important; overflow: hidden !important; display: inline !important; height: 1px !important; width: 1px !important; z-index: -1000 !important; padding: 0 !important; } #wpforms-1976-field_4-container input { visibility: hidden; } #wpforms-conversational-form-page #wpforms-1976-field_4-container label { counter-increment: none; }' ) );\n\t\t\t\t\tdocument.head.appendChild( style );\n\t\t\t\t\tdocument.currentScript?.remove();\n\t\t\t\t} )();\n\t\t\t<\/script><\/div><!-- .wpforms-field-container --><div class=\"wpforms-submit-container\" ><input type=\"hidden\" name=\"wpforms[id]\" value=\"1976\"><input type=\"hidden\" name=\"page_title\" value=\"\"><input type=\"hidden\" name=\"page_url\" value=\"https:\/\/www.okaju.lu\/en\/wp-json\/wp\/v2\/pages\/2043\"><input type=\"hidden\" name=\"url_referer\" value=\"\"><button type=\"submit\" name=\"wpforms[submit]\" id=\"wpforms-submit-1976\" class=\"wpforms-submit\" data-alt-text=\"Sending...\" data-submit-text=\"Submit\" aria-live=\"assertive\" value=\"wpforms-submit\">Submit<\/button><img decoding=\"async\" src=\"https:\/\/www.okaju.lu\/wp-content\/plugins\/wpforms\/assets\/images\/submit-spin.svg\" class=\"wpforms-submit-spinner\" style=\"display: none;\" width=\"26\" height=\"26\" alt=\"Loading\"><\/div><\/form><\/div>  <!-- .wpforms-container -->\n[\/ux_html]\n\n[\/col]\n\n[\/row]\n[row]\n\n\n[\/row]\n\n","protected":false},"excerpt":{"rendered":"","protected":false},"author":3,"featured_media":0,"parent":0,"menu_order":0,"comment_status":"closed","ping_status":"closed","template":"","meta":{"_acf_changed":false,"footnotes":""},"article-cdie":[],"dossier":[],"class_list":["post-2043","page","type-page","status-publish","hentry"],"acf":[],"_links":{"self":[{"href":"https:\/\/www.okaju.lu\/en\/wp-json\/wp\/v2\/pages\/2043","targetHints":{"allow":["GET"]}}],"collection":[{"href":"https:\/\/www.okaju.lu\/en\/wp-json\/wp\/v2\/pages"}],"about":[{"href":"https:\/\/www.okaju.lu\/en\/wp-json\/wp\/v2\/types\/page"}],"author":[{"embeddable":true,"href":"https:\/\/www.okaju.lu\/en\/wp-json\/wp\/v2\/users\/3"}],"replies":[{"embeddable":true,"href":"https:\/\/www.okaju.lu\/en\/wp-json\/wp\/v2\/comments?post=2043"}],"version-history":[{"count":4,"href":"https:\/\/www.okaju.lu\/en\/wp-json\/wp\/v2\/pages\/2043\/revisions"}],"predecessor-version":[{"id":2140,"href":"https:\/\/www.okaju.lu\/en\/wp-json\/wp\/v2\/pages\/2043\/revisions\/2140"}],"wp:attachment":[{"href":"https:\/\/www.okaju.lu\/en\/wp-json\/wp\/v2\/media?parent=2043"}],"wp:term":[{"taxonomy":"article-cdie","embeddable":true,"href":"https:\/\/www.okaju.lu\/en\/wp-json\/wp\/v2\/article-cdie?post=2043"},{"taxonomy":"dossier","embeddable":true,"href":"https:\/\/www.okaju.lu\/en\/wp-json\/wp\/v2\/dossier?post=2043"}],"curies":[{"name":"wp","href":"https:\/\/api.w.org\/{rel}","templated":true}]}}