{"id":3779,"date":"2025-05-07T16:09:55","date_gmt":"2025-05-07T14:09:55","guid":{"rendered":"https:\/\/www.okaju.lu\/decouvrez-tous-les-droits-des-enfants-en-a-traduire\/"},"modified":"2025-05-08T14:43:13","modified_gmt":"2025-05-08T12:43:13","slug":"decouvrez-tous-les-droits-des-enfants-en-a-traduire","status":"publish","type":"page","link":"https:\/\/www.okaju.lu\/en\/decouvrez-tous-les-droits-des-enfants-en-a-traduire\/","title":{"rendered":"D\u00e9couvrez tous les droits des enfants (EN \u00e0 traduire)"},"content":{"rendered":"\t\t<div data-elementor-type=\"wp-page\" data-elementor-id=\"3779\" class=\"elementor elementor-3779 elementor-3729\" data-elementor-post-type=\"page\">\n\t\t\t\t<div class=\"elementor-element elementor-element-36626cfb e-flex e-con-boxed e-con e-parent\" data-id=\"36626cfb\" data-element_type=\"container\" data-e-type=\"container\">\n\t\t\t\t\t<div class=\"e-con-inner\">\n\t\t\t\t\t<\/div>\n\t\t\t\t<\/div>\n\t\t<div class=\"elementor-element elementor-element-35716dc e-flex e-con-boxed e-con e-parent\" data-id=\"35716dc\" data-element_type=\"container\" data-e-type=\"container\">\n\t\t\t\t\t<div class=\"e-con-inner\">\n\t\t\t\t<div class=\"elementor-element elementor-element-c4d5f8b elementor-widget elementor-widget-heading\" data-id=\"c4d5f8b\" data-element_type=\"widget\" data-e-type=\"widget\" data-widget_type=\"heading.default\">\n\t\t\t\t<div class=\"elementor-widget-container\">\n\t\t\t\t\t<h2 class=\"elementor-heading-title elementor-size-default\">Nos droits, c\u2019est quoi ?<\/h2>\t\t\t\t<\/div>\n\t\t\t\t<\/div>\n\t\t\t\t<div class=\"elementor-element elementor-element-01d8729 elementor-widget elementor-widget-text-editor\" data-id=\"01d8729\" data-element_type=\"widget\" data-e-type=\"widget\" data-widget_type=\"text-editor.default\">\n\t\t\t\t<div class=\"elementor-widget-container\">\n\t\t\t\t\t\t\t\t\t<p>Nous, les enfants et les adolescents, avons des droits. Ce sont comme des r\u00e8gles importantes qui disent que nous devons \u00eatre respect\u00e9s et que nous avons le droit d\u2019avoir ce qu\u2019il nous faut pour bien vivre. <\/p>\n<p>Nous avons des droits particuliers parce que nous sommes encore en train de grandir. Parfois, nous avons besoin d\u2019aide, de protection ou de soutien. C\u2019est pour \u00e7a qu\u2019il existe des droits faits sp\u00e9cialement pour nous, pour que nous puissions apprendre, \u00eatre en s\u00e9curit\u00e9, \u00eatre \u00e9cout\u00e9s et vivre dans de bonnes conditions.  <\/p>\t\t\t\t\t\t\t\t<\/div>\n\t\t\t\t<\/div>\n\t\t\t\t\t<\/div>\n\t\t\t\t<\/div>\n\t\t<div class=\"elementor-element elementor-element-9a37924 e-flex e-con-boxed e-con e-parent\" data-id=\"9a37924\" data-element_type=\"container\" data-e-type=\"container\">\n\t\t\t\t\t<div class=\"e-con-inner\">\n\t\t\t\t<div class=\"elementor-element elementor-element-ac62238 elementor-grid-2 elementor-grid-tablet-2 elementor-grid-mobile-1 elementor-widget elementor-widget-loop-grid\" data-id=\"ac62238\" data-element_type=\"widget\" data-e-type=\"widget\" data-settings=\"{&quot;template_id&quot;:3732,&quot;columns&quot;:2,&quot;_skin&quot;:&quot;post&quot;,&quot;columns_tablet&quot;:&quot;2&quot;,&quot;columns_mobile&quot;:&quot;1&quot;,&quot;edit_handle_selector&quot;:&quot;[data-elementor-type=\\&quot;loop-item\\&quot;]&quot;,&quot;row_gap&quot;:{&quot;unit&quot;:&quot;px&quot;,&quot;size&quot;:&quot;&quot;,&quot;sizes&quot;:[]},&quot;row_gap_tablet&quot;:{&quot;unit&quot;:&quot;px&quot;,&quot;size&quot;:&quot;&quot;,&quot;sizes&quot;:[]},&quot;row_gap_mobile&quot;:{&quot;unit&quot;:&quot;px&quot;,&quot;size&quot;:&quot;&quot;,&quot;sizes&quot;:[]}}\" data-widget_type=\"loop-grid.post\">\n\t\t\t\t<div class=\"elementor-widget-container\">\n\t\t\t\t\t\t\t<div class=\"elementor-loop-container elementor-grid\" role=\"list\">\n\t\t<style id=\"loop-3732\">.elementor-3732 .elementor-element.elementor-element-549e7ba{--display:flex;--flex-direction:row;--container-widget-width:initial;--container-widget-height:100%;--container-widget-flex-grow:1;--container-widget-align-self:stretch;--flex-wrap-mobile:wrap;--padding-top:30px;--padding-bottom:30px;--padding-left:30px;--padding-right:30px;}.elementor-3732 .elementor-element.elementor-element-549e7ba:not(.elementor-motion-effects-element-type-background), .elementor-3732 .elementor-element.elementor-element-549e7ba > .elementor-motion-effects-container > .elementor-motion-effects-layer{background-color:var( --e-global-color-defc2f6 );}.elementor-3732 .elementor-element.elementor-element-549e7ba:hover::before, .elementor-3732 .elementor-element.elementor-element-549e7ba:hover > .elementor-background-video-container::before, .elementor-3732 .elementor-element.elementor-element-549e7ba:hover > .e-con-inner > .elementor-background-video-container::before, .elementor-3732 .elementor-element.elementor-element-549e7ba > .elementor-background-slideshow:hover::before, .elementor-3732 .elementor-element.elementor-element-549e7ba > .e-con-inner > .elementor-background-slideshow:hover::before{--background-overlay:'';background-color:var( --e-global-color-defc2f6 );}.elementor-3732 .elementor-element.elementor-element-549e7ba:hover{--overlay-opacity:1;}.elementor-3732 .elementor-element.elementor-element-549e7ba, .elementor-3732 .elementor-element.elementor-element-549e7ba::before{--overlay-transition:1.2s;}.elementor-3732 .elementor-element.elementor-element-549e7ba.e-con{--flex-grow:0;--flex-shrink:0;}.elementor-widget-image .widget-image-caption{color:var( --e-global-color-text );font-family:var( --e-global-typography-text-font-family ), Sans-serif;font-size:var( --e-global-typography-text-font-size );font-weight:var( --e-global-typography-text-font-weight );line-height:var( --e-global-typography-text-line-height );}.elementor-3732 .elementor-element.elementor-element-d668b2a img{width:100%;}.elementor-3732 .elementor-element.elementor-element-d668b2a{width:var( --container-widget-width, 33% );max-width:33%;--container-widget-width:33%;--container-widget-flex-grow:0;}.elementor-widget-text-editor{font-family:var( --e-global-typography-text-font-family ), Sans-serif;font-size:var( --e-global-typography-text-font-size );font-weight:var( --e-global-typography-text-font-weight );line-height:var( --e-global-typography-text-line-height );color:var( --e-global-color-text );}.elementor-widget-text-editor.elementor-drop-cap-view-stacked .elementor-drop-cap{background-color:var( --e-global-color-primary );}.elementor-widget-text-editor.elementor-drop-cap-view-framed .elementor-drop-cap, .elementor-widget-text-editor.elementor-drop-cap-view-default .elementor-drop-cap{color:var( --e-global-color-primary );border-color:var( --e-global-color-primary );}.elementor-3732 .elementor-element.elementor-element-ebcdeb2{width:var( --container-widget-width, 60% );max-width:60%;--container-widget-width:60%;--container-widget-flex-grow:0;}@media(max-width:1024px){.elementor-widget-image .widget-image-caption{font-size:var( --e-global-typography-text-font-size );line-height:var( --e-global-typography-text-line-height );}.elementor-widget-text-editor{font-size:var( --e-global-typography-text-font-size );line-height:var( --e-global-typography-text-line-height );}}@media(max-width:767px){.elementor-widget-image .widget-image-caption{font-size:var( --e-global-typography-text-font-size );line-height:var( --e-global-typography-text-line-height );}.elementor-widget-text-editor{font-size:var( --e-global-typography-text-font-size );line-height:var( --e-global-typography-text-line-height );}}<\/style>\t\t<div data-elementor-type=\"loop-item\" data-elementor-id=\"3732\" class=\"elementor elementor-3732 e-loop-item e-loop-item-3808 post-3808 article-cdie type-article-cdie status-publish has-post-thumbnail hentry category-statut-et-identite-de-lenfant\" data-elementor-post-type=\"elementor_library\" data-custom-edit-handle=\"1\">\n\t\t\t<div class=\"elementor-element elementor-element-549e7ba e-con-full e-flex e-con e-parent\" data-id=\"549e7ba\" data-element_type=\"container\" data-e-type=\"container\" data-settings=\"{&quot;background_background&quot;:&quot;classic&quot;}\">\n\t\t\t\t<div class=\"elementor-element elementor-element-d668b2a elementor-widget__width-initial elementor-widget elementor-widget-image\" data-id=\"d668b2a\" data-element_type=\"widget\" data-e-type=\"widget\" data-widget_type=\"image.default\">\n\t\t\t\t<div class=\"elementor-widget-container\">\n\t\t\t\t\t\t\t\t\t\t\t\t\t\t\t<img fetchpriority=\"high\" decoding=\"async\" width=\"768\" height=\"1016\" src=\"https:\/\/www.okaju.lu\/wp-content\/uploads\/2025\/05\/Art-1-768x1016.png\" class=\"attachment-medium_large size-medium_large wp-image-3426\" alt=\"\" srcset=\"https:\/\/www.okaju.lu\/wp-content\/uploads\/2025\/05\/Art-1-768x1016.png 768w, https:\/\/www.okaju.lu\/wp-content\/uploads\/2025\/05\/Art-1-302x400.png 302w, https:\/\/www.okaju.lu\/wp-content\/uploads\/2025\/05\/Art-1-605x800.png 605w, https:\/\/www.okaju.lu\/wp-content\/uploads\/2025\/05\/Art-1.png 800w\" sizes=\"(max-width: 768px) 100vw, 768px\" \/>\t\t\t\t\t\t\t\t\t\t\t\t\t\t\t<\/div>\n\t\t\t\t<\/div>\n\t\t\t\t<div class=\"elementor-element elementor-element-ebcdeb2 elementor-widget__width-initial elementor-widget elementor-widget-text-editor\" data-id=\"ebcdeb2\" data-element_type=\"widget\" data-e-type=\"widget\" data-widget_type=\"text-editor.default\">\n\t\t\t\t<div class=\"elementor-widget-container\">\n\t\t\t\t\t\t\t\t\tTout enfant a des droits, mais qui est consid\u00e9r\u00e9 comme un enfant ? La Convention internationale des droits de l\u2019enfant (CIDE) donne une r\u00e9ponse claire dans son article 1 : un enfant est toute personne \u00e2g\u00e9e de moins de 18 ans, sauf si la majorit\u00e9 est atteinte plus t\u00f4t selon la loi de son pays. \r\n\t\t\t\t\t\t\t\t<\/div>\n\t\t\t\t<\/div>\n\t\t\t\t<\/div>\n\t\t\t\t<\/div>\n\t\t\t\t<\/div>\n\t\t\n\t\t\t\t\t\t<\/div>\n\t\t\t\t<\/div>\n\t\t\t\t\t<\/div>\n\t\t\t\t<\/div>\n\t\t\t\t<\/div>\n\t\t","protected":false},"excerpt":{"rendered":"<p>Nos droits, c\u2019est quoi ? Nous, les enfants et les adolescents, avons des droits. Ce sont comme des r\u00e8gles importantes qui disent que nous devons \u00eatre respect\u00e9s et que nous avons le droit d\u2019avoir ce qu\u2019il nous faut pour bien vivre. Nous avons des droits particuliers parce que nous sommes encore en train de grandir. [&hellip;]<\/p>\n","protected":false},"author":3,"featured_media":0,"parent":0,"menu_order":0,"comment_status":"closed","ping_status":"closed","template":"","meta":{"_acf_changed":false,"footnotes":""},"article-cdie":[],"dossier":[],"class_list":["post-3779","page","type-page","status-publish","hentry"],"acf":[],"_links":{"self":[{"href":"https:\/\/www.okaju.lu\/en\/wp-json\/wp\/v2\/pages\/3779","targetHints":{"allow":["GET"]}}],"collection":[{"href":"https:\/\/www.okaju.lu\/en\/wp-json\/wp\/v2\/pages"}],"about":[{"href":"https:\/\/www.okaju.lu\/en\/wp-json\/wp\/v2\/types\/page"}],"author":[{"embeddable":true,"href":"https:\/\/www.okaju.lu\/en\/wp-json\/wp\/v2\/users\/3"}],"replies":[{"embeddable":true,"href":"https:\/\/www.okaju.lu\/en\/wp-json\/wp\/v2\/comments?post=3779"}],"version-history":[{"count":8,"href":"https:\/\/www.okaju.lu\/en\/wp-json\/wp\/v2\/pages\/3779\/revisions"}],"predecessor-version":[{"id":3843,"href":"https:\/\/www.okaju.lu\/en\/wp-json\/wp\/v2\/pages\/3779\/revisions\/3843"}],"wp:attachment":[{"href":"https:\/\/www.okaju.lu\/en\/wp-json\/wp\/v2\/media?parent=3779"}],"wp:term":[{"taxonomy":"article-cdie","embeddable":true,"href":"https:\/\/www.okaju.lu\/en\/wp-json\/wp\/v2\/article-cdie?post=3779"},{"taxonomy":"dossier","embeddable":true,"href":"https:\/\/www.okaju.lu\/en\/wp-json\/wp\/v2\/dossier?post=3779"}],"curies":[{"name":"wp","href":"https:\/\/api.w.org\/{rel}","templated":true}]}}