{"id":5727,"date":"2025-10-01T15:14:58","date_gmt":"2025-10-01T13:14:58","guid":{"rendered":"https:\/\/www.okaju.lu\/request-for-testimonials-ra2025\/"},"modified":"2026-03-09T14:55:47","modified_gmt":"2026-03-09T13:55:47","slug":"call-for-contributions-on-the-inclusion-of-children-and-young-people-with-disabilities-in-luxembourg","status":"publish","type":"page","link":"https:\/\/www.okaju.lu\/en\/call-for-contributions\/call-for-contributions-on-the-inclusion-of-children-and-young-people-with-disabilities-in-luxembourg\/","title":{"rendered":"Request for testimonies RA2025"},"content":{"rendered":"\t\t<div data-elementor-type=\"wp-page\" data-elementor-id=\"5727\" class=\"elementor elementor-5727\" data-elementor-post-type=\"page\">\n\t\t\t\t<div class=\"elementor-element elementor-element-86aebd2 e-flex e-con-boxed e-con e-parent\" data-id=\"86aebd2\" data-element_type=\"container\" data-e-type=\"container\">\n\t\t\t\t\t<div class=\"e-con-inner\">\n\t\t\t\t<div class=\"elementor-element elementor-element-11adca7 elementor-widget elementor-widget-heading\" data-id=\"11adca7\" data-element_type=\"widget\" data-e-type=\"widget\" data-widget_type=\"heading.default\">\n\t\t\t\t<div class=\"elementor-widget-container\">\n\t\t\t\t\t<h2 class=\"elementor-heading-title elementor-size-default\">Request for testimonies<\/h2>\t\t\t\t<\/div>\n\t\t\t\t<\/div>\n\t\t\t\t<div class=\"elementor-element elementor-element-b2ad818 elementor-widget__width-initial elementor-widget elementor-widget-text-editor\" data-id=\"b2ad818\" data-element_type=\"widget\" data-e-type=\"widget\" data-widget_type=\"text-editor.default\">\n\t\t\t\t<div class=\"elementor-widget-container\">\n\t\t\t\t\t\t\t\t\t<p><strong>For its 2025 annual report, the Ombudsman for Children and Young People is calling on children and young people to share their stories. <\/strong><\/p><p>Children and young people have rights\u2014if you don&#8217;t know what they are, click <a href=\"https:\/\/www.okaju.lu\/en\/childrens-rights\/\" target=\"_blank\" rel=\"noopener\">here<\/a>.<br>These rights are important. They must be respected. But sometimes, this is not the case.  <\/p><ul><li>Have your rights not been <strong>respected<\/strong>?<\/li><li>Have you been treated <strong>unfairly<\/strong>?<\/li><li>Have you been <strong>through <\/strong>something difficult?<\/li><\/ul><p>The Ombudsman for Children and Young People wants to hear your story, so that it can be included in the book he publishes every year on children&#8217;s rights.<\/p>\t\t\t\t\t\t\t\t<\/div>\n\t\t\t\t<\/div>\n\t\t\t\t<div class=\"elementor-element elementor-element-30ef5be elementor-widget elementor-widget-text-editor\" data-id=\"30ef5be\" data-element_type=\"widget\" data-e-type=\"widget\" data-widget_type=\"text-editor.default\">\n\t\t\t\t<div class=\"elementor-widget-container\">\n\t\t\t\t\t\t\t\t\t<p><a href=\"https:\/\/www.okaju.lu\/wp-content\/uploads\/2025\/10\/Appel-a-temoignages_flyer-1.pdf\" target=\"_blank\" rel=\"noopener\">T\u00e9l\u00e9chargez le d\u00e9pliant en PDF<\/a><\/p>\t\t\t\t\t\t\t\t<\/div>\n\t\t\t\t<\/div>\n\t\t\t\t\t<\/div>\n\t\t\t\t<\/div>\n\t\t<div class=\"elementor-element elementor-element-f726384 e-flex e-con-boxed e-con e-parent\" data-id=\"f726384\" data-element_type=\"container\" data-e-type=\"container\" data-settings=\"{&quot;background_background&quot;:&quot;classic&quot;}\">\n\t\t\t\t\t<div class=\"e-con-inner\">\n\t\t<div class=\"elementor-element elementor-element-b501e19 e-con-full e-flex e-con e-child\" data-id=\"b501e19\" data-element_type=\"container\" data-e-type=\"container\">\n\t\t\t\t<div class=\"elementor-element elementor-element-eef6784 elementor-widget elementor-widget-image\" data-id=\"eef6784\" data-element_type=\"widget\" data-e-type=\"widget\" data-widget_type=\"image.default\">\n\t\t\t\t<div class=\"elementor-widget-container\">\n\t\t\t\t\t\t\t\t\t\t\t\t\t\t\t<img fetchpriority=\"high\" decoding=\"async\" width=\"800\" height=\"658\" src=\"https:\/\/www.okaju.lu\/wp-content\/uploads\/2025\/07\/HibOKAJU_v01-972x800.png\" class=\"attachment-large size-large wp-image-4093\" alt=\"Illustration, OKAJU Owl\" srcset=\"https:\/\/www.okaju.lu\/wp-content\/uploads\/2025\/07\/HibOKAJU_v01-972x800.png 972w, https:\/\/www.okaju.lu\/wp-content\/uploads\/2025\/07\/HibOKAJU_v01-486x400.png 486w, https:\/\/www.okaju.lu\/wp-content\/uploads\/2025\/07\/HibOKAJU_v01-768x632.png 768w, https:\/\/www.okaju.lu\/wp-content\/uploads\/2025\/07\/HibOKAJU_v01.png 1500w\" sizes=\"(max-width: 800px) 100vw, 800px\" \/>\t\t\t\t\t\t\t\t\t\t\t\t\t\t\t<\/div>\n\t\t\t\t<\/div>\n\t\t\t\t<\/div>\n\t\t<div class=\"elementor-element elementor-element-6ee0863 e-con-full e-flex e-con e-child\" data-id=\"6ee0863\" data-element_type=\"container\" data-e-type=\"container\">\n\t\t\t\t<div class=\"elementor-element elementor-element-825665e elementor-widget elementor-widget-heading\" data-id=\"825665e\" data-element_type=\"widget\" data-e-type=\"widget\" data-widget_type=\"heading.default\">\n\t\t\t\t<div class=\"elementor-widget-container\">\n\t\t\t\t\t<h2 class=\"elementor-heading-title elementor-size-default\">Infobox<\/h2>\t\t\t\t<\/div>\n\t\t\t\t<\/div>\n\t\t\t\t<div class=\"elementor-element elementor-element-26ed846 elementor-widget elementor-widget-text-editor\" data-id=\"26ed846\" data-element_type=\"widget\" data-e-type=\"widget\" data-widget_type=\"text-editor.default\">\n\t\t\t\t<div class=\"elementor-widget-container\">\n\t\t\t\t\t\t\t\t\t<p><strong>The Ombudsman for Children and Young People wants to hear your story, to include it in a book he publishes every year on children&#8217;s rights. <\/strong>You can write your <strong>story below before the end of October.<\/strong> It&#8217;s anonymous, so no one will know it was you who wrote it. <\/p><p>Please also note that if your rights have not been respected, you can always tell us about it on the phone: 28 37 36 35 (Monday to Friday from 8.30 am to 5 pm) or by email: contact@okaju.lu.<\/p><p><strong>We are here for you and to help you, all year round.<\/strong><\/p>\t\t\t\t\t\t\t\t<\/div>\n\t\t\t\t<\/div>\n\t\t\t\t<\/div>\n\t\t\t\t\t<\/div>\n\t\t\t\t<\/div>\n\t\t<div class=\"elementor-element elementor-element-05b032f e-flex e-con-boxed e-con e-parent\" data-id=\"05b032f\" data-element_type=\"container\" data-e-type=\"container\">\n\t\t\t\t\t<div class=\"e-con-inner\">\n\t\t<div class=\"elementor-element elementor-element-3260472 e-con-full e-flex e-con e-child\" data-id=\"3260472\" data-element_type=\"container\" data-e-type=\"container\" data-settings=\"{&quot;background_background&quot;:&quot;classic&quot;}\">\n\t\t\t\t<div class=\"elementor-element elementor-element-6fe62ec elementor-widget elementor-widget-heading\" data-id=\"6fe62ec\" data-element_type=\"widget\" data-e-type=\"widget\" data-widget_type=\"heading.default\">\n\t\t\t\t<div class=\"elementor-widget-container\">\n\t\t\t\t\t<h2 class=\"elementor-heading-title elementor-size-default\">You can write your story here.<\/h2>\t\t\t\t<\/div>\n\t\t\t\t<\/div>\n\t\t\t\t<div class=\"elementor-element elementor-element-1504199 elementor-widget elementor-widget-text-editor\" data-id=\"1504199\" data-element_type=\"widget\" data-e-type=\"widget\" data-widget_type=\"text-editor.default\">\n\t\t\t\t<div class=\"elementor-widget-container\">\n\t\t\t\t\t\t\t\t\t<p>The Ombudsman for Children and Teenagers wants to know how you experience your rights in Luxembourg. Your story may be shared in his book on children&#8217;s rights. <\/p>\t\t\t\t\t\t\t\t<\/div>\n\t\t\t\t<\/div>\n\t\t\t\t<div class=\"elementor-element elementor-element-426cc9d elementor-widget elementor-widget-html\" data-id=\"426cc9d\" data-element_type=\"widget\" data-e-type=\"widget\" data-widget_type=\"html.default\">\n\t\t\t\t<div class=\"elementor-widget-container\">\n\t\t\t\t\t<iframe src=\"https:\/\/docs.google.com\/forms\/d\/e\/1FAIpQLSeKXsLvhKXDHy2_x3YkZ6Ct4j2XxOjf1kKif7sv8hYS6B0MkQ\/viewform?usp=header\" width=\"840\" height=\"585\" frameborder=\"0\" marginheight=\"0\" marginwidth=\"0\">Loading\u2026<\/iframe>\t\t\t\t<\/div>\n\t\t\t\t<\/div>\n\t\t\t\t<\/div>\n\t\t<div class=\"elementor-element elementor-element-60ecdaa e-con-full e-flex e-con e-child\" data-id=\"60ecdaa\" data-element_type=\"container\" data-e-type=\"container\" data-settings=\"{&quot;background_background&quot;:&quot;classic&quot;}\">\n\t\t<div class=\"elementor-element elementor-element-0ab89ee e-con-full e-flex e-con e-child\" data-id=\"0ab89ee\" data-element_type=\"container\" data-e-type=\"container\">\n\t\t\t\t<div class=\"elementor-element elementor-element-00d45b7 elementor-widget elementor-widget-image\" data-id=\"00d45b7\" data-element_type=\"widget\" data-e-type=\"widget\" data-widget_type=\"image.default\">\n\t\t\t\t<div class=\"elementor-widget-container\">\n\t\t\t\t\t\t\t\t\t\t\t\t\t\t\t<img decoding=\"async\" width=\"605\" height=\"800\" src=\"https:\/\/www.okaju.lu\/wp-content\/uploads\/2025\/05\/Art-13-605x800.png\" class=\"attachment-large size-large wp-image-3531\" alt=\"\" srcset=\"https:\/\/www.okaju.lu\/wp-content\/uploads\/2025\/05\/Art-13-605x800.png 605w, https:\/\/www.okaju.lu\/wp-content\/uploads\/2025\/05\/Art-13-302x400.png 302w, https:\/\/www.okaju.lu\/wp-content\/uploads\/2025\/05\/Art-13-768x1016.png 768w, https:\/\/www.okaju.lu\/wp-content\/uploads\/2025\/05\/Art-13.png 800w\" sizes=\"(max-width: 605px) 100vw, 605px\" \/>\t\t\t\t\t\t\t\t\t\t\t\t\t\t\t<\/div>\n\t\t\t\t<\/div>\n\t\t\t\t<div class=\"elementor-element elementor-element-20fe60a elementor-widget elementor-widget-heading\" data-id=\"20fe60a\" data-element_type=\"widget\" data-e-type=\"widget\" data-widget_type=\"heading.default\">\n\t\t\t\t<div class=\"elementor-widget-container\">\n\t\t\t\t\t<h3 class=\"elementor-heading-title elementor-size-default\">Here are some examples of things you can talk to us about:<\/h3>\t\t\t\t<\/div>\n\t\t\t\t<\/div>\n\t\t\t\t<div class=\"elementor-element elementor-element-b7d3b95 elementor-widget elementor-widget-text-editor\" data-id=\"b7d3b95\" data-element_type=\"widget\" data-e-type=\"widget\" data-widget_type=\"text-editor.default\">\n\t\t\t\t<div class=\"elementor-widget-container\">\n\t\t\t\t\t\t\t\t\t<h5>Justice and protection for children and young people<\/h5>\n<ul>\n<li>Need for help or justice:\n<ul>\n<li>Did someone hurt you? Did you get help? <\/li>\n<li>Did you need help from an adult, the police or a judge to protect you or solve a problem?<\/li>\n<\/ul>\n<\/li>\n<li>Your safety on the Internet (social networks, online games, etc.):\n<ul>\n<li>Do you feel safe on the Internet? Have you ever had any problems? <\/li>\n<\/ul>\n<\/li>\n<li>Your protection in general:\n<ul>\n<li>Do you feel protected and safe in your everyday life? If not, why not? <\/li>\n<\/ul>\n<\/li>\n<\/ul>\n<h5>Your living environment<\/h5>\n<ul>\n<li>Living on a low income:\n<ul>\n<li>o Is there sometimes not enough money at home to buy what you need? Is it sometimes difficult to get everything you need (e.g. clothes, school supplies, food, etc.)? <\/li>\n<\/ul>\n<\/li>\n<li>Your accommodation:\n<ul>\n<li>Do you have a home or accommodation where you feel comfortable?<\/li>\n<li>Do you live somewhere without your family (residential care, shelter, foster family, etc.) and things aren&#8217;t going well?<\/li>\n<\/ul>\n<\/li>\n<li>School, after-school care, youth centres:\n<ul>\n<li>How are things at school, after-school care or youth centres? Do you have any problems there? <\/li>\n<\/ul>\n<\/li>\n<li>Sport, leisure activities, places to have fun:\n<ul>\n<li>Do you have places to play, do sports or have fun? Do you feel comfortable and safe there?  <\/li>\n<\/ul>\n<\/li>\n<li>Experiences related to migration or immigration:\n<ul>\n<li>Have you experienced any difficulties because you or your family moved to Luxembourg? Is it sometimes difficult because of this? <\/li>\n<\/ul>\n<\/li>\n<\/ul>\t\t\t\t\t\t\t\t<\/div>\n\t\t\t\t<\/div>\n\t\t\t\t<\/div>\n\t\t\t\t<\/div>\n\t\t\t\t\t<\/div>\n\t\t\t\t<\/div>\n\t\t\t\t<\/div>\n\t\t","protected":false},"excerpt":{"rendered":"<p>Request for testimonies For its 2025 annual report, the Ombudsman for Children and Young People is calling on children and young people to share their stories. Children and young people have rights\u2014if you don&#8217;t know what they are, click here.These rights are important. They must be respected. But sometimes, this is not the case. Have [&hellip;]<\/p>\n","protected":false},"author":4,"featured_media":0,"parent":8532,"menu_order":0,"comment_status":"closed","ping_status":"closed","template":"","meta":{"_acf_changed":false,"footnotes":""},"article-cdie":[],"dossier":[],"class_list":["post-5727","page","type-page","status-publish","hentry"],"acf":[],"_links":{"self":[{"href":"https:\/\/www.okaju.lu\/en\/wp-json\/wp\/v2\/pages\/5727","targetHints":{"allow":["GET"]}}],"collection":[{"href":"https:\/\/www.okaju.lu\/en\/wp-json\/wp\/v2\/pages"}],"about":[{"href":"https:\/\/www.okaju.lu\/en\/wp-json\/wp\/v2\/types\/page"}],"author":[{"embeddable":true,"href":"https:\/\/www.okaju.lu\/en\/wp-json\/wp\/v2\/users\/4"}],"replies":[{"embeddable":true,"href":"https:\/\/www.okaju.lu\/en\/wp-json\/wp\/v2\/comments?post=5727"}],"version-history":[{"count":12,"href":"https:\/\/www.okaju.lu\/en\/wp-json\/wp\/v2\/pages\/5727\/revisions"}],"predecessor-version":[{"id":8448,"href":"https:\/\/www.okaju.lu\/en\/wp-json\/wp\/v2\/pages\/5727\/revisions\/8448"}],"up":[{"embeddable":true,"href":"https:\/\/www.okaju.lu\/en\/wp-json\/wp\/v2\/pages\/8532"}],"wp:attachment":[{"href":"https:\/\/www.okaju.lu\/en\/wp-json\/wp\/v2\/media?parent=5727"}],"wp:term":[{"taxonomy":"article-cdie","embeddable":true,"href":"https:\/\/www.okaju.lu\/en\/wp-json\/wp\/v2\/article-cdie?post=5727"},{"taxonomy":"dossier","embeddable":true,"href":"https:\/\/www.okaju.lu\/en\/wp-json\/wp\/v2\/dossier?post=5727"}],"curies":[{"name":"wp","href":"https:\/\/api.w.org\/{rel}","templated":true}]}}