{"id":2144,"date":"2025-03-13T10:32:27","date_gmt":"2025-03-13T09:32:27","guid":{"rendered":"https:\/\/www.okaju.lu\/?page_id=2144"},"modified":"2025-10-13T17:12:13","modified_gmt":"2025-10-13T15:12:13","slug":"ressources","status":"publish","type":"page","link":"https:\/\/www.okaju.lu\/pt-pt\/ressources\/","title":{"rendered":"Ressources"},"content":{"rendered":"\t\t<div data-elementor-type=\"wp-page\" data-elementor-id=\"2144\" class=\"elementor elementor-2144\" data-elementor-post-type=\"page\">\n\t\t\t\t<div class=\"elementor-element elementor-element-9331b00 e-flex e-con-boxed e-con e-parent\" data-id=\"9331b00\" data-element_type=\"container\" data-e-type=\"container\" data-settings=\"{&quot;background_background&quot;:&quot;classic&quot;}\">\n\t\t\t\t\t<div class=\"e-con-inner\">\n\t\t\t\t<div class=\"elementor-element elementor-element-707b1f6 elementor-widget elementor-widget-heading\" data-id=\"707b1f6\" data-element_type=\"widget\" data-e-type=\"widget\" data-widget_type=\"heading.default\">\n\t\t\t\t<div class=\"elementor-widget-container\">\n\t\t\t\t\t<h2 class=\"elementor-heading-title elementor-size-default\">OKAJU DOCUTH\u00c9QUE<\/h2>\t\t\t\t<\/div>\n\t\t\t\t<\/div>\n\t\t\t\t<div class=\"elementor-element elementor-element-1742b66 elementor-widget__width-initial elementor-widget elementor-widget-heading\" data-id=\"1742b66\" data-element_type=\"widget\" data-e-type=\"widget\" data-widget_type=\"heading.default\">\n\t\t\t\t<div class=\"elementor-widget-container\">\n\t\t\t\t\t<h2 class=\"elementor-heading-title elementor-size-default\">Centre de ressources<\/h2>\t\t\t\t<\/div>\n\t\t\t\t<\/div>\n\t\t\t\t<div class=\"elementor-element elementor-element-e0713f7 elementor-widget elementor-widget-text-editor\" data-id=\"e0713f7\" data-element_type=\"widget\" data-e-type=\"widget\" data-widget_type=\"text-editor.default\">\n\t\t\t\t<div class=\"elementor-widget-container\">\n\t\t\t\t\t\t\t\t\t<p>Notre espace d\u00e9di\u00e9 aux ressources p\u00e9dagogiques et didactiques est en cours de d\u00e9veloppement. Vous y trouverez du mat\u00e9riel con\u00e7u pour sensibiliser, informer et accompagner les enfants, les jeunes, les professionnels et les parents sur les droits de l\u2019enfant. <strong>Si vous souhaitez proposer du contenu ou partager une ressource utile, n\u2019h\u00e9sitez pas \u00e0 nous contacter !<\/strong><\/p>\t\t\t\t\t\t\t\t<\/div>\n\t\t\t\t<\/div>\n\t\t\t\t\t<\/div>\n\t\t\t\t<\/div>\n\t\t<div class=\"elementor-element elementor-element-bc4d848 e-flex e-con-boxed e-con e-parent\" data-id=\"bc4d848\" data-element_type=\"container\" data-e-type=\"container\">\n\t\t\t\t\t<div class=\"e-con-inner\">\n\t\t\t\t<div class=\"elementor-element elementor-element-112ab56 elementor-widget elementor-widget-spacer\" data-id=\"112ab56\" data-element_type=\"widget\" data-e-type=\"widget\" data-widget_type=\"spacer.default\">\n\t\t\t\t<div class=\"elementor-widget-container\">\n\t\t\t\t\t\t\t<div class=\"elementor-spacer\">\n\t\t\t<div class=\"elementor-spacer-inner\"><\/div>\n\t\t<\/div>\n\t\t\t\t\t\t<\/div>\n\t\t\t\t<\/div>\n\t\t\t\t<div class=\"elementor-element elementor-element-946bb77 elementor-widget elementor-widget-heading\" data-id=\"946bb77\" data-element_type=\"widget\" data-e-type=\"widget\" data-widget_type=\"heading.default\">\n\t\t\t\t<div class=\"elementor-widget-container\">\n\t\t\t\t\t<h2 class=\"elementor-heading-title elementor-size-default\">Ressources p\u00e9dagogiques<\/h2>\t\t\t\t<\/div>\n\t\t\t\t<\/div>\n\t\t\t\t<div class=\"elementor-element elementor-element-d3cfa16 elementor-widget elementor-widget-text-editor\" data-id=\"d3cfa16\" data-element_type=\"widget\" data-e-type=\"widget\" data-widget_type=\"text-editor.default\">\n\t\t\t\t<div class=\"elementor-widget-container\">\n\t\t\t\t\t\t\t\t\t<p>Notre espace d\u00e9di\u00e9 aux ressources p\u00e9dagogiques et didactiques est en cours de d\u00e9veloppement.<\/p>\t\t\t\t\t\t\t\t<\/div>\n\t\t\t\t<\/div>\n\t\t\t\t\t<\/div>\n\t\t\t\t<\/div>\n\t\t<div class=\"elementor-element elementor-element-908a122 e-flex e-con-boxed e-con e-parent\" data-id=\"908a122\" data-element_type=\"container\" data-e-type=\"container\">\n\t\t\t\t\t<div class=\"e-con-inner\">\n\t\t<div class=\"elementor-element elementor-element-b586de6 e-con-full e-flex e-con e-child\" data-id=\"b586de6\" data-element_type=\"container\" data-e-type=\"container\">\n\t\t<div class=\"elementor-element elementor-element-54f327e e-con-full e-flex e-con e-child\" data-id=\"54f327e\" data-element_type=\"container\" data-e-type=\"container\">\n\t\t\t\t<div class=\"elementor-element elementor-element-babb4a5 e-n-tabs-mobile elementor-widget elementor-widget-n-tabs\" data-id=\"babb4a5\" data-element_type=\"widget\" data-e-type=\"widget\" data-widget_type=\"nested-tabs.default\">\n\t\t\t\t<div class=\"elementor-widget-container\">\n\t\t\t\t\t\t\t<div class=\"e-n-tabs\" data-widget-number=\"195802277\" aria-label=\"Onglets. Ouvrez des \u00e9l\u00e9ments avec Entrer ou Espace, fermez-les avec Echape et naviguez \u00e0 l&#039;aide des touches fl\u00e9ch\u00e9es.\">\n\t\t\t<div class=\"e-n-tabs-heading\" role=\"tablist\">\n\t\t\t\t\t<button id=\"e-n-tab-title-1958022771\" data-tab-title-id=\"e-n-tab-title-1958022771\" class=\"e-n-tab-title\" aria-selected=\"true\" data-tab-index=\"1\" role=\"tab\" tabindex=\"0\" aria-controls=\"e-n-tab-content-1958022771\" style=\"--n-tabs-title-order: 1;\">\n\t\t\t\t\t\t<span class=\"e-n-tab-title-text\">\n\t\t\t\tPromotion\t\t\t<\/span>\n\t\t<\/button>\n\t\t\t\t\t<\/div>\n\t\t\t<div class=\"e-n-tabs-content\">\n\t\t\t\t<div id=\"e-n-tab-content-1958022771\" role=\"tabpanel\" aria-labelledby=\"e-n-tab-title-1958022771\" data-tab-index=\"1\" style=\"--n-tabs-title-order: 1;\" class=\"e-active elementor-element elementor-element-33fa15b e-con-full e-flex e-con e-child\" data-id=\"33fa15b\" data-element_type=\"container\" data-e-type=\"container\">\n\t\t\t\t<div class=\"elementor-element elementor-element-788ab76 elementor-widget elementor-widget-heading\" data-id=\"788ab76\" data-element_type=\"widget\" data-e-type=\"widget\" data-widget_type=\"heading.default\">\n\t\t\t\t<div class=\"elementor-widget-container\">\n\t\t\t\t\t<h2 class=\"elementor-heading-title elementor-size-default\">Mat\u00e9riel de promotion<\/h2>\t\t\t\t<\/div>\n\t\t\t\t<\/div>\n\t\t\t\t<div class=\"elementor-element elementor-element-955c1a6 elementor-widget elementor-widget-text-editor\" data-id=\"955c1a6\" data-element_type=\"widget\" data-e-type=\"widget\" data-widget_type=\"text-editor.default\">\n\t\t\t\t<div class=\"elementor-widget-container\">\n\t\t\t\t\t\t\t\t\t<p>L\u2019OKAJU con\u00e7oit des supports de sensibilisation pour faire conna\u00eetre les droits de l\u2019enfant, seul ou en collaboration avec ses partenaires. Ces outils peuvent \u00eatre utilis\u00e9s dans vos actions d\u2019information ou de communication&#8230;<\/p>\t\t\t\t\t\t\t\t<\/div>\n\t\t\t\t<\/div>\n\t\t\t\t<div class=\"elementor-element elementor-element-1d1ba4c elementor-widget elementor-widget-n-accordion\" data-id=\"1d1ba4c\" data-element_type=\"widget\" data-e-type=\"widget\" data-settings=\"{&quot;default_state&quot;:&quot;expanded&quot;,&quot;max_items_expended&quot;:&quot;one&quot;,&quot;n_accordion_animation_duration&quot;:{&quot;unit&quot;:&quot;ms&quot;,&quot;size&quot;:400,&quot;sizes&quot;:[]}}\" data-widget_type=\"nested-accordion.default\">\n\t\t\t\t<div class=\"elementor-widget-container\">\n\t\t\t\t\t\t\t<div class=\"e-n-accordion\" aria-label=\"Accordion. Open links with Enter or Space, close with Escape, and navigate with Arrow Keys\">\n\t\t\t\t\t\t<details id=\"e-n-accordion-item-3050\" class=\"e-n-accordion-item\" open>\n\t\t\t\t<summary class=\"e-n-accordion-item-title\" data-accordion-index=\"1\" tabindex=\"0\" aria-expanded=\"true\" aria-controls=\"e-n-accordion-item-3050\" >\n\t\t\t\t\t<span class='e-n-accordion-item-title-header'><div class=\"e-n-accordion-item-title-text\"> Affiches <\/div><\/span>\n\t\t\t\t\t\t\t<span class='e-n-accordion-item-title-icon'>\n\t\t\t<span class='e-opened' ><svg aria-hidden=\"true\" class=\"e-font-icon-svg e-fas-times\" viewBox=\"0 0 352 512\" xmlns=\"http:\/\/www.w3.org\/2000\/svg\"><path d=\"M242.72 256l100.07-100.07c12.28-12.28 12.28-32.19 0-44.48l-22.24-22.24c-12.28-12.28-32.19-12.28-44.48 0L176 189.28 75.93 89.21c-12.28-12.28-32.19-12.28-44.48 0L9.21 111.45c-12.28 12.28-12.28 32.19 0 44.48L109.28 256 9.21 356.07c-12.28 12.28-12.28 32.19 0 44.48l22.24 22.24c12.28 12.28 32.2 12.28 44.48 0L176 322.72l100.07 100.07c12.28 12.28 32.2 12.28 44.48 0l22.24-22.24c12.28-12.28 12.28-32.19 0-44.48L242.72 256z\"><\/path><\/svg><\/span>\n\t\t\t<span class='e-closed'><svg aria-hidden=\"true\" class=\"e-font-icon-svg e-fas-arrow-down\" viewBox=\"0 0 448 512\" xmlns=\"http:\/\/www.w3.org\/2000\/svg\"><path d=\"M413.1 222.5l22.2 22.2c9.4 9.4 9.4 24.6 0 33.9L241 473c-9.4 9.4-24.6 9.4-33.9 0L12.7 278.6c-9.4-9.4-9.4-24.6 0-33.9l22.2-22.2c9.5-9.5 25-9.3 34.3.4L184 343.4V56c0-13.3 10.7-24 24-24h32c13.3 0 24 10.7 24 24v287.4l114.8-120.5c9.3-9.8 24.8-10 34.3-.4z\"><\/path><\/svg><\/span>\n\t\t<\/span>\n\n\t\t\t\t\t\t<\/summary>\n\t\t\t\t<div role=\"region\" aria-labelledby=\"e-n-accordion-item-3050\" class=\"elementor-element elementor-element-4cc624a e-con-full e-flex e-con e-child\" data-id=\"4cc624a\" data-element_type=\"container\" data-e-type=\"container\">\n\t\t<div role=\"region\" aria-labelledby=\"e-n-accordion-item-3050\" class=\"elementor-element elementor-element-d1c636c e-con-full e-flex e-con e-child\" data-id=\"d1c636c\" data-element_type=\"container\" data-e-type=\"container\">\n\t\t\t\t<div class=\"elementor-element elementor-element-b94c358 elementor-widget elementor-widget-image\" data-id=\"b94c358\" data-element_type=\"widget\" data-e-type=\"widget\" data-widget_type=\"image.default\">\n\t\t\t\t<div class=\"elementor-widget-container\">\n\t\t\t\t\t\t\t\t\t\t\t\t\t\t\t<img fetchpriority=\"high\" decoding=\"async\" width=\"360\" height=\"510\" src=\"https:\/\/www.okaju.lu\/wp-content\/uploads\/2025\/02\/UNICEFPoster.webp\" class=\"attachment-large size-large wp-image-1880\" alt=\"\" srcset=\"https:\/\/www.okaju.lu\/wp-content\/uploads\/2025\/02\/UNICEFPoster.webp 360w, https:\/\/www.okaju.lu\/wp-content\/uploads\/2025\/02\/UNICEFPoster-282x400.webp 282w\" sizes=\"(max-width: 360px) 100vw, 360px\" \/>\t\t\t\t\t\t\t\t\t\t\t\t\t\t\t<\/div>\n\t\t\t\t<\/div>\n\t\t\t\t<\/div>\n\t\t<div role=\"region\" aria-labelledby=\"e-n-accordion-item-3050\" class=\"elementor-element elementor-element-fc5e90d e-flex e-con-boxed e-con e-child\" data-id=\"fc5e90d\" data-element_type=\"container\" data-e-type=\"container\">\n\t\t\t\t\t<div class=\"e-con-inner\">\n\t\t\t\t<div class=\"elementor-element elementor-element-9483239 elementor-widget elementor-widget-text-editor\" data-id=\"9483239\" data-element_type=\"widget\" data-e-type=\"widget\" data-widget_type=\"text-editor.default\">\n\t\t\t\t<div class=\"elementor-widget-container\">\n\t\t\t\t\t\t\t\t\t<h3>Convention relative au droits de l\u2019enfant<\/h3><p>UNICEF a cr\u00e9\u00e9 des affiches pour expliquer les droits des enfants selon la Convention relative aux droits de l\u2019enfant. Elles utilisent des images et des mots simples pour aider les enfants, parents et professionnels \u00e0 mieux comprendre ces droits.<\/p>\t\t\t\t\t\t\t\t<\/div>\n\t\t\t\t<\/div>\n\t\t\t\t<div class=\"elementor-element elementor-element-d807f2c elementor-widget__width-initial elementor-widget elementor-widget-text-editor\" data-id=\"d807f2c\" data-element_type=\"widget\" data-e-type=\"widget\" data-widget_type=\"text-editor.default\">\n\t\t\t\t<div class=\"elementor-widget-container\">\n\t\t\t\t\t\t\t\t\t<p><a href=\"https:\/\/www.okaju.lu\/wp-content\/uploads\/2025\/03\/Kannerrechts_Poster_A3_LU_2022.pdf\">Affiche A3 en version LU<\/a><br \/><a href=\"https:\/\/www.okaju.lu\/wp-content\/uploads\/2025\/03\/Kannerrechts_Poster_A3_FR_2022.pdf\">Affiche A3 en version FR<\/a><br \/><a href=\"http:\/\/Affiche A3 en version DE\">Affiche A3 en version DE<\/a><br \/><a href=\"https:\/\/www.okaju.lu\/wp-content\/uploads\/2025\/03\/Kannerrechts_Poster_A3_EN_2022.pdf\">Affiche A3 en version EN<\/a><br \/><a href=\"http:\/\/Affiche A3 en version PT\">Affiche A3 en version PT<\/a>\u00a0<\/p>\t\t\t\t\t\t\t\t<\/div>\n\t\t\t\t<\/div>\n\t\t\t\t\t<\/div>\n\t\t\t\t<\/div>\n\t\t\t\t<\/div>\n\t\t\t\t\t<\/details>\n\t\t\t\t\t\t<details id=\"e-n-accordion-item-3051\" class=\"e-n-accordion-item\" >\n\t\t\t\t<summary class=\"e-n-accordion-item-title\" data-accordion-index=\"2\" tabindex=\"-1\" aria-expanded=\"false\" aria-controls=\"e-n-accordion-item-3051\" >\n\t\t\t\t\t<span class='e-n-accordion-item-title-header'><div class=\"e-n-accordion-item-title-text\"> Annonces <\/div><\/span>\n\t\t\t\t\t\t\t<span class='e-n-accordion-item-title-icon'>\n\t\t\t<span class='e-opened' ><svg aria-hidden=\"true\" class=\"e-font-icon-svg e-fas-times\" viewBox=\"0 0 352 512\" xmlns=\"http:\/\/www.w3.org\/2000\/svg\"><path d=\"M242.72 256l100.07-100.07c12.28-12.28 12.28-32.19 0-44.48l-22.24-22.24c-12.28-12.28-32.19-12.28-44.48 0L176 189.28 75.93 89.21c-12.28-12.28-32.19-12.28-44.48 0L9.21 111.45c-12.28 12.28-12.28 32.19 0 44.48L109.28 256 9.21 356.07c-12.28 12.28-12.28 32.19 0 44.48l22.24 22.24c12.28 12.28 32.2 12.28 44.48 0L176 322.72l100.07 100.07c12.28 12.28 32.2 12.28 44.48 0l22.24-22.24c12.28-12.28 12.28-32.19 0-44.48L242.72 256z\"><\/path><\/svg><\/span>\n\t\t\t<span class='e-closed'><svg aria-hidden=\"true\" class=\"e-font-icon-svg e-fas-arrow-down\" viewBox=\"0 0 448 512\" xmlns=\"http:\/\/www.w3.org\/2000\/svg\"><path d=\"M413.1 222.5l22.2 22.2c9.4 9.4 9.4 24.6 0 33.9L241 473c-9.4 9.4-24.6 9.4-33.9 0L12.7 278.6c-9.4-9.4-9.4-24.6 0-33.9l22.2-22.2c9.5-9.5 25-9.3 34.3.4L184 343.4V56c0-13.3 10.7-24 24-24h32c13.3 0 24 10.7 24 24v287.4l114.8-120.5c9.3-9.8 24.8-10 34.3-.4z\"><\/path><\/svg><\/span>\n\t\t<\/span>\n\n\t\t\t\t\t\t<\/summary>\n\t\t\t\t<div role=\"region\" aria-labelledby=\"e-n-accordion-item-3051\" class=\"elementor-element elementor-element-04d7f42 e-con-full e-flex e-con e-child\" data-id=\"04d7f42\" data-element_type=\"container\" data-e-type=\"container\">\n\t\t<div role=\"region\" aria-labelledby=\"e-n-accordion-item-3051\" class=\"elementor-element elementor-element-45170de e-con-full e-flex e-con e-child\" data-id=\"45170de\" data-element_type=\"container\" data-e-type=\"container\">\n\t\t\t\t<div class=\"elementor-element elementor-element-c6999f0 elementor-widget elementor-widget-image\" data-id=\"c6999f0\" data-element_type=\"widget\" data-e-type=\"widget\" data-widget_type=\"image.default\">\n\t\t\t\t<div class=\"elementor-widget-container\">\n\t\t\t\t\t\t\t\t\t\t\t\t\t\t\t<img decoding=\"async\" width=\"566\" height=\"800\" src=\"https:\/\/www.okaju.lu\/wp-content\/uploads\/2025\/09\/Annonces_OKAJU-SMS_A4-566x800.jpg\" class=\"attachment-large size-large wp-image-5560\" alt=\"\" srcset=\"https:\/\/www.okaju.lu\/wp-content\/uploads\/2025\/09\/Annonces_OKAJU-SMS_A4-566x800.jpg 566w, https:\/\/www.okaju.lu\/wp-content\/uploads\/2025\/09\/Annonces_OKAJU-SMS_A4-283x400.jpg 283w, https:\/\/www.okaju.lu\/wp-content\/uploads\/2025\/09\/Annonces_OKAJU-SMS_A4-768x1086.jpg 768w, https:\/\/www.okaju.lu\/wp-content\/uploads\/2025\/09\/Annonces_OKAJU-SMS_A4.jpg 827w\" sizes=\"(max-width: 566px) 100vw, 566px\" \/>\t\t\t\t\t\t\t\t\t\t\t\t\t\t\t<\/div>\n\t\t\t\t<\/div>\n\t\t\t\t<\/div>\n\t\t<div role=\"region\" aria-labelledby=\"e-n-accordion-item-3051\" class=\"elementor-element elementor-element-1cab1f3 e-flex e-con-boxed e-con e-child\" data-id=\"1cab1f3\" data-element_type=\"container\" data-e-type=\"container\">\n\t\t\t\t\t<div class=\"e-con-inner\">\n\t\t\t\t<div class=\"elementor-element elementor-element-144adc6 elementor-widget elementor-widget-text-editor\" data-id=\"144adc6\" data-element_type=\"widget\" data-e-type=\"widget\" data-widget_type=\"text-editor.default\">\n\t\t\t\t<div class=\"elementor-widget-container\">\n\t\t\t\t\t\t\t\t\t<p>L\u2019Ombudsman fir Kanner a Jugendlecher (OKAJU) d\u00e9veloppe et diffuse r\u00e9guli\u00e8rement des annonces de sensibilisation, seul ou en collaboration avec ses partenaires, afin de promouvoir les droits de l\u2019enfant au Luxembourg.<\/p><p>Ces campagnes visent \u00e0 informer, sensibiliser et mobiliser le grand public autour des droits des enfants et des jeunes.<\/p>\t\t\t\t\t\t\t\t<\/div>\n\t\t\t\t<\/div>\n\t\t\t\t<div class=\"elementor-element elementor-element-cea6fbe elementor-widget__width-initial elementor-widget elementor-widget-text-editor\" data-id=\"cea6fbe\" data-element_type=\"widget\" data-e-type=\"widget\" data-widget_type=\"text-editor.default\">\n\t\t\t\t<div class=\"elementor-widget-container\">\n\t\t\t\t\t\t\t\t\t<h5>OKAJU<\/h5><p><a href=\"https:\/\/www.okaju.lu\/wp-content\/uploads\/2025\/10\/OKAJU-Annonce-A4-LU.pdf\" target=\"_blank\" rel=\"noopener\">Annonce A4 LU (OKAJU)<\/a><br \/><a href=\"https:\/\/www.okaju.lu\/wp-content\/uploads\/2025\/10\/OKAJU-Annonce-A4-FR.pdf\" target=\"_blank\" rel=\"noopener\">Annonce A4 FR (OKAJU)<\/a><br \/><a href=\"https:\/\/www.okaju.lu\/wp-content\/uploads\/2025\/10\/Annonces_OKAJU-SMS_2025_AH_LU-OKAJU.pdf\" target=\"_blank\" rel=\"noopener\">Annonce A5H LU (OKAJU)<\/a><br \/><a href=\"https:\/\/www.okaju.lu\/wp-content\/uploads\/2025\/10\/Annonces_OKAJU-SMS_2025_A5H_FR-OKAJU.pdf\" target=\"_blank\" rel=\"noopener\">Annonce A5H FR (OKAJU)<\/a><\/p><h5>OKAJU et le Service de m\u00e9diation scolaire<\/h5><p><a href=\"https:\/\/www.okaju.lu\/wp-content\/uploads\/2025\/10\/Annonces_OKAJU-SMS_2025_A4-LU.pdf\" target=\"_blank\" rel=\"noopener\">Annonce A4 LU (OKAJU et SMS)<\/a><br \/><a href=\"https:\/\/www.okaju.lu\/wp-content\/uploads\/2025\/10\/Annonces_OKAJU-SMS_2025_A4-FR.pdf\" target=\"_blank\" rel=\"noopener\">Annonce A4 FR (OKAJU et SMS)<\/a><br \/><a href=\"https:\/\/www.okaju.lu\/wp-content\/uploads\/2025\/10\/Annonces_OKAJU-SMS_2025_A5H_LU-SMS.pdf\" target=\"_blank\" rel=\"noopener\">Annonce A5H LU (SMS)<\/a><br \/><a href=\"https:\/\/www.okaju.lu\/wp-content\/uploads\/2025\/10\/Annonces_OKAJU-SMS_2025_A5H_FR-SMS.pdf\" target=\"_blank\" rel=\"noopener\">Annonce A5H FR (SMS)<\/a><\/p>\t\t\t\t\t\t\t\t<\/div>\n\t\t\t\t<\/div>\n\t\t\t\t\t<\/div>\n\t\t\t\t<\/div>\n\t\t\t\t<\/div>\n\t\t\t\t\t<\/details>\n\t\t\t\t\t<\/div>\n\t\t\t\t\t\t<\/div>\n\t\t\t\t<\/div>\n\t\t\t\t<\/div>\n\t\t\t\t\t<\/div>\n\t\t<\/div>\n\t\t\t\t\t\t<\/div>\n\t\t\t\t<\/div>\n\t\t\t\t<div class=\"elementor-element elementor-element-77980dc elementor-widget elementor-widget-spacer\" data-id=\"77980dc\" data-element_type=\"widget\" data-e-type=\"widget\" data-widget_type=\"spacer.default\">\n\t\t\t\t<div class=\"elementor-widget-container\">\n\t\t\t\t\t\t\t<div class=\"elementor-spacer\">\n\t\t\t<div class=\"elementor-spacer-inner\"><\/div>\n\t\t<\/div>\n\t\t\t\t\t\t<\/div>\n\t\t\t\t<\/div>\n\t\t\t\t<\/div>\n\t\t\t\t<\/div>\n\t\t\t\t\t<\/div>\n\t\t\t\t<\/div>\n\t\t\t\t<\/div>\n\t\t","protected":false},"excerpt":{"rendered":"<p>OKAJU DOCUTH\u00c9QUE Centre de ressources Notre espace d\u00e9di\u00e9 aux ressources p\u00e9dagogiques et didactiques est en cours de d\u00e9veloppement. Vous y trouverez du mat\u00e9riel con\u00e7u pour sensibiliser, informer et accompagner les enfants, les jeunes, les professionnels et les parents sur les droits de l\u2019enfant. Si vous souhaitez proposer du contenu ou partager une ressource utile, n\u2019h\u00e9sitez [&hellip;]<\/p>\n","protected":false},"author":3,"featured_media":0,"parent":0,"menu_order":0,"comment_status":"closed","ping_status":"closed","template":"","meta":{"_acf_changed":false,"footnotes":""},"article-cdie":[],"dossier":[],"class_list":["post-2144","page","type-page","status-publish","hentry"],"acf":[],"_links":{"self":[{"href":"https:\/\/www.okaju.lu\/pt-pt\/wp-json\/wp\/v2\/pages\/2144","targetHints":{"allow":["GET"]}}],"collection":[{"href":"https:\/\/www.okaju.lu\/pt-pt\/wp-json\/wp\/v2\/pages"}],"about":[{"href":"https:\/\/www.okaju.lu\/pt-pt\/wp-json\/wp\/v2\/types\/page"}],"author":[{"embeddable":true,"href":"https:\/\/www.okaju.lu\/pt-pt\/wp-json\/wp\/v2\/users\/3"}],"replies":[{"embeddable":true,"href":"https:\/\/www.okaju.lu\/pt-pt\/wp-json\/wp\/v2\/comments?post=2144"}],"version-history":[{"count":38,"href":"https:\/\/www.okaju.lu\/pt-pt\/wp-json\/wp\/v2\/pages\/2144\/revisions"}],"predecessor-version":[{"id":6071,"href":"https:\/\/www.okaju.lu\/pt-pt\/wp-json\/wp\/v2\/pages\/2144\/revisions\/6071"}],"wp:attachment":[{"href":"https:\/\/www.okaju.lu\/pt-pt\/wp-json\/wp\/v2\/media?parent=2144"}],"wp:term":[{"taxonomy":"article-cdie","embeddable":true,"href":"https:\/\/www.okaju.lu\/pt-pt\/wp-json\/wp\/v2\/article-cdie?post=2144"},{"taxonomy":"dossier","embeddable":true,"href":"https:\/\/www.okaju.lu\/pt-pt\/wp-json\/wp\/v2\/dossier?post=2144"}],"curies":[{"name":"wp","href":"https:\/\/api.w.org\/{rel}","templated":true}]}}