{"id":231,"date":"2023-10-13T14:26:20","date_gmt":"2023-10-13T12:26:20","guid":{"rendered":"https:\/\/www.okaju.lu\/?page_id=231"},"modified":"2026-03-04T18:21:28","modified_gmt":"2026-03-04T17:21:28","slug":"droits-de-lenfant","status":"publish","type":"page","link":"https:\/\/www.okaju.lu\/pt-pt\/droits-de-lenfant\/","title":{"rendered":"Droits de l&#8217;enfant"},"content":{"rendered":"\t\t<div data-elementor-type=\"wp-page\" data-elementor-id=\"231\" class=\"elementor elementor-231\" data-elementor-post-type=\"page\">\n\t\t\t\t<div class=\"elementor-element elementor-element-286c380 e-flex e-con-boxed e-con e-parent\" data-id=\"286c380\" data-element_type=\"container\" data-e-type=\"container\" data-settings=\"{&quot;background_background&quot;:&quot;classic&quot;}\">\n\t\t\t\t\t<div class=\"e-con-inner\">\n\t\t\t\t<div class=\"elementor-element elementor-element-868107e elementor-widget elementor-widget-heading\" data-id=\"868107e\" data-element_type=\"widget\" data-e-type=\"widget\" data-widget_type=\"heading.default\">\n\t\t\t\t<div class=\"elementor-widget-container\">\n\t\t\t\t\t<h2 class=\"elementor-heading-title elementor-size-default\">OKAJU DOCUTH\u00c9QUE<\/h2>\t\t\t\t<\/div>\n\t\t\t\t<\/div>\n\t\t\t\t<div class=\"elementor-element elementor-element-25f90f1 elementor-widget__width-initial elementor-widget elementor-widget-heading\" data-id=\"25f90f1\" data-element_type=\"widget\" data-e-type=\"widget\" data-widget_type=\"heading.default\">\n\t\t\t\t<div class=\"elementor-widget-container\">\n\t\t\t\t\t<h2 class=\"elementor-heading-title elementor-size-default\">La Convention internationale relative aux droits de l'enfant<\/h2>\t\t\t\t<\/div>\n\t\t\t\t<\/div>\n\t\t\t\t<div class=\"elementor-element elementor-element-db4d521 elementor-widget elementor-widget-image\" data-id=\"db4d521\" data-element_type=\"widget\" data-e-type=\"widget\" data-widget_type=\"image.default\">\n\t\t\t\t<div class=\"elementor-widget-container\">\n\t\t\t\t\t\t\t\t\t\t\t\t\t\t\t<img fetchpriority=\"high\" decoding=\"async\" width=\"800\" height=\"439\" src=\"https:\/\/www.okaju.lu\/wp-content\/uploads\/2025\/02\/CoverPublicationUnSiecle2.webp\" class=\"attachment-large size-large wp-image-1764\" alt=\"\" srcset=\"https:\/\/www.okaju.lu\/wp-content\/uploads\/2025\/02\/CoverPublicationUnSiecle2.webp 824w, https:\/\/www.okaju.lu\/wp-content\/uploads\/2025\/02\/CoverPublicationUnSiecle2-729x400.webp 729w, https:\/\/www.okaju.lu\/wp-content\/uploads\/2025\/02\/CoverPublicationUnSiecle2-768x421.webp 768w\" sizes=\"(max-width: 800px) 100vw, 800px\" \/>\t\t\t\t\t\t\t\t\t\t\t\t\t\t\t<\/div>\n\t\t\t\t<\/div>\n\t\t\t\t<div class=\"elementor-element elementor-element-48eff84 elementor-widget elementor-widget-text-editor\" data-id=\"48eff84\" data-element_type=\"widget\" data-e-type=\"widget\" data-widget_type=\"text-editor.default\">\n\t\t\t\t<div class=\"elementor-widget-container\">\n\t\t\t\t\t\t\t\t\t<p><strong>Tous les enfants ont des droits.<\/strong> Chacun devrait conna\u00eetre ses droits pour qu\u2019ils soient mieux respect\u00e9s et que chaque enfant soit \u00e9cout\u00e9. La Convention internationale relative aux droits de l\u2019enfant a \u00e9t\u00e9 adopt\u00e9e en 1989 par l\u2019Assembl\u00e9e g\u00e9n\u00e9rale des Nations Unies. <strong>Le Luxembourg a ratifi\u00e9 la Convention en 1993.<\/strong><\/p>\t\t\t\t\t\t\t\t<\/div>\n\t\t\t\t<\/div>\n\t\t\t\t\t<\/div>\n\t\t\t\t<\/div>\n\t\t<div class=\"elementor-element elementor-element-5fbb9a0 e-flex e-con-boxed e-con e-parent\" data-id=\"5fbb9a0\" data-element_type=\"container\" data-e-type=\"container\">\n\t\t\t\t\t<div class=\"e-con-inner\">\n\t\t<div class=\"elementor-element elementor-element-43315c6 e-con-full e-flex e-con e-child\" data-id=\"43315c6\" data-element_type=\"container\" data-e-type=\"container\">\n\t\t<div class=\"elementor-element elementor-element-1313d40 e-con-full e-flex e-con e-child\" data-id=\"1313d40\" data-element_type=\"container\" data-e-type=\"container\">\n\t\t\t\t<div class=\"elementor-element elementor-element-2f7cad3 elementor-widget elementor-widget-heading\" data-id=\"2f7cad3\" data-element_type=\"widget\" data-e-type=\"widget\" data-widget_type=\"heading.default\">\n\t\t\t\t<div class=\"elementor-widget-container\">\n\t\t\t\t\t<h2 class=\"elementor-heading-title elementor-size-default\">La Convention <br \/>des Droits de l'Enfant<\/h2>\t\t\t\t<\/div>\n\t\t\t\t<\/div>\n\t\t\t\t<div class=\"elementor-element elementor-element-71c0d37 elementor-widget elementor-widget-text-editor\" data-id=\"71c0d37\" data-element_type=\"widget\" data-e-type=\"widget\" data-widget_type=\"text-editor.default\">\n\t\t\t\t<div class=\"elementor-widget-container\">\n\t\t\t\t\t\t\t\t\t<p>La Convention relative aux droits de l\u2019enfant, entr\u00e9e en vigueur le 2 septembre 1990, conform\u00e9ment \u00e0 l\u2019article 49<\/p>\n<p><a href=\"https:\/\/www.ohchr.org\/fr\/instruments-mechanisms\/instruments\/convention-rights-child\">Lien vers le page des Nations Unies<\/a><\/p>\t\t\t\t\t\t\t\t<\/div>\n\t\t\t\t<\/div>\n\t\t\t\t<\/div>\n\t\t<div class=\"elementor-element elementor-element-dd07944 e-con-full e-flex e-con e-child\" data-id=\"dd07944\" data-element_type=\"container\" data-e-type=\"container\">\n\t\t<div class=\"elementor-element elementor-element-bc090da e-con-full e-flex e-con e-child\" data-id=\"bc090da\" data-element_type=\"container\" data-e-type=\"container\">\n\t\t<div class=\"elementor-element elementor-element-0df13c0 e-con-full e-flex e-con e-child\" data-id=\"0df13c0\" data-element_type=\"container\" data-e-type=\"container\">\n\t\t\t\t<div class=\"elementor-element elementor-element-6cec41b elementor-widget elementor-widget-image\" data-id=\"6cec41b\" data-element_type=\"widget\" data-e-type=\"widget\" data-widget_type=\"image.default\">\n\t\t\t\t<div class=\"elementor-widget-container\">\n\t\t\t\t\t\t\t\t\t\t\t\t\t\t\t<img decoding=\"async\" width=\"360\" height=\"510\" src=\"https:\/\/www.okaju.lu\/wp-content\/uploads\/2025\/02\/UNICEFPoster.webp\" class=\"attachment-large size-large wp-image-1880\" alt=\"\" srcset=\"https:\/\/www.okaju.lu\/wp-content\/uploads\/2025\/02\/UNICEFPoster.webp 360w, https:\/\/www.okaju.lu\/wp-content\/uploads\/2025\/02\/UNICEFPoster-282x400.webp 282w\" sizes=\"(max-width: 360px) 100vw, 360px\" \/>\t\t\t\t\t\t\t\t\t\t\t\t\t\t\t<\/div>\n\t\t\t\t<\/div>\n\t\t\t\t<div class=\"elementor-element elementor-element-1d88724 elementor-widget elementor-widget-text-editor\" data-id=\"1d88724\" data-element_type=\"widget\" data-e-type=\"widget\" data-widget_type=\"text-editor.default\">\n\t\t\t\t<div class=\"elementor-widget-container\">\n\t\t\t\t\t\t\t\t\t<p><a href=\"https:\/\/www.okaju.lu\/wp-content\/uploads\/2025\/03\/Kannerrechts_Poster_A3_LU_2022.pdf\">Affiche A3 en version LU<\/a><br \/><a href=\"https:\/\/www.okaju.lu\/wp-content\/uploads\/2025\/03\/Kannerrechts_Poster_A3_FR_2022.pdf\">Affiche A3 en version FR<\/a><br \/><a href=\"http:\/\/Affiche A3 en version DE\">Affiche A3 en version DE<\/a><br \/><a href=\"https:\/\/www.okaju.lu\/wp-content\/uploads\/2025\/03\/Kannerrechts_Poster_A3_EN_2022.pdf\">Affiche A3 en version EN<\/a><br \/><a href=\"http:\/\/Affiche A3 en version PT\">Affiche A3 en version PT<\/a><br \/>\u00a0<\/p>\t\t\t\t\t\t\t\t<\/div>\n\t\t\t\t<\/div>\n\t\t\t\t<\/div>\n\t\t<div class=\"elementor-element elementor-element-fd6f593 e-con-full e-flex e-con e-child\" data-id=\"fd6f593\" data-element_type=\"container\" data-e-type=\"container\">\n\t\t\t\t<div class=\"elementor-element elementor-element-d628073 elementor-widget elementor-widget-heading\" data-id=\"d628073\" data-element_type=\"widget\" data-e-type=\"widget\" data-widget_type=\"heading.default\">\n\t\t\t\t<div class=\"elementor-widget-container\">\n\t\t\t\t\t<h2 class=\"elementor-heading-title elementor-size-default\"><a href=\"https:\/\/www.unicef.fr\/convention-droits-enfants\/\">Version simplifi\u00e9e de la Convention<\/a><\/h2>\t\t\t\t<\/div>\n\t\t\t\t<\/div>\n\t\t\t\t<div class=\"elementor-element elementor-element-c1ec58a elementor-widget elementor-widget-text-editor\" data-id=\"c1ec58a\" data-element_type=\"widget\" data-e-type=\"widget\" data-widget_type=\"text-editor.default\">\n\t\t\t\t<div class=\"elementor-widget-container\">\n\t\t\t\t\t\t\t\t\t<p>UNICEF a cr\u00e9\u00e9 des affiches pour expliquer les droits des enfants selon la Convention relative aux droits de l\u2019enfant. Elles utilisent des images et des mots simples pour aider les enfants, parents et professionnels \u00e0 mieux comprendre ces droits.<\/p>\n<p style=\"padding-left: 40px;\"><a href=\"https:\/\/www.unicef.fr\/convention-droits-enfants\/\" target=\"_blank\" rel=\"noopener\">Trouvez ici un lien vers une <strong>version simplifi\u00e9e<\/strong> de la Convention en plusieurs langues<\/a><\/p>\n<p>T\u00e9l\u00e9charger les affiches en PDF (Lien vers les documents)<\/p>\t\t\t\t\t\t\t\t<\/div>\n\t\t\t\t<\/div>\n\t\t\t\t<\/div>\n\t\t\t\t<\/div>\n\t\t\t\t<\/div>\n\t\t\t\t<\/div>\n\t\t<div class=\"elementor-element elementor-element-1e70fb5 e-con-full e-flex e-con e-child\" data-id=\"1e70fb5\" data-element_type=\"container\" data-e-type=\"container\" data-settings=\"{&quot;background_background&quot;:&quot;classic&quot;}\">\n\t\t\t\t<div class=\"elementor-element elementor-element-bb17f07 elementor-widget elementor-widget-heading\" data-id=\"bb17f07\" data-element_type=\"widget\" data-e-type=\"widget\" data-widget_type=\"heading.default\">\n\t\t\t\t<div class=\"elementor-widget-container\">\n\t\t\t\t\t<h2 class=\"elementor-heading-title elementor-size-default\">La Convention <br \/>des Droits de l'Enfant<\/h2>\t\t\t\t<\/div>\n\t\t\t\t<\/div>\n\t\t\t\t<div class=\"elementor-element elementor-element-4d7aff4 elementor-widget elementor-widget-text-editor\" data-id=\"4d7aff4\" data-element_type=\"widget\" data-e-type=\"widget\" data-widget_type=\"text-editor.default\">\n\t\t\t\t<div class=\"elementor-widget-container\">\n\t\t\t\t\t\t\t\t\t<p>La Convention relative aux droits de l\u2019enfant, entr\u00e9e en vigueur le 2 septembre 1990, conform\u00e9ment \u00e0 l\u2019article 49<\/p>\n<p><a href=\"https:\/\/www.ohchr.org\/fr\/instruments-mechanisms\/instruments\/convention-rights-child\" target=\"_blank\" rel=\"noopener\">Lien vers le page des Nations Unies<\/a><\/p>\t\t\t\t\t\t\t\t<\/div>\n\t\t\t\t<\/div>\n\t\t\t\t<div class=\"elementor-element elementor-element-0bc71b6 elementor-widget elementor-widget-heading\" data-id=\"0bc71b6\" data-element_type=\"widget\" data-e-type=\"widget\" data-widget_type=\"heading.default\">\n\t\t\t\t<div class=\"elementor-widget-container\">\n\t\t\t\t\t<h2 class=\"elementor-heading-title elementor-size-default\">Recommandations du Comit\u00e9 des droits de l\u2019enfant de l\u2019ONU au Luxembourg<\/h2>\t\t\t\t<\/div>\n\t\t\t\t<\/div>\n\t\t\t\t<div class=\"elementor-element elementor-element-dc33e7c elementor-widget elementor-widget-text-editor\" data-id=\"dc33e7c\" data-element_type=\"widget\" data-e-type=\"widget\" data-widget_type=\"text-editor.default\">\n\t\t\t\t<div class=\"elementor-widget-container\">\n\t\t\t\t\t\t\t\t\t<p>Le Comit\u00e9 des droits de l\u2019enfant de l\u2019ONU a adopt\u00e9 le 27 septembre 2021 ses observations finales avec des recommandations pour une meilleure <strong>mise en \u0153uvre de la Convention relative aux droits de l\u2019enfant au Luxembourg<\/strong> et les a pr\u00e9sent\u00e9es dans leur version finale le 22 octobre 2021. Ces recommandations marquent la fin du <strong>processus d\u2019examen du Luxembourg<\/strong> par le Comit\u00e9 des droits de l\u2019enfant de l\u2019ONU qui s\u2019est d\u00e9roul\u00e9 le 20 septembre 2021 \u00e0 Gen\u00e8ve.<\/p>\n<p><a href=\"https:\/\/docs.un.org\/fr\/CRC\/C\/LUX\/CO\/5-6\" target=\"_blank\" rel=\"noopener\">Lien vers le document<\/a><\/p>\t\t\t\t\t\t\t\t<\/div>\n\t\t\t\t<\/div>\n\t\t\t\t<div class=\"elementor-element elementor-element-c90de79 elementor-widget elementor-widget-heading\" data-id=\"c90de79\" data-element_type=\"widget\" data-e-type=\"widget\" data-widget_type=\"heading.default\">\n\t\t\t\t<div class=\"elementor-widget-container\">\n\t\t\t\t\t<h2 class=\"elementor-heading-title elementor-size-default\">Observations g\u00e9n\u00e9rales du Comit\u00e9 des droits de l'enfant<\/h2>\t\t\t\t<\/div>\n\t\t\t\t<\/div>\n\t\t\t\t<div class=\"elementor-element elementor-element-c285350 elementor-widget elementor-widget-n-accordion\" data-id=\"c285350\" data-element_type=\"widget\" data-e-type=\"widget\" data-settings=\"{&quot;default_state&quot;:&quot;expanded&quot;,&quot;max_items_expended&quot;:&quot;one&quot;,&quot;n_accordion_animation_duration&quot;:{&quot;unit&quot;:&quot;ms&quot;,&quot;size&quot;:400,&quot;sizes&quot;:[]}}\" data-widget_type=\"nested-accordion.default\">\n\t\t\t\t<div class=\"elementor-widget-container\">\n\t\t\t\t\t\t\t<div class=\"e-n-accordion\" aria-label=\"Accordion. Open links with Enter or Space, close with Escape, and navigate with Arrow Keys\">\n\t\t\t\t\t\t<details id=\"e-n-accordion-item-2030\" class=\"e-n-accordion-item\" open>\n\t\t\t\t<summary class=\"e-n-accordion-item-title\" data-accordion-index=\"1\" tabindex=\"0\" aria-expanded=\"true\" aria-controls=\"e-n-accordion-item-2030\" >\n\t\t\t\t\t<span class='e-n-accordion-item-title-header'><div class=\"e-n-accordion-item-title-text\"> Observation g\u00e9n\u00e9rale n\u00b027 <\/div><\/span>\n\t\t\t\t\t\t\t\t\t<\/summary>\n\t\t\t\t<div role=\"region\" aria-labelledby=\"e-n-accordion-item-2030\" class=\"elementor-element elementor-element-f6984dd e-con-full e-flex e-con e-child\" data-id=\"f6984dd\" data-element_type=\"container\" data-e-type=\"container\">\n\t\t\t\t<div class=\"elementor-element elementor-element-b870271 elementor-widget elementor-widget-text-editor\" data-id=\"b870271\" data-element_type=\"widget\" data-e-type=\"widget\" data-widget_type=\"text-editor.default\">\n\t\t\t\t<div class=\"elementor-widget-container\">\n\t\t\t\t\t\t\t\t\t<p>Le droit de l\u2019enfant d\u2019<strong>acc\u00e9der \u00e0 la justice<\/strong> et \u00e0 un recours effectif (<a href=\"https:\/\/www.ohchr.org\/fr\/node\/107907\" target=\"_blank\" rel=\"noopener\">projet<\/a>)<\/p>\t\t\t\t\t\t\t\t<\/div>\n\t\t\t\t<\/div>\n\t\t\t\t<\/div>\n\t\t\t\t\t<\/details>\n\t\t\t\t\t\t<details id=\"e-n-accordion-item-2031\" class=\"e-n-accordion-item\" >\n\t\t\t\t<summary class=\"e-n-accordion-item-title\" data-accordion-index=\"2\" tabindex=\"-1\" aria-expanded=\"false\" aria-controls=\"e-n-accordion-item-2031\" >\n\t\t\t\t\t<span class='e-n-accordion-item-title-header'><div class=\"e-n-accordion-item-title-text\"> Observation g\u00e9n\u00e9rale n\u00b026 <\/div><\/span>\n\t\t\t\t\t\t\t\t\t<\/summary>\n\t\t\t\t<div role=\"region\" aria-labelledby=\"e-n-accordion-item-2031\" class=\"elementor-element elementor-element-17d742b e-con-full e-flex e-con e-child\" data-id=\"17d742b\" data-element_type=\"container\" data-e-type=\"container\">\n\t\t\t\t<div class=\"elementor-element elementor-element-4e1b0fc elementor-widget elementor-widget-text-editor\" data-id=\"4e1b0fc\" data-element_type=\"widget\" data-e-type=\"widget\" data-widget_type=\"text-editor.default\">\n\t\t\t\t<div class=\"elementor-widget-container\">\n\t\t\t\t\t\t\t\t\t<p>Les droits de l\u2019enfant et <strong>l\u2019environnement<\/strong>, en particulier les changements climatiques (<a href=\"https:\/\/www.ohchr.org\/fr\/documents\/general-comments-and-recommendations\/crccgc26-general-comment-no-26-2023-childrens-rights\" target=\"_blank\" rel=\"noopener\">&#8230;<\/a>)<\/p>\t\t\t\t\t\t\t\t<\/div>\n\t\t\t\t<\/div>\n\t\t\t\t<\/div>\n\t\t\t\t\t<\/details>\n\t\t\t\t\t\t<details id=\"e-n-accordion-item-2032\" class=\"e-n-accordion-item\" >\n\t\t\t\t<summary class=\"e-n-accordion-item-title\" data-accordion-index=\"3\" tabindex=\"-1\" aria-expanded=\"false\" aria-controls=\"e-n-accordion-item-2032\" >\n\t\t\t\t\t<span class='e-n-accordion-item-title-header'><div class=\"e-n-accordion-item-title-text\"> Observation g\u00e9n\u00e9rale n\u00b025 <\/div><\/span>\n\t\t\t\t\t\t\t\t\t<\/summary>\n\t\t\t\t<div role=\"region\" aria-labelledby=\"e-n-accordion-item-2032\" class=\"elementor-element elementor-element-bde9d3c e-con-full e-flex e-con e-child\" data-id=\"bde9d3c\" data-element_type=\"container\" data-e-type=\"container\">\n\t\t\t\t<div class=\"elementor-element elementor-element-7b2ee71 elementor-widget elementor-widget-text-editor\" data-id=\"7b2ee71\" data-element_type=\"widget\" data-e-type=\"widget\" data-widget_type=\"text-editor.default\">\n\t\t\t\t<div class=\"elementor-widget-container\">\n\t\t\t\t\t\t\t\t\t<p>Droits de l\u2019enfant en relation avec l\u2019<strong>environnement num\u00e9rique<\/strong> (<a href=\"https:\/\/www.ohchr.org\/fr\/documents\/general-comments-and-recommendations\/general-comment-no-25-2021-childrens-rights-relation\" target=\"_blank\" rel=\"noopener\">&#8230;<\/a>)<\/p>\t\t\t\t\t\t\t\t<\/div>\n\t\t\t\t<\/div>\n\t\t\t\t<\/div>\n\t\t\t\t\t<\/details>\n\t\t\t\t\t\t<details id=\"e-n-accordion-item-2033\" class=\"e-n-accordion-item\" >\n\t\t\t\t<summary class=\"e-n-accordion-item-title\" data-accordion-index=\"4\" tabindex=\"-1\" aria-expanded=\"false\" aria-controls=\"e-n-accordion-item-2033\" >\n\t\t\t\t\t<span class='e-n-accordion-item-title-header'><div class=\"e-n-accordion-item-title-text\"> Autres <\/div><\/span>\n\t\t\t\t\t\t\t\t\t<\/summary>\n\t\t\t\t<div role=\"region\" aria-labelledby=\"e-n-accordion-item-2033\" class=\"elementor-element elementor-element-b7c852e e-con-full e-flex e-con e-child\" data-id=\"b7c852e\" data-element_type=\"container\" data-e-type=\"container\">\n\t\t\t\t<div class=\"elementor-element elementor-element-56e7753 elementor-widget elementor-widget-text-editor\" data-id=\"56e7753\" data-element_type=\"widget\" data-e-type=\"widget\" data-widget_type=\"text-editor.default\">\n\t\t\t\t<div class=\"elementor-widget-container\">\n\t\t\t\t\t\t\t\t\t<p>Vers la page des Observations g\u00e9n\u00e9rales du Comit\u00e9 des droits de l&#8217;enfant (<a href=\"https:\/\/www.ohchr.org\/fr\/treaty-bodies\/crc\/general-comments\" target=\"_blank\" rel=\"noopener\">&#8230;<\/a>)<\/p>\t\t\t\t\t\t\t\t<\/div>\n\t\t\t\t<\/div>\n\t\t\t\t<\/div>\n\t\t\t\t\t<\/details>\n\t\t\t\t\t<\/div>\n\t\t\t\t\t\t<\/div>\n\t\t\t\t<\/div>\n\t\t\t\t<\/div>\n\t\t\t\t\t<\/div>\n\t\t\t\t<\/div>\n\t\t\t\t<\/div>\n\t\t","protected":false},"excerpt":{"rendered":"<p>OKAJU DOCUTH\u00c9QUE La Convention internationale relative aux droits de l&#8217;enfant Tous les enfants ont des droits. Chacun devrait conna\u00eetre ses droits pour qu\u2019ils soient mieux respect\u00e9s et que chaque enfant soit \u00e9cout\u00e9. La Convention internationale relative aux droits de l\u2019enfant a \u00e9t\u00e9 adopt\u00e9e en 1989 par l\u2019Assembl\u00e9e g\u00e9n\u00e9rale des Nations Unies. Le Luxembourg a ratifi\u00e9 [&hellip;]<\/p>\n","protected":false},"author":1,"featured_media":0,"parent":0,"menu_order":0,"comment_status":"closed","ping_status":"closed","template":"","meta":{"_acf_changed":false,"footnotes":""},"article-cdie":[],"dossier":[],"class_list":["post-231","page","type-page","status-publish","hentry"],"acf":[],"_links":{"self":[{"href":"https:\/\/www.okaju.lu\/pt-pt\/wp-json\/wp\/v2\/pages\/231","targetHints":{"allow":["GET"]}}],"collection":[{"href":"https:\/\/www.okaju.lu\/pt-pt\/wp-json\/wp\/v2\/pages"}],"about":[{"href":"https:\/\/www.okaju.lu\/pt-pt\/wp-json\/wp\/v2\/types\/page"}],"author":[{"embeddable":true,"href":"https:\/\/www.okaju.lu\/pt-pt\/wp-json\/wp\/v2\/users\/1"}],"replies":[{"embeddable":true,"href":"https:\/\/www.okaju.lu\/pt-pt\/wp-json\/wp\/v2\/comments?post=231"}],"version-history":[{"count":35,"href":"https:\/\/www.okaju.lu\/pt-pt\/wp-json\/wp\/v2\/pages\/231\/revisions"}],"predecessor-version":[{"id":8450,"href":"https:\/\/www.okaju.lu\/pt-pt\/wp-json\/wp\/v2\/pages\/231\/revisions\/8450"}],"wp:attachment":[{"href":"https:\/\/www.okaju.lu\/pt-pt\/wp-json\/wp\/v2\/media?parent=231"}],"wp:term":[{"taxonomy":"article-cdie","embeddable":true,"href":"https:\/\/www.okaju.lu\/pt-pt\/wp-json\/wp\/v2\/article-cdie?post=231"},{"taxonomy":"dossier","embeddable":true,"href":"https:\/\/www.okaju.lu\/pt-pt\/wp-json\/wp\/v2\/dossier?post=231"}],"curies":[{"name":"wp","href":"https:\/\/api.w.org\/{rel}","templated":true}]}}