{"id":5707,"date":"2025-10-02T07:49:19","date_gmt":"2025-10-02T05:49:19","guid":{"rendered":"https:\/\/www.okaju.lu\/?page_id=5707"},"modified":"2026-03-04T16:11:28","modified_gmt":"2026-03-04T15:11:28","slug":"main-contributions","status":"publish","type":"page","link":"https:\/\/www.okaju.lu\/pt-pt\/main-contributions\/","title":{"rendered":"Appels \u00e0 contributions"},"content":{"rendered":"\t\t<div data-elementor-type=\"wp-page\" data-elementor-id=\"5707\" class=\"elementor elementor-5707\" data-elementor-post-type=\"page\">\n\t\t\t\t<div class=\"elementor-element elementor-element-5d00ddb e-flex e-con-boxed e-con e-parent\" data-id=\"5d00ddb\" data-element_type=\"container\" data-e-type=\"container\" data-settings=\"{&quot;background_background&quot;:&quot;classic&quot;}\">\n\t\t\t\t\t<div class=\"e-con-inner\">\n\t\t\t\t<div class=\"elementor-element elementor-element-233a8e4 elementor-widget elementor-widget-heading\" data-id=\"233a8e4\" data-element_type=\"widget\" data-e-type=\"widget\" data-widget_type=\"heading.default\">\n\t\t\t\t<div class=\"elementor-widget-container\">\n\t\t\t\t\t<h2 class=\"elementor-heading-title elementor-size-default\">Art.13<\/h2>\t\t\t\t<\/div>\n\t\t\t\t<\/div>\n\t\t\t\t<div class=\"elementor-element elementor-element-cf4c6b6 elementor-widget elementor-widget-heading\" data-id=\"cf4c6b6\" data-element_type=\"widget\" data-e-type=\"widget\" data-widget_type=\"heading.default\">\n\t\t\t\t<div class=\"elementor-widget-container\">\n\t\t\t\t\t<h2 class=\"elementor-heading-title elementor-size-default\">Appel \u00e0 contributions<\/h2>\t\t\t\t<\/div>\n\t\t\t\t<\/div>\n\t\t\t\t<div class=\"elementor-element elementor-element-64b0a91 elementor-widget__width-initial elementor-widget elementor-widget-heading\" data-id=\"64b0a91\" data-element_type=\"widget\" data-e-type=\"widget\" data-widget_type=\"heading.default\">\n\t\t\t\t<div class=\"elementor-widget-container\">\n\t\t\t\t\t<h2 class=\"elementor-heading-title elementor-size-default\">Garantir aux enfants le droit de s\u2019exprimer librement<\/h2>\t\t\t\t<\/div>\n\t\t\t\t<\/div>\n\t\t\t\t\t<\/div>\n\t\t\t\t<\/div>\n\t\t<div class=\"elementor-element elementor-element-55936c0 e-flex e-con-boxed e-con e-parent\" data-id=\"55936c0\" data-element_type=\"container\" data-e-type=\"container\">\n\t\t\t\t\t<div class=\"e-con-inner\">\n\t\t<div class=\"elementor-element elementor-element-6a37f18 e-con-full e-flex e-con e-child\" data-id=\"6a37f18\" data-element_type=\"container\" data-e-type=\"container\">\n\t\t\t\t<div class=\"elementor-element elementor-element-3ded4ae elementor-widget elementor-widget-heading\" data-id=\"3ded4ae\" data-element_type=\"widget\" data-e-type=\"widget\" data-widget_type=\"heading.default\">\n\t\t\t\t<div class=\"elementor-widget-container\">\n\t\t\t\t\t<h2 class=\"elementor-heading-title elementor-size-default\">Ta voix compte<\/h2>\t\t\t\t<\/div>\n\t\t\t\t<\/div>\n\t\t<div class=\"elementor-element elementor-element-d00e643 e-con-full e-flex e-con e-child\" data-id=\"d00e643\" data-element_type=\"container\" data-e-type=\"container\">\n\t\t<div class=\"elementor-element elementor-element-f5198bd e-con-full e-flex e-con e-child\" data-id=\"f5198bd\" data-element_type=\"container\" data-e-type=\"container\">\n\t\t\t\t<div class=\"elementor-element elementor-element-fb59520 elementor-widget elementor-widget-text-editor\" data-id=\"fb59520\" data-element_type=\"widget\" data-e-type=\"widget\" data-widget_type=\"text-editor.default\">\n\t\t\t\t<div class=\"elementor-widget-container\">\n\t\t\t\t\t\t\t\t\t<p>Vous avez v\u00e9cu une <strong>exp\u00e9rience marquante, inspirante ou bouleversant<\/strong>e en lien avec l\u2019inclusion, l\u2019\u00e9ducation, les soins, ou le quotidien d\u2019un enfant ou jeune en situation de handicap ?\u00a0<\/p><p>Nous recueillons vos <strong>t\u00e9moignages<\/strong> \u2013 qu\u2019ils soient courts ou longs, anonymes ou sign\u00e9s \u2013 afin de mieux faire entendre les voix de celles et ceux directement concern\u00e9s.<\/p>\t\t\t\t\t\t\t\t<\/div>\n\t\t\t\t<\/div>\n\t\t\t\t<\/div>\n\t\t<div class=\"elementor-element elementor-element-aa00154 e-con-full e-flex e-con e-child\" data-id=\"aa00154\" data-element_type=\"container\" data-e-type=\"container\">\n\t\t\t\t<div class=\"elementor-element elementor-element-b740e59 elementor-widget elementor-widget-image\" data-id=\"b740e59\" data-element_type=\"widget\" data-e-type=\"widget\" data-widget_type=\"image.default\">\n\t\t\t\t<div class=\"elementor-widget-container\">\n\t\t\t\t\t\t\t\t\t\t\t\t\t\t\t<img fetchpriority=\"high\" decoding=\"async\" width=\"486\" height=\"400\" src=\"https:\/\/www.okaju.lu\/wp-content\/uploads\/2025\/07\/HibOKAJU_v01-486x400.png\" class=\"attachment-medium size-medium wp-image-4094\" alt=\"Illustration, Hibou de l&#039;OKAJU\" srcset=\"https:\/\/www.okaju.lu\/wp-content\/uploads\/2025\/07\/HibOKAJU_v01-486x400.png 486w, https:\/\/www.okaju.lu\/wp-content\/uploads\/2025\/07\/HibOKAJU_v01-972x800.png 972w, https:\/\/www.okaju.lu\/wp-content\/uploads\/2025\/07\/HibOKAJU_v01-768x632.png 768w, https:\/\/www.okaju.lu\/wp-content\/uploads\/2025\/07\/HibOKAJU_v01.png 1500w\" sizes=\"(max-width: 486px) 100vw, 486px\" \/>\t\t\t\t\t\t\t\t\t\t\t\t\t\t\t<\/div>\n\t\t\t\t<\/div>\n\t\t\t\t<\/div>\n\t\t\t\t<\/div>\n\t\t<div class=\"elementor-element elementor-element-c884259 e-con-full e-flex e-con e-child\" data-id=\"c884259\" data-element_type=\"container\" data-e-type=\"container\">\n\t\t\t\t<div class=\"elementor-element elementor-element-e4a969a elementor-widget elementor-widget-heading\" data-id=\"e4a969a\" data-element_type=\"widget\" data-e-type=\"widget\" data-widget_type=\"heading.default\">\n\t\t\t\t<div class=\"elementor-widget-container\">\n\t\t\t\t\t<h2 class=\"elementor-heading-title elementor-size-default\">Appels en cours<\/h2>\t\t\t\t<\/div>\n\t\t\t\t<\/div>\n\t\t\t\t<div class=\"elementor-element elementor-element-236ccbd elementor-grid-2 elementor-grid-tablet-2 elementor-grid-mobile-1 elementor-widget elementor-widget-loop-grid\" data-id=\"236ccbd\" data-element_type=\"widget\" data-e-type=\"widget\" data-settings=\"{&quot;template_id&quot;:5993,&quot;columns&quot;:2,&quot;masonry&quot;:&quot;yes&quot;,&quot;_skin&quot;:&quot;post&quot;,&quot;columns_tablet&quot;:&quot;2&quot;,&quot;columns_mobile&quot;:&quot;1&quot;,&quot;edit_handle_selector&quot;:&quot;[data-elementor-type=\\&quot;loop-item\\&quot;]&quot;,&quot;row_gap&quot;:{&quot;unit&quot;:&quot;px&quot;,&quot;size&quot;:&quot;&quot;,&quot;sizes&quot;:[]},&quot;row_gap_tablet&quot;:{&quot;unit&quot;:&quot;px&quot;,&quot;size&quot;:&quot;&quot;,&quot;sizes&quot;:[]},&quot;row_gap_mobile&quot;:{&quot;unit&quot;:&quot;px&quot;,&quot;size&quot;:&quot;&quot;,&quot;sizes&quot;:[]}}\" data-widget_type=\"loop-grid.post\">\n\t\t\t\t<div class=\"elementor-widget-container\">\n\t\t\t\t\t\t\t<div class=\"e-loop-nothing-found-message\">\n\t\t<\/div>\n\t\t\t\t\t\t<\/div>\n\t\t\t\t<\/div>\n\t\t\t\t<\/div>\n\t\t\t\t<\/div>\n\t\t<div class=\"elementor-element elementor-element-2b2a588 e-con-full e-flex e-con e-child\" data-id=\"2b2a588\" data-element_type=\"container\" data-e-type=\"container\" data-settings=\"{&quot;background_background&quot;:&quot;classic&quot;}\">\n\t\t<div class=\"elementor-element elementor-element-fd21584 e-con-full e-flex e-con e-child\" data-id=\"fd21584\" data-element_type=\"container\" data-e-type=\"container\">\n\t\t\t\t<div class=\"elementor-element elementor-element-019976a elementor-widget elementor-widget-image\" data-id=\"019976a\" data-element_type=\"widget\" data-e-type=\"widget\" data-widget_type=\"image.default\">\n\t\t\t\t<div class=\"elementor-widget-container\">\n\t\t\t\t\t\t\t\t\t\t\t\t\t\t\t<img decoding=\"async\" width=\"605\" height=\"800\" src=\"https:\/\/www.okaju.lu\/wp-content\/uploads\/2025\/05\/Art-13-605x800.webp\" class=\"attachment-large size-large wp-image-3532\" alt=\"\" srcset=\"https:\/\/www.okaju.lu\/wp-content\/uploads\/2025\/05\/Art-13-605x800.webp 605w, https:\/\/www.okaju.lu\/wp-content\/uploads\/2025\/05\/Art-13-302x400.webp 302w, https:\/\/www.okaju.lu\/wp-content\/uploads\/2025\/05\/Art-13-768x1016.webp 768w, https:\/\/www.okaju.lu\/wp-content\/uploads\/2025\/05\/Art-13.webp 800w\" sizes=\"(max-width: 605px) 100vw, 605px\" \/>\t\t\t\t\t\t\t\t\t\t\t\t\t\t\t<\/div>\n\t\t\t\t<\/div>\n\t\t\t\t<div class=\"elementor-element elementor-element-c7860bb elementor-widget elementor-widget-text-editor\" data-id=\"c7860bb\" data-element_type=\"widget\" data-e-type=\"widget\" data-widget_type=\"text-editor.default\">\n\t\t\t\t<div class=\"elementor-widget-container\">\n\t\t\t\t\t\t\t\t\t<p><strong>L\u2019article 13<\/strong> de la Convention relative aux droits de l\u2019enfant affirme que chaque enfant a le droit de s\u2019exprimer librement.<\/p><p>Cela veut dire que tu peux partager tes id\u00e9es, tes opinions, tes cr\u00e9ations, par le moyen que tu pr\u00e9f\u00e8res : \u00e0 l\u2019oral, par \u00e9crit, en dessin, en vid\u00e9o ou autrement !<\/p>\t\t\t\t\t\t\t\t<\/div>\n\t\t\t\t<\/div>\n\t\t\t\t<div class=\"elementor-element elementor-element-560b16d elementor-widget-divider--view-line_icon elementor-widget-divider--element-align-left elementor-view-default elementor-widget elementor-widget-divider\" data-id=\"560b16d\" data-element_type=\"widget\" data-e-type=\"widget\" data-widget_type=\"divider.default\">\n\t\t\t\t<div class=\"elementor-widget-container\">\n\t\t\t\t\t\t\t<div class=\"elementor-divider\">\n\t\t\t<span class=\"elementor-divider-separator\">\n\t\t\t\t\t\t\t<div class=\"elementor-icon elementor-divider__element\">\n\t\t\t\t\t<\/div>\n\t\t\t\t\t\t<\/span>\n\t\t<\/div>\n\t\t\t\t\t\t<\/div>\n\t\t\t\t<\/div>\n\t\t\t\t<\/div>\n\t\t<div class=\"elementor-element elementor-element-eebd810 e-con-full e-flex e-con e-child\" data-id=\"eebd810\" data-element_type=\"container\" data-e-type=\"container\">\n\t\t\t\t<div class=\"elementor-element elementor-element-2c2141f elementor-widget elementor-widget-text-editor\" data-id=\"2c2141f\" data-element_type=\"widget\" data-e-type=\"widget\" data-widget_type=\"text-editor.default\">\n\t\t\t\t<div class=\"elementor-widget-container\">\n\t\t\t\t\t\t\t\t\t<h5>Ombudsman fir Kanner a Jugendlecher<\/h5><p>Maison des Droits de l&#8217;homme<br \/>65, route d&#8217;Arlon<br \/>L-1140 Luxembourg<\/p>\t\t\t\t\t\t\t\t<\/div>\n\t\t\t\t<\/div>\n\t\t\t\t<\/div>\n\t\t<div class=\"elementor-element elementor-element-2a18410 e-con-full e-flex e-con e-child\" data-id=\"2a18410\" data-element_type=\"container\" data-e-type=\"container\">\n\t\t\t\t<div class=\"elementor-element elementor-element-a143a61 elementor-list-item-link-inline elementor-align-start elementor-icon-list--layout-traditional elementor-widget elementor-widget-icon-list\" data-id=\"a143a61\" data-element_type=\"widget\" data-e-type=\"widget\" data-widget_type=\"icon-list.default\">\n\t\t\t\t<div class=\"elementor-widget-container\">\n\t\t\t\t\t\t\t<ul class=\"elementor-icon-list-items\">\n\t\t\t\t\t\t\t<li class=\"elementor-icon-list-item\">\n\t\t\t\t\t\t\t\t\t\t\t<a href=\"mailto:contact@okaju.lu\">\n\n\t\t\t\t\t\t\t\t\t\t\t\t<span class=\"elementor-icon-list-icon\">\n\t\t\t\t\t\t\t<svg aria-hidden=\"true\" class=\"e-font-icon-svg e-far-envelope\" viewBox=\"0 0 512 512\" xmlns=\"http:\/\/www.w3.org\/2000\/svg\"><path d=\"M464 64H48C21.49 64 0 85.49 0 112v288c0 26.51 21.49 48 48 48h416c26.51 0 48-21.49 48-48V112c0-26.51-21.49-48-48-48zm0 48v40.805c-22.422 18.259-58.168 46.651-134.587 106.49-16.841 13.247-50.201 45.072-73.413 44.701-23.208.375-56.579-31.459-73.413-44.701C106.18 199.465 70.425 171.067 48 152.805V112h416zM48 400V214.398c22.914 18.251 55.409 43.862 104.938 82.646 21.857 17.205 60.134 55.186 103.062 54.955 42.717.231 80.509-37.199 103.053-54.947 49.528-38.783 82.032-64.401 104.947-82.653V400H48z\"><\/path><\/svg>\t\t\t\t\t\t<\/span>\n\t\t\t\t\t\t\t\t\t\t<span class=\"elementor-icon-list-text\">contact@okaju.lu<\/span>\n\t\t\t\t\t\t\t\t\t\t\t<\/a>\n\t\t\t\t\t\t\t\t\t<\/li>\n\t\t\t\t\t\t\t\t<li class=\"elementor-icon-list-item\">\n\t\t\t\t\t\t\t\t\t\t\t<a href=\"\">\n\n\t\t\t\t\t\t\t\t\t\t\t\t<span class=\"elementor-icon-list-icon\">\n\t\t\t\t\t\t\t<svg aria-hidden=\"true\" class=\"e-font-icon-svg e-fas-phone-alt\" viewBox=\"0 0 512 512\" xmlns=\"http:\/\/www.w3.org\/2000\/svg\"><path d=\"M497.39 361.8l-112-48a24 24 0 0 0-28 6.9l-49.6 60.6A370.66 370.66 0 0 1 130.6 204.11l60.6-49.6a23.94 23.94 0 0 0 6.9-28l-48-112A24.16 24.16 0 0 0 122.6.61l-104 24A24 24 0 0 0 0 48c0 256.5 207.9 464 464 464a24 24 0 0 0 23.4-18.6l24-104a24.29 24.29 0 0 0-14.01-27.6z\"><\/path><\/svg>\t\t\t\t\t\t<\/span>\n\t\t\t\t\t\t\t\t\t\t<span class=\"elementor-icon-list-text\">28 37 36 35<\/span>\n\t\t\t\t\t\t\t\t\t\t\t<\/a>\n\t\t\t\t\t\t\t\t\t<\/li>\n\t\t\t\t\t\t<\/ul>\n\t\t\t\t\t\t<\/div>\n\t\t\t\t<\/div>\n\t\t\t\t<\/div>\n\t\t\t\t<\/div>\n\t\t\t\t\t<\/div>\n\t\t\t\t<\/div>\n\t\t\t\t<\/div>\n\t\t","protected":false},"excerpt":{"rendered":"<p>Art.13 Appel \u00e0 contributions Garantir aux enfants le droit de s\u2019exprimer librement Ta voix compte Vous avez v\u00e9cu une exp\u00e9rience marquante, inspirante ou bouleversante en lien avec l\u2019inclusion, l\u2019\u00e9ducation, les soins, ou le quotidien d\u2019un enfant ou jeune en situation de handicap ?\u00a0 Nous recueillons vos t\u00e9moignages \u2013 qu\u2019ils soient courts ou longs, anonymes ou [&hellip;]<\/p>\n","protected":false},"author":4,"featured_media":3550,"parent":0,"menu_order":0,"comment_status":"closed","ping_status":"closed","template":"","meta":{"_acf_changed":false,"footnotes":""},"article-cdie":[],"dossier":[],"class_list":["post-5707","page","type-page","status-publish","has-post-thumbnail","hentry"],"acf":[],"_links":{"self":[{"href":"https:\/\/www.okaju.lu\/pt-pt\/wp-json\/wp\/v2\/pages\/5707","targetHints":{"allow":["GET"]}}],"collection":[{"href":"https:\/\/www.okaju.lu\/pt-pt\/wp-json\/wp\/v2\/pages"}],"about":[{"href":"https:\/\/www.okaju.lu\/pt-pt\/wp-json\/wp\/v2\/types\/page"}],"author":[{"embeddable":true,"href":"https:\/\/www.okaju.lu\/pt-pt\/wp-json\/wp\/v2\/users\/4"}],"replies":[{"embeddable":true,"href":"https:\/\/www.okaju.lu\/pt-pt\/wp-json\/wp\/v2\/comments?post=5707"}],"version-history":[{"count":20,"href":"https:\/\/www.okaju.lu\/pt-pt\/wp-json\/wp\/v2\/pages\/5707\/revisions"}],"predecessor-version":[{"id":8446,"href":"https:\/\/www.okaju.lu\/pt-pt\/wp-json\/wp\/v2\/pages\/5707\/revisions\/8446"}],"wp:featuredmedia":[{"embeddable":true,"href":"https:\/\/www.okaju.lu\/pt-pt\/wp-json\/wp\/v2\/media\/3550"}],"wp:attachment":[{"href":"https:\/\/www.okaju.lu\/pt-pt\/wp-json\/wp\/v2\/media?parent=5707"}],"wp:term":[{"taxonomy":"article-cdie","embeddable":true,"href":"https:\/\/www.okaju.lu\/pt-pt\/wp-json\/wp\/v2\/article-cdie?post=5707"},{"taxonomy":"dossier","embeddable":true,"href":"https:\/\/www.okaju.lu\/pt-pt\/wp-json\/wp\/v2\/dossier?post=5707"}],"curies":[{"name":"wp","href":"https:\/\/api.w.org\/{rel}","templated":true}]}}