{"id":7223,"date":"2025-12-04T10:08:22","date_gmt":"2025-12-04T09:08:22","guid":{"rendered":"https:\/\/www.okaju.lu\/?page_id=7223"},"modified":"2026-03-04T11:19:13","modified_gmt":"2026-03-04T10:19:13","slug":"les-enfants-en-situation-de-precarite","status":"publish","type":"page","link":"https:\/\/www.okaju.lu\/pt-pt\/les-enfants-en-situation-de-precarite\/","title":{"rendered":"Les enfants en situation de pr\u00e9carit\u00e9"},"content":{"rendered":"\t\t<div data-elementor-type=\"wp-page\" data-elementor-id=\"7223\" class=\"elementor elementor-7223\" data-elementor-post-type=\"page\">\n\t\t\t\t<div class=\"elementor-element elementor-element-7bce9d2 e-flex e-con-boxed e-con e-parent\" data-id=\"7bce9d2\" data-element_type=\"container\" data-e-type=\"container\" data-settings=\"{&quot;background_background&quot;:&quot;classic&quot;}\">\n\t\t\t\t\t<div class=\"e-con-inner\">\n\t\t\t\t<div class=\"elementor-element elementor-element-77fc78a elementor-widget elementor-widget-heading\" data-id=\"77fc78a\" data-element_type=\"widget\" data-e-type=\"widget\" data-widget_type=\"heading.default\">\n\t\t\t\t<div class=\"elementor-widget-container\">\n\t\t\t\t\t<h2 class=\"elementor-heading-title elementor-size-default\">Dossier th\u00e9matique<\/h2>\t\t\t\t<\/div>\n\t\t\t\t<\/div>\n\t\t\t\t<div class=\"elementor-element elementor-element-34ab327 elementor-widget elementor-widget-heading\" data-id=\"34ab327\" data-element_type=\"widget\" data-e-type=\"widget\" data-widget_type=\"heading.default\">\n\t\t\t\t<div class=\"elementor-widget-container\">\n\t\t\t\t\t<h2 class=\"elementor-heading-title elementor-size-default\">Pr\u00e9carit\u00e9<\/h2>\t\t\t\t<\/div>\n\t\t\t\t<\/div>\n\t\t\t\t<div class=\"elementor-element elementor-element-eb241d5 elementor-widget__width-initial elementor-widget elementor-widget-heading\" data-id=\"eb241d5\" data-element_type=\"widget\" data-e-type=\"widget\" data-widget_type=\"heading.default\">\n\t\t\t\t<div class=\"elementor-widget-container\">\n\t\t\t\t\t<h2 class=\"elementor-heading-title elementor-size-default\">Enfants en situation de pr\u00e9carit\u00e9<\/h2>\t\t\t\t<\/div>\n\t\t\t\t<\/div>\n\t\t\t\t<div class=\"elementor-element elementor-element-1a28938 elementor-widget elementor-widget-heading\" data-id=\"1a28938\" data-element_type=\"widget\" data-e-type=\"widget\" data-widget_type=\"heading.default\">\n\t\t\t\t<div class=\"elementor-widget-container\">\n\t\t\t\t\t<h2 class=\"elementor-heading-title elementor-size-default\">Source : Rapport Annuel 2025<\/h2>\t\t\t\t<\/div>\n\t\t\t\t<\/div>\n\t\t\t\t\t<\/div>\n\t\t\t\t<\/div>\n\t\t<div class=\"elementor-element elementor-element-aa5013b e-flex e-con-boxed e-con e-parent\" data-id=\"aa5013b\" data-element_type=\"container\" data-e-type=\"container\">\n\t\t\t\t\t<div class=\"e-con-inner\">\n\t\t<div class=\"elementor-element elementor-element-2f8ac28 e-con-full e-flex e-con e-child\" data-id=\"2f8ac28\" data-element_type=\"container\" data-e-type=\"container\">\n\t\t\t\t<div class=\"elementor-element elementor-element-bdfe58f elementor-widget elementor-widget-testimonial\" data-id=\"bdfe58f\" data-element_type=\"widget\" data-e-type=\"widget\" data-widget_type=\"testimonial.default\">\n\t\t\t\t<div class=\"elementor-widget-container\">\n\t\t\t\t\t\t\t<div class=\"elementor-testimonial-wrapper\">\n\t\t\t\t\t\t\t<div class=\"elementor-testimonial-content\">Jetzt im Erwachensenalter wohne ich in einer Mutter-Kind Gruppe mit meiner kleinen Tochter. Hier f\u00fchle ich mich sicher und geborgen. Im Alltag bekomme ich sehr viel Unterst\u00fctzung von meinen Erzieherinnen, da es nicht einfach ist alleinerziehende Mutter zu sein. Im Moment muss ich mit wenig Geld zurecht kommen, nat\u00fcrlich bekomme ich Unterst\u00fctzung von der Gruppe. Trotzdem macht mir die finanzielle Lage Sorgen, da ich auch eine Tochter habe die verschiedenes ben\u00f6tigt.\u00a0<\/div>\n\t\t\t\n\t\t\t\t\t\t<div class=\"elementor-testimonial-meta elementor-has-image elementor-testimonial-image-position-aside\">\n\t\t\t\t<div class=\"elementor-testimonial-meta-inner\">\n\t\t\t\t\t\t\t\t\t\t\t<div class=\"elementor-testimonial-image\">\n\t\t\t\t\t\t\t<img fetchpriority=\"high\" decoding=\"async\" width=\"1290\" height=\"1028\" src=\"https:\/\/www.okaju.lu\/wp-content\/uploads\/2025\/07\/HibOKAJU_v01-e1753263933532.webp\" class=\"attachment-full size-full wp-image-4092\" alt=\"Illustration, Hibou de l&#039;OKAJU\" srcset=\"https:\/\/www.okaju.lu\/wp-content\/uploads\/2025\/07\/HibOKAJU_v01-e1753263933532.webp 1290w, https:\/\/www.okaju.lu\/wp-content\/uploads\/2025\/07\/HibOKAJU_v01-e1753263933532-502x400.webp 502w, https:\/\/www.okaju.lu\/wp-content\/uploads\/2025\/07\/HibOKAJU_v01-e1753263933532-1004x800.webp 1004w, https:\/\/www.okaju.lu\/wp-content\/uploads\/2025\/07\/HibOKAJU_v01-e1753263933532-768x612.webp 768w\" sizes=\"(max-width: 1290px) 100vw, 1290px\" \/>\t\t\t\t\t\t<\/div>\n\t\t\t\t\t\n\t\t\t\t\t\t\t\t\t\t<div class=\"elementor-testimonial-details\">\n\t\t\t\t\t\t\t\t\t\t\t\t\t\t<div class=\"elementor-testimonial-name\">T\u00e9moignage d\u2019une jeune sur la pr\u00e9carit\u00e9 (appel \u00e0 t\u00e9moignages de l\u2019OKAJU, 2025)<\/div>\n\t\t\t\t\t\t\t\t\t\t\t\t\t\t\t\t\t\t\t<\/div>\n\t\t\t\t\t\t\t\t\t<\/div>\n\t\t\t<\/div>\n\t\t\t\t\t<\/div>\n\t\t\t\t\t\t<\/div>\n\t\t\t\t<\/div>\n\t\t<div class=\"elementor-element elementor-element-8ce04b6 e-con-full e-flex e-con e-child\" data-id=\"8ce04b6\" data-element_type=\"container\" data-e-type=\"container\">\n\t\t<div class=\"elementor-element elementor-element-d0b6cde e-con-full e-flex e-con e-child\" data-id=\"d0b6cde\" data-element_type=\"container\" data-e-type=\"container\">\n\t\t\t\t<div class=\"elementor-element elementor-element-c23bcd8 elementor-widget__width-initial elementor-widget elementor-widget-heading\" data-id=\"c23bcd8\" data-element_type=\"widget\" data-e-type=\"widget\" data-widget_type=\"heading.default\">\n\t\t\t\t<div class=\"elementor-widget-container\">\n\t\t\t\t\t<h2 class=\"elementor-heading-title elementor-size-default\">S\u2019investir pour une exp\u00e9rience positive \ndes enfants dans le respect de leurs droits<\/h2>\t\t\t\t<\/div>\n\t\t\t\t<\/div>\n\t\t\t\t<div class=\"elementor-element elementor-element-95d2dc7 elementor-widget elementor-widget-text-editor\" data-id=\"95d2dc7\" data-element_type=\"widget\" data-e-type=\"widget\" data-widget_type=\"text-editor.default\">\n\t\t\t\t<div class=\"elementor-widget-container\">\n\t\t\t\t\t\t\t\t\t<p>Au Luxembourg, la pr\u00e9carit\u00e9 touche de nombreux enfants et adolescents, influen\u00e7ant leur bien-\u00eatre, leur d\u00e9veloppement et leur acc\u00e8s aux droits fondamentaux. Ce chapitre met en lumi\u00e8re les r\u00e9alit\u00e9s de la pauvret\u00e9 et de l\u2019ins\u00e9curit\u00e9 mat\u00e9rielle, leurs impacts sur la vie quotidienne des jeunes, ainsi que les leviers pour garantir des conditions de vie \u00e9quitables et protectrices.<\/p>\t\t\t\t\t\t\t\t<\/div>\n\t\t\t\t<\/div>\n\t\t\t\t<div class=\"elementor-element elementor-element-c64c1a1 elementor-widget elementor-widget-image\" data-id=\"c64c1a1\" data-element_type=\"widget\" data-e-type=\"widget\" data-widget_type=\"image.default\">\n\t\t\t\t<div class=\"elementor-widget-container\">\n\t\t\t\t\t\t\t\t\t\t\t\t<figure class=\"wp-caption\">\n\t\t\t\t\t\t\t\t\t\t<img decoding=\"async\" width=\"800\" height=\"586\" src=\"https:\/\/www.okaju.lu\/wp-content\/uploads\/2025\/12\/2025Minilenster-6387-1093x800.jpg\" class=\"attachment-large size-large wp-image-7330\" alt=\"Illustration enfantine montrant une famille\" srcset=\"https:\/\/www.okaju.lu\/wp-content\/uploads\/2025\/12\/2025Minilenster-6387-1093x800.jpg 1093w, https:\/\/www.okaju.lu\/wp-content\/uploads\/2025\/12\/2025Minilenster-6387-547x400.jpg 547w, https:\/\/www.okaju.lu\/wp-content\/uploads\/2025\/12\/2025Minilenster-6387-768x562.jpg 768w, https:\/\/www.okaju.lu\/wp-content\/uploads\/2025\/12\/2025Minilenster-6387.jpg 1476w\" sizes=\"(max-width: 800px) 100vw, 800px\" \/>\t\t\t\t\t\t\t\t\t\t\t<figcaption class=\"widget-image-caption wp-caption-text\">Dessin r\u00e9alis\u00e9 par un enfant ayant particip\u00e9 aux activit\u00e9s du Kannerrechtsb\u00fcro \u00e0 Minil\u00ebnster 2025\n<\/figcaption>\n\t\t\t\t\t\t\t\t\t\t<\/figure>\n\t\t\t\t\t\t\t\t\t<\/div>\n\t\t\t\t<\/div>\n\t\t\t\t<div class=\"elementor-element elementor-element-d76bb40 elementor-widget elementor-widget-text-editor\" data-id=\"d76bb40\" data-element_type=\"widget\" data-e-type=\"widget\" data-widget_type=\"text-editor.default\">\n\t\t\t\t<div class=\"elementor-widget-container\">\n\t\t\t\t\t\t\t\t\t<p>L\u2019analyse s\u2019appuie sur des donn\u00e9es recueillies par l\u2019OKAJU, des cadres europ\u00e9ens et internationaux, le v\u00e9cu des enfants et les constats de terrain. Les sources d\u00e9taill\u00e9es sont disponibles dans la version PDF compl\u00e8te du rapport.<\/p>\t\t\t\t\t\t\t\t<\/div>\n\t\t\t\t<\/div>\n\t\t\t\t<div class=\"elementor-element elementor-element-fb4c092 elementor-grid-1 elementor-grid-tablet-2 elementor-grid-mobile-1 elementor-widget elementor-widget-loop-grid\" data-id=\"fb4c092\" data-element_type=\"widget\" data-e-type=\"widget\" data-settings=\"{&quot;template_id&quot;:7240,&quot;columns&quot;:1,&quot;row_gap&quot;:{&quot;unit&quot;:&quot;px&quot;,&quot;size&quot;:0,&quot;sizes&quot;:[]},&quot;_skin&quot;:&quot;post&quot;,&quot;columns_tablet&quot;:&quot;2&quot;,&quot;columns_mobile&quot;:&quot;1&quot;,&quot;edit_handle_selector&quot;:&quot;[data-elementor-type=\\&quot;loop-item\\&quot;]&quot;,&quot;row_gap_tablet&quot;:{&quot;unit&quot;:&quot;px&quot;,&quot;size&quot;:&quot;&quot;,&quot;sizes&quot;:[]},&quot;row_gap_mobile&quot;:{&quot;unit&quot;:&quot;px&quot;,&quot;size&quot;:&quot;&quot;,&quot;sizes&quot;:[]}}\" data-widget_type=\"loop-grid.post\">\n\t\t\t\t<div class=\"elementor-widget-container\">\n\t\t\t\t\t\t\t<div class=\"e-loop-nothing-found-message\">\n\t\t<\/div>\n\t\t\t\t\t\t<\/div>\n\t\t\t\t<\/div>\n\t\t\t\t<div class=\"elementor-element elementor-element-9c0d4f5 elementor-widget elementor-widget-heading\" data-id=\"9c0d4f5\" data-element_type=\"widget\" data-e-type=\"widget\" data-widget_type=\"heading.default\">\n\t\t\t\t<div class=\"elementor-widget-container\">\n\t\t\t\t\t<h2 class=\"elementor-heading-title elementor-size-default\">Publications<\/h2>\t\t\t\t<\/div>\n\t\t\t\t<\/div>\n\t\t\t\t<div class=\"elementor-element elementor-element-3a86773 elementor-grid-1 elementor-grid-tablet-2 elementor-grid-mobile-1 elementor-widget elementor-widget-loop-grid\" data-id=\"3a86773\" data-element_type=\"widget\" data-e-type=\"widget\" data-settings=\"{&quot;template_id&quot;:4141,&quot;columns&quot;:1,&quot;_skin&quot;:&quot;post&quot;,&quot;columns_tablet&quot;:&quot;2&quot;,&quot;columns_mobile&quot;:&quot;1&quot;,&quot;edit_handle_selector&quot;:&quot;[data-elementor-type=\\&quot;loop-item\\&quot;]&quot;,&quot;row_gap&quot;:{&quot;unit&quot;:&quot;px&quot;,&quot;size&quot;:&quot;&quot;,&quot;sizes&quot;:[]},&quot;row_gap_tablet&quot;:{&quot;unit&quot;:&quot;px&quot;,&quot;size&quot;:&quot;&quot;,&quot;sizes&quot;:[]},&quot;row_gap_mobile&quot;:{&quot;unit&quot;:&quot;px&quot;,&quot;size&quot;:&quot;&quot;,&quot;sizes&quot;:[]}}\" data-widget_type=\"loop-grid.post\">\n\t\t\t\t<div class=\"elementor-widget-container\">\n\t\t\t\t\t\t\t<div class=\"e-loop-nothing-found-message\">\n\t\t<\/div>\n\t\t\t\t\t\t<\/div>\n\t\t\t\t<\/div>\n\t\t\t\t<\/div>\n\t\t<div class=\"elementor-element elementor-element-33c764e e-con-full e-flex e-con e-child\" data-id=\"33c764e\" data-element_type=\"container\" data-e-type=\"container\">\n\t\t\t\t<div class=\"elementor-element elementor-element-649d114 elementor-widget elementor-widget-image\" data-id=\"649d114\" data-element_type=\"widget\" data-e-type=\"widget\" data-widget_type=\"image.default\">\n\t\t\t\t<div class=\"elementor-widget-container\">\n\t\t\t\t\t\t\t\t\t\t\t\t\t\t\t<img decoding=\"async\" width=\"563\" height=\"800\" src=\"https:\/\/www.okaju.lu\/wp-content\/uploads\/2025\/11\/Screenshot-2025-11-19-103658-563x800.webp\" class=\"attachment-large size-large wp-image-6896\" alt=\"\" srcset=\"https:\/\/www.okaju.lu\/wp-content\/uploads\/2025\/11\/Screenshot-2025-11-19-103658-563x800.webp 563w, https:\/\/www.okaju.lu\/wp-content\/uploads\/2025\/11\/Screenshot-2025-11-19-103658-281x400.webp 281w, https:\/\/www.okaju.lu\/wp-content\/uploads\/2025\/11\/Screenshot-2025-11-19-103658-768x1092.webp 768w, https:\/\/www.okaju.lu\/wp-content\/uploads\/2025\/11\/Screenshot-2025-11-19-103658.webp 784w\" sizes=\"(max-width: 563px) 100vw, 563px\" \/>\t\t\t\t\t\t\t\t\t\t\t\t\t\t\t<\/div>\n\t\t\t\t<\/div>\n\t\t\t\t<div class=\"elementor-element elementor-element-f085770 elementor-widget elementor-widget-button\" data-id=\"f085770\" data-element_type=\"widget\" data-e-type=\"widget\" data-widget_type=\"button.default\">\n\t\t\t\t<div class=\"elementor-widget-container\">\n\t\t\t\t\t\t\t\t\t<div class=\"elementor-button-wrapper\">\n\t\t\t\t\t<a class=\"elementor-button elementor-button-link elementor-size-sm\" href=\"https:\/\/www.okaju.lu\/2025\/rapport-annuel-2025\/\">\n\t\t\t\t\t\t<span class=\"elementor-button-content-wrapper\">\n\t\t\t\t\t\t<span class=\"elementor-button-icon\">\n\t\t\t\t<svg aria-hidden=\"true\" class=\"e-font-icon-svg e-fas-external-link-alt\" viewBox=\"0 0 512 512\" xmlns=\"http:\/\/www.w3.org\/2000\/svg\"><path d=\"M432,320H400a16,16,0,0,0-16,16V448H64V128H208a16,16,0,0,0,16-16V80a16,16,0,0,0-16-16H48A48,48,0,0,0,0,112V464a48,48,0,0,0,48,48H400a48,48,0,0,0,48-48V336A16,16,0,0,0,432,320ZM488,0h-128c-21.37,0-32.05,25.91-17,41l35.73,35.73L135,320.37a24,24,0,0,0,0,34L157.67,377a24,24,0,0,0,34,0L435.28,133.32,471,169c15,15,41,4.5,41-17V24A24,24,0,0,0,488,0Z\"><\/path><\/svg>\t\t\t<\/span>\n\t\t\t\t\t\t\t\t\t<span class=\"elementor-button-text\">Rapport annuel 2025<\/span>\n\t\t\t\t\t<\/span>\n\t\t\t\t\t<\/a>\n\t\t\t\t<\/div>\n\t\t\t\t\t\t\t\t<\/div>\n\t\t\t\t<\/div>\n\t\t\t\t<div class=\"elementor-element elementor-element-0350b2c elementor-widget elementor-widget-text-editor\" data-id=\"0350b2c\" data-element_type=\"widget\" data-e-type=\"widget\" data-widget_type=\"text-editor.default\">\n\t\t\t\t<div class=\"elementor-widget-container\">\n\t\t\t\t\t\t\t\t\t<p><strong>Ombudsman fir Kanner a Jugendlecher<\/strong><\/p><p>Maison des Droits de l&#8217;homme<br \/>65, route d&#8217;Arlon<br \/>L-1140 Luxembourg<\/p>\t\t\t\t\t\t\t\t<\/div>\n\t\t\t\t<\/div>\n\t\t\t\t<div class=\"elementor-element elementor-element-6e8fe69 elementor-list-item-link-inline elementor-align-start elementor-icon-list--layout-traditional elementor-widget elementor-widget-icon-list\" data-id=\"6e8fe69\" data-element_type=\"widget\" data-e-type=\"widget\" data-widget_type=\"icon-list.default\">\n\t\t\t\t<div class=\"elementor-widget-container\">\n\t\t\t\t\t\t\t<ul class=\"elementor-icon-list-items\">\n\t\t\t\t\t\t\t<li class=\"elementor-icon-list-item\">\n\t\t\t\t\t\t\t\t\t\t\t<a href=\"mailto:contact@okaju.lu\">\n\n\t\t\t\t\t\t\t\t\t\t\t\t<span class=\"elementor-icon-list-icon\">\n\t\t\t\t\t\t\t<svg aria-hidden=\"true\" class=\"e-font-icon-svg e-far-envelope\" viewBox=\"0 0 512 512\" xmlns=\"http:\/\/www.w3.org\/2000\/svg\"><path d=\"M464 64H48C21.49 64 0 85.49 0 112v288c0 26.51 21.49 48 48 48h416c26.51 0 48-21.49 48-48V112c0-26.51-21.49-48-48-48zm0 48v40.805c-22.422 18.259-58.168 46.651-134.587 106.49-16.841 13.247-50.201 45.072-73.413 44.701-23.208.375-56.579-31.459-73.413-44.701C106.18 199.465 70.425 171.067 48 152.805V112h416zM48 400V214.398c22.914 18.251 55.409 43.862 104.938 82.646 21.857 17.205 60.134 55.186 103.062 54.955 42.717.231 80.509-37.199 103.053-54.947 49.528-38.783 82.032-64.401 104.947-82.653V400H48z\"><\/path><\/svg>\t\t\t\t\t\t<\/span>\n\t\t\t\t\t\t\t\t\t\t<span class=\"elementor-icon-list-text\">contact@okaju.lu<\/span>\n\t\t\t\t\t\t\t\t\t\t\t<\/a>\n\t\t\t\t\t\t\t\t\t<\/li>\n\t\t\t\t\t\t\t\t<li class=\"elementor-icon-list-item\">\n\t\t\t\t\t\t\t\t\t\t\t<a href=\"\">\n\n\t\t\t\t\t\t\t\t\t\t\t\t<span class=\"elementor-icon-list-icon\">\n\t\t\t\t\t\t\t<svg aria-hidden=\"true\" class=\"e-font-icon-svg e-fas-phone-alt\" viewBox=\"0 0 512 512\" xmlns=\"http:\/\/www.w3.org\/2000\/svg\"><path d=\"M497.39 361.8l-112-48a24 24 0 0 0-28 6.9l-49.6 60.6A370.66 370.66 0 0 1 130.6 204.11l60.6-49.6a23.94 23.94 0 0 0 6.9-28l-48-112A24.16 24.16 0 0 0 122.6.61l-104 24A24 24 0 0 0 0 48c0 256.5 207.9 464 464 464a24 24 0 0 0 23.4-18.6l24-104a24.29 24.29 0 0 0-14.01-27.6z\"><\/path><\/svg>\t\t\t\t\t\t<\/span>\n\t\t\t\t\t\t\t\t\t\t<span class=\"elementor-icon-list-text\">28 37 36 35<\/span>\n\t\t\t\t\t\t\t\t\t\t\t<\/a>\n\t\t\t\t\t\t\t\t\t<\/li>\n\t\t\t\t\t\t<\/ul>\n\t\t\t\t\t\t<\/div>\n\t\t\t\t<\/div>\n\t\t\t\t<\/div>\n\t\t\t\t<\/div>\n\t\t\t\t<\/div>\n\t\t\t\t\t<\/div>\n\t\t\t\t<\/div>\n\t\t<div class=\"elementor-element elementor-element-ef6b284 e-flex e-con-boxed e-con e-parent\" data-id=\"ef6b284\" data-element_type=\"container\" data-e-type=\"container\">\n\t\t\t\t\t<div class=\"e-con-inner\">\n\t\t\t\t<div class=\"elementor-element elementor-element-15f53ee elementor-widget elementor-widget-spacer\" data-id=\"15f53ee\" data-element_type=\"widget\" data-e-type=\"widget\" data-widget_type=\"spacer.default\">\n\t\t\t\t<div class=\"elementor-widget-container\">\n\t\t\t\t\t\t\t<div class=\"elementor-spacer\">\n\t\t\t<div class=\"elementor-spacer-inner\"><\/div>\n\t\t<\/div>\n\t\t\t\t\t\t<\/div>\n\t\t\t\t<\/div>\n\t\t\t\t\t<\/div>\n\t\t\t\t<\/div>\n\t\t\t\t<\/div>\n\t\t","protected":false},"excerpt":{"rendered":"<p>L\u2019OKAJU souligne l\u2019importance d\u2019un environnement favorable au d\u00e9veloppement de l\u2019enfant,<br \/>\nd\u2019interventions pr\u00e9coces et de mesures sociales cibl\u00e9es<\/p>\n","protected":false},"author":4,"featured_media":3511,"parent":0,"menu_order":0,"comment_status":"closed","ping_status":"closed","template":"","meta":{"_acf_changed":false,"footnotes":""},"article-cdie":[],"dossier":[],"class_list":["post-7223","page","type-page","status-publish","has-post-thumbnail","hentry"],"acf":[],"_links":{"self":[{"href":"https:\/\/www.okaju.lu\/pt-pt\/wp-json\/wp\/v2\/pages\/7223","targetHints":{"allow":["GET"]}}],"collection":[{"href":"https:\/\/www.okaju.lu\/pt-pt\/wp-json\/wp\/v2\/pages"}],"about":[{"href":"https:\/\/www.okaju.lu\/pt-pt\/wp-json\/wp\/v2\/types\/page"}],"author":[{"embeddable":true,"href":"https:\/\/www.okaju.lu\/pt-pt\/wp-json\/wp\/v2\/users\/4"}],"replies":[{"embeddable":true,"href":"https:\/\/www.okaju.lu\/pt-pt\/wp-json\/wp\/v2\/comments?post=7223"}],"version-history":[{"count":81,"href":"https:\/\/www.okaju.lu\/pt-pt\/wp-json\/wp\/v2\/pages\/7223\/revisions"}],"predecessor-version":[{"id":8340,"href":"https:\/\/www.okaju.lu\/pt-pt\/wp-json\/wp\/v2\/pages\/7223\/revisions\/8340"}],"wp:featuredmedia":[{"embeddable":true,"href":"https:\/\/www.okaju.lu\/pt-pt\/wp-json\/wp\/v2\/media\/3511"}],"wp:attachment":[{"href":"https:\/\/www.okaju.lu\/pt-pt\/wp-json\/wp\/v2\/media?parent=7223"}],"wp:term":[{"taxonomy":"article-cdie","embeddable":true,"href":"https:\/\/www.okaju.lu\/pt-pt\/wp-json\/wp\/v2\/article-cdie?post=7223"},{"taxonomy":"dossier","embeddable":true,"href":"https:\/\/www.okaju.lu\/pt-pt\/wp-json\/wp\/v2\/dossier?post=7223"}],"curies":[{"name":"wp","href":"https:\/\/api.w.org\/{rel}","templated":true}]}}