{"id":7918,"date":"2026-02-19T14:17:51","date_gmt":"2026-02-19T13:17:51","guid":{"rendered":"https:\/\/www.okaju.lu\/?page_id=7918"},"modified":"2026-02-19T16:08:42","modified_gmt":"2026-02-19T15:08:42","slug":"plan-du-site","status":"publish","type":"page","link":"https:\/\/www.okaju.lu\/pt-pt\/plan-du-site\/","title":{"rendered":"Plan du site"},"content":{"rendered":"\t\t<div data-elementor-type=\"wp-page\" data-elementor-id=\"7918\" class=\"elementor elementor-7918\" data-elementor-post-type=\"page\">\n\t\t\t\t<div class=\"elementor-element elementor-element-99b885e e-flex e-con-boxed e-con e-parent\" data-id=\"99b885e\" data-element_type=\"container\" data-e-type=\"container\">\n\t\t\t\t\t<div class=\"e-con-inner\">\n\t\t\t\t<div class=\"elementor-element elementor-element-278efc8 elementor-widget elementor-widget-sitemap\" data-id=\"278efc8\" data-element_type=\"widget\" data-e-type=\"widget\" data-widget_type=\"sitemap.default\">\n\t\t\t\t<div class=\"elementor-widget-container\">\n\t\t\t\t\t<div class=\"elementor-sitemap-wrap\"><div class=\"elementor-sitemap-section\"><p class=\"elementor-sitemap-title elementor-sitemap-page-title\">Plan du site<\/p><ul class=\"elementor-sitemap-list elementor-sitemap-page-list\"><li class=\"elementor-sitemap-item elementor-sitemap-item-page page_item page-item-2218\"><a rel=\"nofollow\" href=\"https:\/\/www.okaju.lu\/pt-pt\/100-2\/\">100 Joer Kannerrechter<\/a><ul class='children'><li class=\"elementor-sitemap-item elementor-sitemap-item-page page_item page-item-2489\"><a rel=\"nofollow\" href=\"https:\/\/www.okaju.lu\/pt-pt\/100-2\/1924-2024-la-reconnaissance-de-lenfant-sujet-de-droits-reste-un-enjeu-societal-un-enjeu-democratique\/\">1924-2024 : la reconnaissance de l\u2019enfant sujet de droits reste un enjeu soci\u00e9tal, un enjeu d\u00e9mocratique<\/a><\/li><li class=\"elementor-sitemap-item elementor-sitemap-item-page page_item page-item-2613\"><a rel=\"nofollow\" href=\"https:\/\/www.okaju.lu\/pt-pt\/100-2\/chronologie-des-droits-de-lenfant\/\">Chronologie des droits de l&#8217;enfant<\/a><\/li><li class=\"elementor-sitemap-item elementor-sitemap-item-page page_item page-item-2570\"><a rel=\"nofollow\" href=\"https:\/\/www.okaju.lu\/pt-pt\/100-2\/epilogue\/\">Epilogue<\/a><\/li><li class=\"elementor-sitemap-item elementor-sitemap-item-page page_item page-item-2538\"><a rel=\"nofollow\" href=\"https:\/\/www.okaju.lu\/pt-pt\/100-2\/garantir-les-droits-des-enfants-au-nom-de-la-justice-climatique\/\">Garantir les droits des enfants au nom de la justice climatique<\/a><\/li><li class=\"elementor-sitemap-item elementor-sitemap-item-page page_item page-item-2397\"><a rel=\"nofollow\" href=\"https:\/\/www.okaju.lu\/pt-pt\/100-2\/janusz-korczak-la-declaration-de-geneve-en-question\/\">Janusz Korczak\u202f: la D\u00e9claration de Gen\u00e8ve en question\u00a0<\/a><\/li><li class=\"elementor-sitemap-item elementor-sitemap-item-page page_item page-item-2552\"><a rel=\"nofollow\" href=\"https:\/\/www.okaju.lu\/pt-pt\/100-2\/lincorporation-de-la-convention-internationale-droits-de-lenfant-en-ecosse-un-chantier-de-cent-ans\/\">L\u2019incorporation de la Convention internationale droits de l\u2019enfant en \u00c9cosse\u00a0: un chantier de cent ans<\/a><\/li><li class=\"elementor-sitemap-item elementor-sitemap-item-page page_item page-item-2316\"><a rel=\"nofollow\" href=\"https:\/\/www.okaju.lu\/pt-pt\/100-2\/la-declaration-de-geneve-a-fait-connaitre-les-droits-de-lenfant-mais-avons-nous-fait-des-progres-depuis\/\">La D\u00e9claration de Gen\u00e8ve a fait conna\u00eetre les Droits de l\u2019enfant. Mais avons-nous fait des progr\u00e8s depuis\u00a0?<\/a><\/li><li class=\"elementor-sitemap-item elementor-sitemap-item-page page_item page-item-2525\"><a rel=\"nofollow\" href=\"https:\/\/www.okaju.lu\/pt-pt\/100-2\/la-mise-en-oeuvre-de-la-convention-internationale-des-droits-de-lenfant-succes-veritables-ou-simple-ratification\/\">La mise en \u0153uvre de la Convention internationale des droits de l\u2019enfant\u00a0: succ\u00e8s v\u00e9ritables ou simple ratification\u00a0?<\/a><\/li><li class=\"elementor-sitemap-item elementor-sitemap-item-page page_item page-item-2568\"><a rel=\"nofollow\" href=\"https:\/\/www.okaju.lu\/pt-pt\/100-2\/les-droits-de-lenfant-en-irlande-et-les-20-ans-de-lombudsman-for-childrens-office-des-origines-aux-enjeux-futurs\/\">Les droits de l\u2019enfant en Irlande et les 20 ans de l\u2019Ombudsman for Children\u2019s Office\u00a0: des origines aux enjeux futurs<\/a><\/li><li class=\"elementor-sitemap-item elementor-sitemap-item-page page_item page-item-2470\"><a rel=\"nofollow\" href=\"https:\/\/www.okaju.lu\/pt-pt\/100-2\/les-droits-humains-lenfant-et-la-justice\/\">Les droits humains, l\u2019enfant et la justice<\/a><\/li><li class=\"elementor-sitemap-item elementor-sitemap-item-page page_item page-item-2512\"><a rel=\"nofollow\" href=\"https:\/\/www.okaju.lu\/pt-pt\/100-2\/les-enfants-en-zone-de-conflit-reves-et-realites\/\">Les enfants en zone de conflit\u00a0: r\u00eaves et r\u00e9alit\u00e9s<\/a><\/li><li class=\"elementor-sitemap-item elementor-sitemap-item-page page_item page-item-2285\"><a rel=\"nofollow\" href=\"https:\/\/www.okaju.lu\/pt-pt\/100-2\/un-centenaire-est-loccasion-de-faire-le-bilan\/\">Un centenaire est l\u2019occasion de faire le bilan<\/a><\/li><li class=\"elementor-sitemap-item elementor-sitemap-item-page page_item page-item-2303\"><a rel=\"nofollow\" href=\"https:\/\/www.okaju.lu\/pt-pt\/100-2\/un-siecle-de-droits-de-lenfant-un-heritage-et-un-engagement-international-a-lepreuve-du-temps\/\">Un si\u00e8cle de droits de l\u2019enfant\u00a0: un h\u00e9ritage et un engagement international \u00e0 l\u2019\u00e9preuve du temps<\/a><\/li><\/ul><\/li><li class=\"elementor-sitemap-item elementor-sitemap-item-page page_item page-item-8452\"><a rel=\"nofollow\" href=\"https:\/\/www.okaju.lu\/pt-pt\/accessibility-statement-2\/\">Accessibility statement<\/a><\/li><li class=\"elementor-sitemap-item elementor-sitemap-item-page page_item page-item-1530\"><a rel=\"nofollow\" href=\"https:\/\/www.okaju.lu\/pt-pt\/publications-2\/\">Actualit\u00e9s \u00e0 la Une<\/a><ul class='children'><li class=\"elementor-sitemap-item elementor-sitemap-item-page page_item page-item-4893\"><a rel=\"nofollow\" href=\"https:\/\/www.okaju.lu\/pt-pt\/publications-2\/actualites-comm\/\">Actualit\u00e9s<\/a><\/li><li class=\"elementor-sitemap-item elementor-sitemap-item-page page_item page-item-4932\"><a rel=\"nofollow\" href=\"https:\/\/www.okaju.lu\/pt-pt\/publications-2\/avis-juridiques-2\/\">Avis juridiques<\/a><\/li><li class=\"elementor-sitemap-item elementor-sitemap-item-page page_item page-item-5215\"><a rel=\"nofollow\" href=\"https:\/\/www.okaju.lu\/pt-pt\/publications-2\/actualites\/\">Events<\/a><\/li><li class=\"elementor-sitemap-item elementor-sitemap-item-page page_item page-item-5575\"><a rel=\"nofollow\" href=\"https:\/\/www.okaju.lu\/pt-pt\/publications-2\/formations\/\">Formations<\/a><\/li><li class=\"elementor-sitemap-item elementor-sitemap-item-page page_item page-item-5130\"><a rel=\"nofollow\" href=\"https:\/\/www.okaju.lu\/pt-pt\/publications-2\/publications-de-lokaju\/\">Publications de l&#8217;OKAJU<\/a><\/li><li class=\"elementor-sitemap-item elementor-sitemap-item-page page_item page-item-4988\"><a rel=\"nofollow\" href=\"https:\/\/www.okaju.lu\/pt-pt\/publications-2\/rapports\/\">Rapports<\/a><\/li><li class=\"elementor-sitemap-item elementor-sitemap-item-page page_item page-item-4976\"><a rel=\"nofollow\" href=\"https:\/\/www.okaju.lu\/pt-pt\/publications-2\/recommandations-generales\/\">Recommandations g\u00e9n\u00e9rales<\/a><\/li><\/ul><\/li><li class=\"elementor-sitemap-item elementor-sitemap-item-page page_item page-item-5707\"><a rel=\"nofollow\" href=\"https:\/\/www.okaju.lu\/pt-pt\/main-contributions\/\">Appels \u00e0 contributions<\/a><\/li><li class=\"elementor-sitemap-item elementor-sitemap-item-page page_item page-item-4032\"><a rel=\"nofollow\" href=\"https:\/\/www.okaju.lu\/pt-pt\/avis-juridiques\/\">Avis juridiques OLD<\/a><\/li><li class=\"elementor-sitemap-item elementor-sitemap-item-page page_item page-item-5401\"><a rel=\"nofollow\" href=\"https:\/\/www.okaju.lu\/pt-pt\/contact\/\">Contact<\/a><\/li><li class=\"elementor-sitemap-item elementor-sitemap-item-page page_item page-item-207\"><a rel=\"nofollow\" href=\"https:\/\/www.okaju.lu\/pt-pt\/cookies\/\">Cookies<\/a><\/li><li class=\"elementor-sitemap-item elementor-sitemap-item-page page_item page-item-3729\"><a rel=\"nofollow\" href=\"https:\/\/www.okaju.lu\/pt-pt\/decouvrez-tous-les-droits-des-enfants\/\">D\u00e9couvrez tous les droits des enfants<\/a><\/li><li class=\"elementor-sitemap-item elementor-sitemap-item-page page_item page-item-231\"><a rel=\"nofollow\" href=\"https:\/\/www.okaju.lu\/pt-pt\/droits-de-lenfant\/\">Droits de l&#8217;enfant<\/a><ul class='children'><li class=\"elementor-sitemap-item elementor-sitemap-item-page page_item page-item-4006\"><a rel=\"nofollow\" href=\"https:\/\/www.okaju.lu\/pt-pt\/droits-de-lenfant\/acces-a-la-justice\/\">Acc\u00e8s \u00e0 la justice<\/a><\/li><li class=\"elementor-sitemap-item elementor-sitemap-item-page page_item page-item-4115\"><a rel=\"nofollow\" href=\"https:\/\/www.okaju.lu\/pt-pt\/droits-de-lenfant\/la-protection-des-enfants-contre-les-violences\/\">La protection des enfants contre les violences<\/a><\/li><li class=\"elementor-sitemap-item elementor-sitemap-item-page page_item page-item-7391\"><a rel=\"nofollow\" href=\"https:\/\/www.okaju.lu\/pt-pt\/droits-de-lenfant\/la-protection-des-enfants-en-environnement-numerique\/\">La protection des enfants en environnement num\u00e9rique<\/a><\/li><li class=\"elementor-sitemap-item elementor-sitemap-item-page page_item page-item-6404\"><a rel=\"nofollow\" href=\"https:\/\/www.okaju.lu\/pt-pt\/droits-de-lenfant\/sante\/\">Les enfants dans  le monde de la sant\u00e9<\/a><\/li><li class=\"elementor-sitemap-item elementor-sitemap-item-page page_item page-item-5673\"><a rel=\"nofollow\" href=\"https:\/\/www.okaju.lu\/pt-pt\/droits-de-lenfant\/une-societe-inclusive-cest-une-societe-qui-ecoute-ses-enfants\/\">Une soci\u00e9t\u00e9 inclusive, c\u2019est une soci\u00e9t\u00e9 qui \u00e9coute ses enfants<\/a><\/li><\/ul><\/li><li class=\"elementor-sitemap-item elementor-sitemap-item-page page_item page-item-7026\"><a rel=\"nofollow\" href=\"https:\/\/www.okaju.lu\/pt-pt\/faq-2\/\">FAQ<\/a><\/li><li class=\"elementor-sitemap-item elementor-sitemap-item-page page_item page-item-28\"><a rel=\"nofollow\" href=\"https:\/\/www.okaju.lu\/pt-pt\/\">Home<\/a><\/li><li class=\"elementor-sitemap-item elementor-sitemap-item-page page_item page-item-4085\"><a rel=\"nofollow\" href=\"https:\/\/www.okaju.lu\/pt-pt\/inclusion-des-enfants-et-des-jeunes-suse25\/\">Inclusion des enfants et des jeunes &#8211; SuSe25<\/a><\/li><li class=\"elementor-sitemap-item elementor-sitemap-item-page page_item page-item-4808\"><a rel=\"nofollow\" href=\"https:\/\/www.okaju.lu\/pt-pt\/inscription\/\">Inscription<\/a><\/li><li class=\"elementor-sitemap-item elementor-sitemap-item-page page_item page-item-1002\"><a rel=\"nofollow\" href=\"https:\/\/www.okaju.lu\/pt-pt\/lanceurs-dalerte\/\">Lanceurs d&#8217;alerte<\/a><\/li><li class=\"elementor-sitemap-item elementor-sitemap-item-page page_item page-item-7223\"><a rel=\"nofollow\" href=\"https:\/\/www.okaju.lu\/pt-pt\/les-enfants-en-situation-de-precarite\/\">Les enfants en situation de pr\u00e9carit\u00e9<\/a><\/li><li class=\"elementor-sitemap-item elementor-sitemap-item-page page_item page-item-204\"><a rel=\"nofollow\" href=\"https:\/\/www.okaju.lu\/pt-pt\/mentions-legales\/\">Mentions L\u00e9gales<\/a><\/li><li class=\"elementor-sitemap-item elementor-sitemap-item-page page_item page-item-8705\"><a rel=\"nofollow\" href=\"https:\/\/www.okaju.lu\/pt-pt\/newsletter\/\">Newsletter<\/a><\/li><li class=\"elementor-sitemap-item elementor-sitemap-item-page page_item page-item-225\"><a rel=\"nofollow\" href=\"https:\/\/www.okaju.lu\/pt-pt\/les-missions-de-l-okaju\/\">Okaju<\/a><\/li><li class=\"elementor-sitemap-item elementor-sitemap-item-page page_item page-item-8994\"><a rel=\"nofollow\" href=\"https:\/\/www.okaju.lu\/pt-pt\/pk\/\">PK<\/a><\/li><li class=\"elementor-sitemap-item elementor-sitemap-item-page page_item page-item-7918\"><a rel=\"nofollow\" href=\"https:\/\/www.okaju.lu\/pt-pt\/plan-du-site\/\">Plan du site<\/a><\/li><li class=\"elementor-sitemap-item elementor-sitemap-item-page page_item page-item-1034\"><a rel=\"nofollow\" href=\"https:\/\/www.okaju.lu\/pt-pt\/politique-de-confidentialite\/\">Politique de confidentialit\u00e9<\/a><\/li><li class=\"elementor-sitemap-item elementor-sitemap-item-page page_item page-item-7662\"><a rel=\"nofollow\" href=\"https:\/\/www.okaju.lu\/pt-pt\/recommandations-de-lokaju\/\">Recommandations de l&#8217;OKAJU<\/a><\/li><li class=\"elementor-sitemap-item elementor-sitemap-item-page page_item page-item-236\"><a rel=\"nofollow\" href=\"https:\/\/www.okaju.lu\/pt-pt\/relations-internationales\/\">Relations Internationales<\/a><\/li><li class=\"elementor-sitemap-item elementor-sitemap-item-page page_item page-item-2144\"><a rel=\"nofollow\" href=\"https:\/\/www.okaju.lu\/pt-pt\/ressources\/\">Ressources<\/a><\/li><li class=\"elementor-sitemap-item elementor-sitemap-item-page page_item page-item-228\"><a rel=\"nofollow\" href=\"https:\/\/www.okaju.lu\/pt-pt\/saisir-lokaju\/\">Saisir l&#8217;OKAJU<\/a><\/li><li class=\"elementor-sitemap-item elementor-sitemap-item-page page_item page-item-1492\"><a rel=\"nofollow\" href=\"https:\/\/www.okaju.lu\/pt-pt\/oya\/\">Young Advisors Program<\/a><\/li><\/ul><\/div><\/div>\t\t\t\t<\/div>\n\t\t\t\t<\/div>\n\t\t\t\t\t<\/div>\n\t\t\t\t<\/div>\n\t\t\t\t<\/div>\n\t\t","protected":false},"excerpt":{"rendered":"","protected":false},"author":4,"featured_media":0,"parent":0,"menu_order":0,"comment_status":"closed","ping_status":"closed","template":"","meta":{"_acf_changed":false,"footnotes":""},"article-cdie":[],"dossier":[],"class_list":["post-7918","page","type-page","status-publish","hentry"],"acf":[],"_links":{"self":[{"href":"https:\/\/www.okaju.lu\/pt-pt\/wp-json\/wp\/v2\/pages\/7918","targetHints":{"allow":["GET"]}}],"collection":[{"href":"https:\/\/www.okaju.lu\/pt-pt\/wp-json\/wp\/v2\/pages"}],"about":[{"href":"https:\/\/www.okaju.lu\/pt-pt\/wp-json\/wp\/v2\/types\/page"}],"author":[{"embeddable":true,"href":"https:\/\/www.okaju.lu\/pt-pt\/wp-json\/wp\/v2\/users\/4"}],"replies":[{"embeddable":true,"href":"https:\/\/www.okaju.lu\/pt-pt\/wp-json\/wp\/v2\/comments?post=7918"}],"version-history":[{"count":7,"href":"https:\/\/www.okaju.lu\/pt-pt\/wp-json\/wp\/v2\/pages\/7918\/revisions"}],"predecessor-version":[{"id":7971,"href":"https:\/\/www.okaju.lu\/pt-pt\/wp-json\/wp\/v2\/pages\/7918\/revisions\/7971"}],"wp:attachment":[{"href":"https:\/\/www.okaju.lu\/pt-pt\/wp-json\/wp\/v2\/media?parent=7918"}],"wp:term":[{"taxonomy":"article-cdie","embeddable":true,"href":"https:\/\/www.okaju.lu\/pt-pt\/wp-json\/wp\/v2\/article-cdie?post=7918"},{"taxonomy":"dossier","embeddable":true,"href":"https:\/\/www.okaju.lu\/pt-pt\/wp-json\/wp\/v2\/dossier?post=7918"}],"curies":[{"name":"wp","href":"https:\/\/api.w.org\/{rel}","templated":true}]}}